{"id":28665,"date":"2021-10-13T20:38:57","date_gmt":"2021-10-13T18:38:57","guid":{"rendered":"http:\/\/www.zsvyhlidka.cz\/?page_id=28665"},"modified":"2021-10-13T20:38:58","modified_gmt":"2021-10-13T18:38:58","slug":"podzimni-prochazka-do-minizoo","status":"publish","type":"page","link":"https:\/\/www.zsvyhlidka.cz\/?page_id=28665","title":{"rendered":"Podzimn\u00ed proch\u00e1zka do minizoo"},"content":{"rendered":"\n<p>Posledn\u00ed z\u00e1\u0159ijov\u00e9 odpoledne jsme se s&nbsp;d\u011btmi 2. a 3. odd\u011blen\u00ed \u0161koln\u00ed dru\u017einy vypravili na podzimn\u00ed proch\u00e1zku.<\/p>\n\n\n\n<p>Nav\u0161t\u00edvili jsme Fauna park \u2013 D\u011btsk\u00fd r\u00e1j na \u0160t\u011bp\u00e1nov\u011b ve Vala\u0161sk\u00e9m Mezi\u0159\u00ed\u010d\u00ed.<\/p>\n\n\n\n<p>Cestou jsme se v\u011bnovali pozorov\u00e1n\u00ed podzimn\u00ed krajiny a sb\u011brem p\u0159\u00edrodn\u00edch materi\u00e1l\u016f na v\u00fdtvarn\u00e9 tvo\u0159en\u00ed v&nbsp;r\u00e1mci \u0161koln\u00ed dru\u017einy. V&nbsp;c\u00edli na\u0161\u00ed v\u00fdpravy d\u011bti posva\u010dily a po kr\u00e1tk\u00e9m odpo\u010dinku se v\u011bnovaly prohl\u00eddce minizoo. M\u011bly mo\u017enost zhl\u00e9dnout p\u0159es 20 druh\u016f zv\u00ed\u0159at nap\u0159.<\/p>\n\n\n\n<p>veverky, pon\u00edka, \u017eelvy, p\u0161trosy, kozy i exotick\u00e9 ptactvo. Nejv\u011bt\u0161\u00ed \u00fasp\u011bch m\u011blo ml\u00e1d\u011b lamy, kter\u00e9 d\u011btem p\u0159ipom\u00ednalo \u201eply\u0161\u00e1ka\u201c. B\u011bhem prohl\u00eddky \u017e\u00e1ci s&nbsp;radost\u00ed krmili zv\u00ed\u0159\u00e1tka zakoupen\u00fdm krmivem.<\/p>\n\n\n\n<p>I kdy\u017e si ob\u010das s&nbsp;n\u00e1mi hr\u00e1lo slun\u00ed\u010dko na schov\u00e1vanou, podzimn\u00ed proch\u00e1zku jsme si v\u0161ichni velmi u\u017eili. U\u017e nyn\u00ed se t\u011b\u0161\u00edme na dal\u0161\u00ed spole\u010dnou akci.<\/p>\n\n\n\n<p><\/p>\n\n\n\n<p>Romana Kacht\u00edkov\u00e1, Ing. Veronika Va\u0161\u00ed\u010dkov\u00e1 \u2013 vychovatelky \u0160D <\/p>\n\n\n\n<p><\/p>\n\n\n\n<figure class=\"wp-container-2 wp-block-gallery-1 wp-block-gallery columns-3 is-cropped\"><ul class=\"blocks-gallery-grid\"><li class=\"blocks-gallery-item\"><figure><a href=\"http:\/\/www.zsvyhlidka.cz\/wp-content\/uploads\/2021\/10\/sd-081.jpg\"><img loading=\"lazy\" width=\"1024\" height=\"768\" src=\"http:\/\/www.zsvyhlidka.cz\/wp-content\/uploads\/2021\/10\/sd-081-1024x768.jpg\" alt=\"\" data-id=\"28671\" data-full-url=\"http:\/\/www.zsvyhlidka.cz\/wp-content\/uploads\/2021\/10\/sd-081.jpg\" data-link=\"http:\/\/www.zsvyhlidka.cz\/?attachment_id=28671\" class=\"wp-image-28671\" srcset=\"https:\/\/www.zsvyhlidka.cz\/wp-content\/uploads\/2021\/10\/sd-081-1024x768.jpg 1024w, https:\/\/www.zsvyhlidka.cz\/wp-content\/uploads\/2021\/10\/sd-081-300x225.jpg 300w, https:\/\/www.zsvyhlidka.cz\/wp-content\/uploads\/2021\/10\/sd-081-768x576.jpg 768w, https:\/\/www.zsvyhlidka.cz\/wp-content\/uploads\/2021\/10\/sd-081-360x270.jpg 360w, https:\/\/www.zsvyhlidka.cz\/wp-content\/uploads\/2021\/10\/sd-081.jpg 1488w\" sizes=\"(max-width: 1024px) 100vw, 1024px\" \/><\/a><\/figure><\/li><li class=\"blocks-gallery-item\"><figure><a href=\"http:\/\/www.zsvyhlidka.cz\/wp-content\/uploads\/2021\/10\/sd-075.jpg\"><img loading=\"lazy\" width=\"1024\" height=\"768\" src=\"http:\/\/www.zsvyhlidka.cz\/wp-content\/uploads\/2021\/10\/sd-075-1024x768.jpg\" alt=\"\" data-id=\"28670\" data-full-url=\"http:\/\/www.zsvyhlidka.cz\/wp-content\/uploads\/2021\/10\/sd-075.jpg\" data-link=\"http:\/\/www.zsvyhlidka.cz\/?attachment_id=28670\" class=\"wp-image-28670\" srcset=\"https:\/\/www.zsvyhlidka.cz\/wp-content\/uploads\/2021\/10\/sd-075-1024x768.jpg 1024w, https:\/\/www.zsvyhlidka.cz\/wp-content\/uploads\/2021\/10\/sd-075-300x225.jpg 300w, https:\/\/www.zsvyhlidka.cz\/wp-content\/uploads\/2021\/10\/sd-075-768x576.jpg 768w, https:\/\/www.zsvyhlidka.cz\/wp-content\/uploads\/2021\/10\/sd-075-360x270.jpg 360w, https:\/\/www.zsvyhlidka.cz\/wp-content\/uploads\/2021\/10\/sd-075.jpg 1488w\" sizes=\"(max-width: 1024px) 100vw, 1024px\" \/><\/a><\/figure><\/li><li class=\"blocks-gallery-item\"><figure><a href=\"http:\/\/www.zsvyhlidka.cz\/wp-content\/uploads\/2021\/10\/sd-065.jpg\"><img loading=\"lazy\" width=\"1000\" height=\"750\" src=\"http:\/\/www.zsvyhlidka.cz\/wp-content\/uploads\/2021\/10\/sd-065.jpg\" alt=\"\" data-id=\"28669\" data-full-url=\"http:\/\/www.zsvyhlidka.cz\/wp-content\/uploads\/2021\/10\/sd-065.jpg\" data-link=\"http:\/\/www.zsvyhlidka.cz\/?attachment_id=28669\" class=\"wp-image-28669\" srcset=\"https:\/\/www.zsvyhlidka.cz\/wp-content\/uploads\/2021\/10\/sd-065.jpg 1000w, https:\/\/www.zsvyhlidka.cz\/wp-content\/uploads\/2021\/10\/sd-065-300x225.jpg 300w, https:\/\/www.zsvyhlidka.cz\/wp-content\/uploads\/2021\/10\/sd-065-768x576.jpg 768w, https:\/\/www.zsvyhlidka.cz\/wp-content\/uploads\/2021\/10\/sd-065-360x270.jpg 360w\" sizes=\"(max-width: 1000px) 100vw, 1000px\" \/><\/a><\/figure><\/li><li class=\"blocks-gallery-item\"><figure><a href=\"http:\/\/www.zsvyhlidka.cz\/wp-content\/uploads\/2021\/10\/sd-054.jpg\"><img loading=\"lazy\" width=\"1000\" height=\"750\" src=\"http:\/\/www.zsvyhlidka.cz\/wp-content\/uploads\/2021\/10\/sd-054.jpg\" alt=\"\" data-id=\"28668\" data-full-url=\"http:\/\/www.zsvyhlidka.cz\/wp-content\/uploads\/2021\/10\/sd-054.jpg\" data-link=\"http:\/\/www.zsvyhlidka.cz\/?attachment_id=28668\" class=\"wp-image-28668\" srcset=\"https:\/\/www.zsvyhlidka.cz\/wp-content\/uploads\/2021\/10\/sd-054.jpg 1000w, https:\/\/www.zsvyhlidka.cz\/wp-content\/uploads\/2021\/10\/sd-054-300x225.jpg 300w, https:\/\/www.zsvyhlidka.cz\/wp-content\/uploads\/2021\/10\/sd-054-768x576.jpg 768w, https:\/\/www.zsvyhlidka.cz\/wp-content\/uploads\/2021\/10\/sd-054-360x270.jpg 360w\" sizes=\"(max-width: 1000px) 100vw, 1000px\" \/><\/a><\/figure><\/li><li class=\"blocks-gallery-item\"><figure><a href=\"http:\/\/www.zsvyhlidka.cz\/wp-content\/uploads\/2021\/10\/F449E8F9-581B-4A1F-902F-567410AD62FF.jpeg\"><img loading=\"lazy\" width=\"1024\" height=\"768\" src=\"http:\/\/www.zsvyhlidka.cz\/wp-content\/uploads\/2021\/10\/F449E8F9-581B-4A1F-902F-567410AD62FF-1024x768.jpeg\" alt=\"\" data-id=\"28667\" data-full-url=\"http:\/\/www.zsvyhlidka.cz\/wp-content\/uploads\/2021\/10\/F449E8F9-581B-4A1F-902F-567410AD62FF.jpeg\" data-link=\"http:\/\/www.zsvyhlidka.cz\/?attachment_id=28667\" class=\"wp-image-28667\" srcset=\"https:\/\/www.zsvyhlidka.cz\/wp-content\/uploads\/2021\/10\/F449E8F9-581B-4A1F-902F-567410AD62FF-1024x768.jpeg 1024w, https:\/\/www.zsvyhlidka.cz\/wp-content\/uploads\/2021\/10\/F449E8F9-581B-4A1F-902F-567410AD62FF-300x225.jpeg 300w, https:\/\/www.zsvyhlidka.cz\/wp-content\/uploads\/2021\/10\/F449E8F9-581B-4A1F-902F-567410AD62FF-768x576.jpeg 768w, https:\/\/www.zsvyhlidka.cz\/wp-content\/uploads\/2021\/10\/F449E8F9-581B-4A1F-902F-567410AD62FF-360x270.jpeg 360w, https:\/\/www.zsvyhlidka.cz\/wp-content\/uploads\/2021\/10\/F449E8F9-581B-4A1F-902F-567410AD62FF.jpeg 1488w\" sizes=\"(max-width: 1024px) 100vw, 1024px\" \/><\/a><\/figure><\/li><li class=\"blocks-gallery-item\"><figure><a href=\"http:\/\/www.zsvyhlidka.cz\/wp-content\/uploads\/2021\/10\/61873D78-59DE-4871-A0C8-1CB305C3CE4F.jpeg\"><img loading=\"lazy\" width=\"1000\" height=\"750\" src=\"http:\/\/www.zsvyhlidka.cz\/wp-content\/uploads\/2021\/10\/61873D78-59DE-4871-A0C8-1CB305C3CE4F.jpeg\" alt=\"\" data-id=\"28666\" data-full-url=\"http:\/\/www.zsvyhlidka.cz\/wp-content\/uploads\/2021\/10\/61873D78-59DE-4871-A0C8-1CB305C3CE4F.jpeg\" data-link=\"http:\/\/www.zsvyhlidka.cz\/?attachment_id=28666\" class=\"wp-image-28666\" srcset=\"https:\/\/www.zsvyhlidka.cz\/wp-content\/uploads\/2021\/10\/61873D78-59DE-4871-A0C8-1CB305C3CE4F.jpeg 1000w, https:\/\/www.zsvyhlidka.cz\/wp-content\/uploads\/2021\/10\/61873D78-59DE-4871-A0C8-1CB305C3CE4F-300x225.jpeg 300w, https:\/\/www.zsvyhlidka.cz\/wp-content\/uploads\/2021\/10\/61873D78-59DE-4871-A0C8-1CB305C3CE4F-768x576.jpeg 768w, https:\/\/www.zsvyhlidka.cz\/wp-content\/uploads\/2021\/10\/61873D78-59DE-4871-A0C8-1CB305C3CE4F-360x270.jpeg 360w\" sizes=\"(max-width: 1000px) 100vw, 1000px\" \/><\/a><\/figure><\/li><\/ul><\/figure>\n","protected":false},"excerpt":{"rendered":"<p>Posledn\u00ed z\u00e1\u0159ijov\u00e9 odpoledne jsme se s&nbsp;d\u011btmi 2. a 3. odd\u011blen\u00ed \u0161koln\u00ed dru\u017einy vypravili na podzimn\u00ed proch\u00e1zku. Nav\u0161t\u00edvili jsme Fauna park \u2013 D\u011btsk\u00fd r\u00e1j na \u0160t\u011bp\u00e1nov\u011b ve Vala\u0161sk\u00e9m Mezi\u0159\u00ed\u010d\u00ed. Cestou jsme se v\u011bnovali pozorov\u00e1n\u00ed podzimn\u00ed krajiny a sb\u011brem p\u0159\u00edrodn\u00edch materi\u00e1l\u016f na <a href=\"https:\/\/www.zsvyhlidka.cz\/?page_id=28665\" class=\"read-more\">Zobrazit v\u00edce&#8230;<\/a><\/p>\n","protected":false},"author":4,"featured_media":0,"parent":0,"menu_order":0,"comment_status":"closed","ping_status":"closed","template":"","meta":[],"_links":{"self":[{"href":"https:\/\/www.zsvyhlidka.cz\/index.php?rest_route=\/wp\/v2\/pages\/28665"}],"collection":[{"href":"https:\/\/www.zsvyhlidka.cz\/index.php?rest_route=\/wp\/v2\/pages"}],"about":[{"href":"https:\/\/www.zsvyhlidka.cz\/index.php?rest_route=\/wp\/v2\/types\/page"}],"author":[{"embeddable":true,"href":"https:\/\/www.zsvyhlidka.cz\/index.php?rest_route=\/wp\/v2\/users\/4"}],"replies":[{"embeddable":true,"href":"https:\/\/www.zsvyhlidka.cz\/index.php?rest_route=%2Fwp%2Fv2%2Fcomments&post=28665"}],"version-history":[{"count":1,"href":"https:\/\/www.zsvyhlidka.cz\/index.php?rest_route=\/wp\/v2\/pages\/28665\/revisions"}],"predecessor-version":[{"id":28672,"href":"https:\/\/www.zsvyhlidka.cz\/index.php?rest_route=\/wp\/v2\/pages\/28665\/revisions\/28672"}],"wp:attachment":[{"href":"https:\/\/www.zsvyhlidka.cz\/index.php?rest_route=%2Fwp%2Fv2%2Fmedia&parent=28665"}],"curies":[{"name":"wp","href":"https:\/\/api.w.org\/{rel}","templated":true}]}}