{"id":28675,"date":"2021-10-14T08:39:48","date_gmt":"2021-10-14T06:39:48","guid":{"rendered":"http:\/\/www.zsvyhlidka.cz\/?page_id=28675"},"modified":"2021-10-14T08:44:50","modified_gmt":"2021-10-14T06:44:50","slug":"navsteva-dopravniho-hriste","status":"publish","type":"page","link":"https:\/\/www.zsvyhlidka.cz\/?page_id=28675","title":{"rendered":"N\u00e1v\u0161t\u011bva dopravn\u00edho h\u0159i\u0161t\u011b"},"content":{"rendered":"\n<p>Dne 14. 9. jsme s&nbsp;d\u011btmi ze \u0161koln\u00ed dru\u017einy 2. a 4. odd\u011blen\u00ed nav\u0161t\u00edvili dopravn\u00ed h\u0159i\u0161t\u011b ve Vala\u0161sk\u00e9m Mezi\u0159\u00ed\u010d\u00ed. Slune\u010dn\u00e9 po\u010das\u00ed n\u00e1m p\u0159\u00e1lo a p\u0159edv\u00eddalo tak p\u0159edem p\u0159\u00edjemn\u011b str\u00e1ven\u00e9 odpoledne.<\/p>\n\n\n\n<p>N\u00e1v\u0161t\u011bv\u011b dopravn\u00edho h\u0159i\u0161t\u011b p\u0159edch\u00e1zela p\u0159\u00edprava z&nbsp;oblasti dopravn\u00ed v\u00fdchovy formou r\u016fznorod\u00fdch her a \u010dinnost se zam\u011b\u0159en\u00edm na dopravn\u00ed zna\u010dky a tak\u00e9 telefonn\u00edch \u010d\u00edsel slo\u017eek IZS. Po p\u0159\u00edchodu na m\u00edsto a rozd\u011blen\u00ed \u0161lapac\u00edch motok\u00e1r, kolob\u011b\u017eek a kol si mohly d\u011bti vyzkou\u0161et, jak\u00e9 to je st\u00e1t se&nbsp;\u201eopravdov\u00fdm \u0159idi\u010dem.\u201c Dopravn\u00ed h\u0159i\u0161t\u011b nab\u00edz\u00ed skv\u011blou p\u0159\u00edle\u017eitost s&nbsp;funk\u010dn\u00edmi semafory a p\u0159echody pro chodce, jak se bl\u00ed\u017ee sezn\u00e1mit s&nbsp;dopravn\u00ed t\u00e9matikou a rozv\u00edjet tak u \u017e\u00e1k\u016f dovednosti z&nbsp;oblasti dopravn\u00ed v\u00fdchovy. D\u011bti byly velice \u0161ikovn\u00e9 v&nbsp;j\u00edzd\u011b na motok\u00e1r\u00e1ch i kole a tak\u00e9 sv\u011bdomit\u011b plnily roli chodc\u016f.<\/p>\n\n\n\n<p>N\u00e1v\u0161t\u011bvy dopravn\u00edho h\u0159i\u0161t\u011b jsou u d\u011bt\u00ed velmi obl\u00edben\u00e9, a proto se ji\u017e t\u011b\u0161\u00edme na p\u0159\u00ed\u0161t\u011b.<\/p>\n\n\n\n<p>Ing. Veronika Va\u0161\u00ed\u010dkov\u00e1, Romana Kacht\u00edkov\u00e1 \u2013 vychovatelky \u0160D<\/p>\n\n\n\n<p><\/p>\n\n\n\n<figure class=\"wp-container-2 wp-block-gallery-1 wp-block-gallery columns-3 is-cropped\"><ul class=\"blocks-gallery-grid\"><li class=\"blocks-gallery-item\"><figure><a href=\"http:\/\/www.zsvyhlidka.cz\/wp-content\/uploads\/2021\/10\/mobil-286.jpg\"><img loading=\"lazy\" width=\"1024\" height=\"768\" src=\"http:\/\/www.zsvyhlidka.cz\/wp-content\/uploads\/2021\/10\/mobil-286-1024x768.jpg\" alt=\"\" data-id=\"28683\" data-full-url=\"http:\/\/www.zsvyhlidka.cz\/wp-content\/uploads\/2021\/10\/mobil-286.jpg\" data-link=\"http:\/\/www.zsvyhlidka.cz\/?attachment_id=28683\" class=\"wp-image-28683\" srcset=\"https:\/\/www.zsvyhlidka.cz\/wp-content\/uploads\/2021\/10\/mobil-286-1024x768.jpg 1024w, https:\/\/www.zsvyhlidka.cz\/wp-content\/uploads\/2021\/10\/mobil-286-300x225.jpg 300w, https:\/\/www.zsvyhlidka.cz\/wp-content\/uploads\/2021\/10\/mobil-286-768x576.jpg 768w, https:\/\/www.zsvyhlidka.cz\/wp-content\/uploads\/2021\/10\/mobil-286-360x270.jpg 360w, https:\/\/www.zsvyhlidka.cz\/wp-content\/uploads\/2021\/10\/mobil-286.jpg 1488w\" sizes=\"(max-width: 1024px) 100vw, 1024px\" \/><\/a><\/figure><\/li><li class=\"blocks-gallery-item\"><figure><a href=\"http:\/\/www.zsvyhlidka.cz\/wp-content\/uploads\/2021\/10\/mobil-284.jpg\"><img loading=\"lazy\" width=\"1024\" height=\"768\" src=\"http:\/\/www.zsvyhlidka.cz\/wp-content\/uploads\/2021\/10\/mobil-284-1024x768.jpg\" alt=\"\" data-id=\"28682\" data-full-url=\"http:\/\/www.zsvyhlidka.cz\/wp-content\/uploads\/2021\/10\/mobil-284.jpg\" data-link=\"http:\/\/www.zsvyhlidka.cz\/?attachment_id=28682\" class=\"wp-image-28682\" srcset=\"https:\/\/www.zsvyhlidka.cz\/wp-content\/uploads\/2021\/10\/mobil-284-1024x768.jpg 1024w, https:\/\/www.zsvyhlidka.cz\/wp-content\/uploads\/2021\/10\/mobil-284-300x225.jpg 300w, https:\/\/www.zsvyhlidka.cz\/wp-content\/uploads\/2021\/10\/mobil-284-768x576.jpg 768w, https:\/\/www.zsvyhlidka.cz\/wp-content\/uploads\/2021\/10\/mobil-284-360x270.jpg 360w, https:\/\/www.zsvyhlidka.cz\/wp-content\/uploads\/2021\/10\/mobil-284.jpg 1488w\" sizes=\"(max-width: 1024px) 100vw, 1024px\" \/><\/a><\/figure><\/li><li class=\"blocks-gallery-item\"><figure><a href=\"http:\/\/www.zsvyhlidka.cz\/wp-content\/uploads\/2021\/10\/mobil-283.jpg\"><img loading=\"lazy\" width=\"1024\" height=\"768\" src=\"http:\/\/www.zsvyhlidka.cz\/wp-content\/uploads\/2021\/10\/mobil-283-1024x768.jpg\" alt=\"\" data-id=\"28681\" data-full-url=\"http:\/\/www.zsvyhlidka.cz\/wp-content\/uploads\/2021\/10\/mobil-283.jpg\" data-link=\"http:\/\/www.zsvyhlidka.cz\/?attachment_id=28681\" class=\"wp-image-28681\" srcset=\"https:\/\/www.zsvyhlidka.cz\/wp-content\/uploads\/2021\/10\/mobil-283-1024x768.jpg 1024w, https:\/\/www.zsvyhlidka.cz\/wp-content\/uploads\/2021\/10\/mobil-283-300x225.jpg 300w, https:\/\/www.zsvyhlidka.cz\/wp-content\/uploads\/2021\/10\/mobil-283-768x576.jpg 768w, https:\/\/www.zsvyhlidka.cz\/wp-content\/uploads\/2021\/10\/mobil-283-360x270.jpg 360w, https:\/\/www.zsvyhlidka.cz\/wp-content\/uploads\/2021\/10\/mobil-283.jpg 1488w\" sizes=\"(max-width: 1024px) 100vw, 1024px\" \/><\/a><\/figure><\/li><li class=\"blocks-gallery-item\"><figure><a href=\"http:\/\/www.zsvyhlidka.cz\/wp-content\/uploads\/2021\/10\/mobil-277.jpg\"><img loading=\"lazy\" width=\"1024\" height=\"768\" src=\"http:\/\/www.zsvyhlidka.cz\/wp-content\/uploads\/2021\/10\/mobil-277-1024x768.jpg\" alt=\"\" data-id=\"28680\" data-full-url=\"http:\/\/www.zsvyhlidka.cz\/wp-content\/uploads\/2021\/10\/mobil-277.jpg\" data-link=\"http:\/\/www.zsvyhlidka.cz\/?attachment_id=28680\" class=\"wp-image-28680\" srcset=\"https:\/\/www.zsvyhlidka.cz\/wp-content\/uploads\/2021\/10\/mobil-277-1024x768.jpg 1024w, https:\/\/www.zsvyhlidka.cz\/wp-content\/uploads\/2021\/10\/mobil-277-300x225.jpg 300w, https:\/\/www.zsvyhlidka.cz\/wp-content\/uploads\/2021\/10\/mobil-277-768x576.jpg 768w, https:\/\/www.zsvyhlidka.cz\/wp-content\/uploads\/2021\/10\/mobil-277-360x270.jpg 360w, https:\/\/www.zsvyhlidka.cz\/wp-content\/uploads\/2021\/10\/mobil-277.jpg 1488w\" sizes=\"(max-width: 1024px) 100vw, 1024px\" \/><\/a><\/figure><\/li><li class=\"blocks-gallery-item\"><figure><a href=\"http:\/\/www.zsvyhlidka.cz\/wp-content\/uploads\/2021\/10\/mobil-275.jpg\"><img loading=\"lazy\" width=\"768\" height=\"1024\" src=\"http:\/\/www.zsvyhlidka.cz\/wp-content\/uploads\/2021\/10\/mobil-275-768x1024.jpg\" alt=\"\" data-id=\"28679\" data-full-url=\"http:\/\/www.zsvyhlidka.cz\/wp-content\/uploads\/2021\/10\/mobil-275.jpg\" data-link=\"http:\/\/www.zsvyhlidka.cz\/?attachment_id=28679\" class=\"wp-image-28679\" srcset=\"https:\/\/www.zsvyhlidka.cz\/wp-content\/uploads\/2021\/10\/mobil-275-768x1024.jpg 768w, https:\/\/www.zsvyhlidka.cz\/wp-content\/uploads\/2021\/10\/mobil-275-225x300.jpg 225w, https:\/\/www.zsvyhlidka.cz\/wp-content\/uploads\/2021\/10\/mobil-275-203x270.jpg 203w, https:\/\/www.zsvyhlidka.cz\/wp-content\/uploads\/2021\/10\/mobil-275.jpg 1116w\" sizes=\"(max-width: 768px) 100vw, 768px\" \/><\/a><\/figure><\/li><\/ul><\/figure>\n","protected":false},"excerpt":{"rendered":"<p>Dne 14. 9. jsme s&nbsp;d\u011btmi ze \u0161koln\u00ed dru\u017einy 2. a 4. odd\u011blen\u00ed nav\u0161t\u00edvili dopravn\u00ed h\u0159i\u0161t\u011b ve Vala\u0161sk\u00e9m Mezi\u0159\u00ed\u010d\u00ed. Slune\u010dn\u00e9 po\u010das\u00ed n\u00e1m p\u0159\u00e1lo a p\u0159edv\u00eddalo tak p\u0159edem p\u0159\u00edjemn\u011b str\u00e1ven\u00e9 odpoledne. N\u00e1v\u0161t\u011bv\u011b dopravn\u00edho h\u0159i\u0161t\u011b p\u0159edch\u00e1zela p\u0159\u00edprava z&nbsp;oblasti dopravn\u00ed v\u00fdchovy formou r\u016fznorod\u00fdch her <a href=\"https:\/\/www.zsvyhlidka.cz\/?page_id=28675\" class=\"read-more\">Zobrazit v\u00edce&#8230;<\/a><\/p>\n","protected":false},"author":4,"featured_media":0,"parent":0,"menu_order":0,"comment_status":"closed","ping_status":"closed","template":"","meta":[],"_links":{"self":[{"href":"https:\/\/www.zsvyhlidka.cz\/index.php?rest_route=\/wp\/v2\/pages\/28675"}],"collection":[{"href":"https:\/\/www.zsvyhlidka.cz\/index.php?rest_route=\/wp\/v2\/pages"}],"about":[{"href":"https:\/\/www.zsvyhlidka.cz\/index.php?rest_route=\/wp\/v2\/types\/page"}],"author":[{"embeddable":true,"href":"https:\/\/www.zsvyhlidka.cz\/index.php?rest_route=\/wp\/v2\/users\/4"}],"replies":[{"embeddable":true,"href":"https:\/\/www.zsvyhlidka.cz\/index.php?rest_route=%2Fwp%2Fv2%2Fcomments&post=28675"}],"version-history":[{"count":2,"href":"https:\/\/www.zsvyhlidka.cz\/index.php?rest_route=\/wp\/v2\/pages\/28675\/revisions"}],"predecessor-version":[{"id":28684,"href":"https:\/\/www.zsvyhlidka.cz\/index.php?rest_route=\/wp\/v2\/pages\/28675\/revisions\/28684"}],"wp:attachment":[{"href":"https:\/\/www.zsvyhlidka.cz\/index.php?rest_route=%2Fwp%2Fv2%2Fmedia&parent=28675"}],"curies":[{"name":"wp","href":"https:\/\/api.w.org\/{rel}","templated":true}]}}