{"id":28815,"date":"2021-11-02T09:11:25","date_gmt":"2021-11-02T08:11:25","guid":{"rendered":"http:\/\/www.zsvyhlidka.cz\/?page_id=28815"},"modified":"2021-11-02T09:11:25","modified_gmt":"2021-11-02T08:11:25","slug":"halloween-ve-skolni-druzine","status":"publish","type":"page","link":"https:\/\/www.zsvyhlidka.cz\/?page_id=28815","title":{"rendered":"Halloween ve \u0161koln\u00ed dru\u017ein\u011b"},"content":{"rendered":"\n<p>Kdo z&nbsp;d\u011bt\u00ed by r\u00e1d neslavil sv\u00e1tek stra\u0161idel, duch\u016f a d\u00fdn\u00ed \u2013 Halloween\u2026<\/p>\n\n\n\n<p>V&nbsp;pond\u011bl\u00ed 21. a v&nbsp;\u00fater\u00fd 22. \u0159\u00edjna se prom\u011bnily d\u011bti ve \u0161koln\u00ed dru\u017ein\u011b v up\u00edry, zomb\u00edky, divo\u017eenky, kostlivce, mumie, d\u00fdn\u011b i duchy a rozpoutaly rej masek.<\/p>\n\n\n\n<p>Halloweensk\u00e1 v\u00fdzdoba na mezipat\u0159e i v&nbsp;jednotliv\u00fdch odd\u011blen\u00edch byla opravdu stra\u0161ideln\u00e1 a vtipn\u00e1.&nbsp; Ale hlavn\u011b motivovala d\u011bti k&nbsp;halloweensk\u00e9mu tvo\u0159en\u00ed a v\u00fdtvarn\u00e9 v\u00fdchov\u011b, kter\u00e1 byla tak\u00e9 sou\u010d\u00e1st\u00ed stra\u0161ideln\u00e9ho t\u00fddne.<\/p>\n\n\n\n<p>Sout\u011b\u017ee, hry a z\u00e1bava prob\u00edhaly dle v\u011bku na\u0161ich stra\u0161idel: fouk\u00e1n\u00ed duch\u016f, prask\u00e1n\u00ed bal\u00f3nk\u016f, d\u00fd\u0148ov\u00fd bowling, pozn\u00e1v\u00e1n\u00ed p\u0159edm\u011bt\u016f z&nbsp;pytle, loup\u00e1n\u00ed kuku\u0159ice, stra\u0161ideln\u00fd kv\u00edz, loven\u00ed pavouk\u016f a netop\u00fdrk\u016f a mnoho dal\u0161\u00edch.<\/p>\n\n\n\n<p>D\u011bti za sv\u00e9 sout\u011b\u017een\u00ed dost\u00e1valy odm\u011bny a sladk\u00e1 odm\u011bna \u010dekala na \u00fapln\u011b v\u0161echny z\u00fa\u010dastn\u011bn\u00e9. D\u011bkujeme v\u0161em mamink\u00e1m, za p\u0159\u00edpravu kost\u00fdm\u016f. A velk\u00e9 pod\u011bkov\u00e1n\u00ed pat\u0159\u00ed t\u011bm mamink\u00e1m, kter\u00e9 p\u0159ipravily doma upe\u010den\u00e9 dobroty: mufinky s&nbsp;duchy, pern\u00ed\u010dky, lineck\u00e9 prsty &nbsp;nebo prost\u011b n\u00e1m poslaly dobroty kupovan\u00e9.<\/p>\n\n\n\n<p>U\u017easnou atmosf\u00e9ru, z\u00e1bavu a legraci si d\u011bti u\u017eily v&nbsp;z\u00e1v\u011bru divok\u00fdm tancem stra\u0161idel.<\/p>\n\n\n\n<p>Kolektiv vychovatelek \u0160D<\/p>\n\n\n\n<figure class=\"wp-container-2 wp-block-gallery-1 wp-block-gallery columns-3 is-cropped\"><ul class=\"blocks-gallery-grid\"><li class=\"blocks-gallery-item\"><figure><a href=\"https:\/\/www.zsvyhlidka.cz\/wp-content\/uploads\/2021\/11\/foto-1.jpg\"><img loading=\"lazy\" width=\"768\" height=\"1024\" src=\"https:\/\/www.zsvyhlidka.cz\/wp-content\/uploads\/2021\/11\/foto-1-768x1024.jpg\" alt=\"\" data-id=\"28816\" data-full-url=\"https:\/\/www.zsvyhlidka.cz\/wp-content\/uploads\/2021\/11\/foto-1.jpg\" data-link=\"https:\/\/www.zsvyhlidka.cz\/?attachment_id=28816\" class=\"wp-image-28816\" srcset=\"https:\/\/www.zsvyhlidka.cz\/wp-content\/uploads\/2021\/11\/foto-1-768x1024.jpg 768w, https:\/\/www.zsvyhlidka.cz\/wp-content\/uploads\/2021\/11\/foto-1-225x300.jpg 225w, https:\/\/www.zsvyhlidka.cz\/wp-content\/uploads\/2021\/11\/foto-1-203x270.jpg 203w, https:\/\/www.zsvyhlidka.cz\/wp-content\/uploads\/2021\/11\/foto-1.jpg 1116w\" sizes=\"(max-width: 768px) 100vw, 768px\" \/><\/a><\/figure><\/li><li class=\"blocks-gallery-item\"><figure><a href=\"https:\/\/www.zsvyhlidka.cz\/wp-content\/uploads\/2021\/11\/foto-2.jpeg\"><img loading=\"lazy\" width=\"1024\" height=\"768\" src=\"https:\/\/www.zsvyhlidka.cz\/wp-content\/uploads\/2021\/11\/foto-2-1024x768.jpeg\" alt=\"\" data-id=\"28817\" data-full-url=\"https:\/\/www.zsvyhlidka.cz\/wp-content\/uploads\/2021\/11\/foto-2.jpeg\" data-link=\"https:\/\/www.zsvyhlidka.cz\/?attachment_id=28817\" class=\"wp-image-28817\" srcset=\"https:\/\/www.zsvyhlidka.cz\/wp-content\/uploads\/2021\/11\/foto-2-1024x768.jpeg 1024w, https:\/\/www.zsvyhlidka.cz\/wp-content\/uploads\/2021\/11\/foto-2-300x225.jpeg 300w, https:\/\/www.zsvyhlidka.cz\/wp-content\/uploads\/2021\/11\/foto-2-768x576.jpeg 768w, https:\/\/www.zsvyhlidka.cz\/wp-content\/uploads\/2021\/11\/foto-2-360x270.jpeg 360w, https:\/\/www.zsvyhlidka.cz\/wp-content\/uploads\/2021\/11\/foto-2.jpeg 1488w\" sizes=\"(max-width: 1024px) 100vw, 1024px\" \/><\/a><\/figure><\/li><li class=\"blocks-gallery-item\"><figure><a href=\"https:\/\/www.zsvyhlidka.cz\/wp-content\/uploads\/2021\/11\/foto-3.jpeg\"><img loading=\"lazy\" width=\"765\" height=\"1024\" src=\"https:\/\/www.zsvyhlidka.cz\/wp-content\/uploads\/2021\/11\/foto-3-765x1024.jpeg\" alt=\"\" data-id=\"28818\" data-full-url=\"https:\/\/www.zsvyhlidka.cz\/wp-content\/uploads\/2021\/11\/foto-3.jpeg\" data-link=\"https:\/\/www.zsvyhlidka.cz\/?attachment_id=28818\" class=\"wp-image-28818\" srcset=\"https:\/\/www.zsvyhlidka.cz\/wp-content\/uploads\/2021\/11\/foto-3-765x1024.jpeg 765w, https:\/\/www.zsvyhlidka.cz\/wp-content\/uploads\/2021\/11\/foto-3-224x300.jpeg 224w, https:\/\/www.zsvyhlidka.cz\/wp-content\/uploads\/2021\/11\/foto-3-768x1028.jpeg 768w, https:\/\/www.zsvyhlidka.cz\/wp-content\/uploads\/2021\/11\/foto-3-202x270.jpeg 202w, https:\/\/www.zsvyhlidka.cz\/wp-content\/uploads\/2021\/11\/foto-3.jpeg 1112w\" sizes=\"(max-width: 765px) 100vw, 765px\" \/><\/a><\/figure><\/li><li class=\"blocks-gallery-item\"><figure><a href=\"https:\/\/www.zsvyhlidka.cz\/wp-content\/uploads\/2021\/11\/foto-4.jpg\"><img loading=\"lazy\" width=\"1024\" height=\"769\" src=\"https:\/\/www.zsvyhlidka.cz\/wp-content\/uploads\/2021\/11\/foto-4-1024x769.jpg\" alt=\"\" data-id=\"28819\" data-full-url=\"https:\/\/www.zsvyhlidka.cz\/wp-content\/uploads\/2021\/11\/foto-4.jpg\" data-link=\"https:\/\/www.zsvyhlidka.cz\/?attachment_id=28819\" class=\"wp-image-28819\" srcset=\"https:\/\/www.zsvyhlidka.cz\/wp-content\/uploads\/2021\/11\/foto-4-1024x769.jpg 1024w, https:\/\/www.zsvyhlidka.cz\/wp-content\/uploads\/2021\/11\/foto-4-300x225.jpg 300w, https:\/\/www.zsvyhlidka.cz\/wp-content\/uploads\/2021\/11\/foto-4-768x577.jpg 768w, https:\/\/www.zsvyhlidka.cz\/wp-content\/uploads\/2021\/11\/foto-4-360x270.jpg 360w, https:\/\/www.zsvyhlidka.cz\/wp-content\/uploads\/2021\/11\/foto-4.jpg 1488w\" sizes=\"(max-width: 1024px) 100vw, 1024px\" \/><\/a><\/figure><\/li><li class=\"blocks-gallery-item\"><figure><a href=\"https:\/\/www.zsvyhlidka.cz\/wp-content\/uploads\/2021\/11\/foto-5.jpeg\"><img loading=\"lazy\" width=\"1024\" height=\"768\" src=\"https:\/\/www.zsvyhlidka.cz\/wp-content\/uploads\/2021\/11\/foto-5-1024x768.jpeg\" alt=\"\" data-id=\"28820\" data-full-url=\"https:\/\/www.zsvyhlidka.cz\/wp-content\/uploads\/2021\/11\/foto-5.jpeg\" data-link=\"https:\/\/www.zsvyhlidka.cz\/?attachment_id=28820\" class=\"wp-image-28820\" srcset=\"https:\/\/www.zsvyhlidka.cz\/wp-content\/uploads\/2021\/11\/foto-5-1024x768.jpeg 1024w, https:\/\/www.zsvyhlidka.cz\/wp-content\/uploads\/2021\/11\/foto-5-300x225.jpeg 300w, https:\/\/www.zsvyhlidka.cz\/wp-content\/uploads\/2021\/11\/foto-5-768x576.jpeg 768w, https:\/\/www.zsvyhlidka.cz\/wp-content\/uploads\/2021\/11\/foto-5-360x270.jpeg 360w, https:\/\/www.zsvyhlidka.cz\/wp-content\/uploads\/2021\/11\/foto-5.jpeg 1488w\" sizes=\"(max-width: 1024px) 100vw, 1024px\" \/><\/a><\/figure><\/li><\/ul><\/figure>\n","protected":false},"excerpt":{"rendered":"<p>Kdo z&nbsp;d\u011bt\u00ed by r\u00e1d neslavil sv\u00e1tek stra\u0161idel, duch\u016f a d\u00fdn\u00ed \u2013 Halloween\u2026 V&nbsp;pond\u011bl\u00ed 21. a v&nbsp;\u00fater\u00fd 22. \u0159\u00edjna se prom\u011bnily d\u011bti ve \u0161koln\u00ed dru\u017ein\u011b v up\u00edry, zomb\u00edky, divo\u017eenky, kostlivce, mumie, d\u00fdn\u011b i duchy a rozpoutaly rej masek. Halloweensk\u00e1 v\u00fdzdoba na <a href=\"https:\/\/www.zsvyhlidka.cz\/?page_id=28815\" class=\"read-more\">Zobrazit v\u00edce&#8230;<\/a><\/p>\n","protected":false},"author":4,"featured_media":0,"parent":0,"menu_order":0,"comment_status":"closed","ping_status":"closed","template":"","meta":[],"_links":{"self":[{"href":"https:\/\/www.zsvyhlidka.cz\/index.php?rest_route=\/wp\/v2\/pages\/28815"}],"collection":[{"href":"https:\/\/www.zsvyhlidka.cz\/index.php?rest_route=\/wp\/v2\/pages"}],"about":[{"href":"https:\/\/www.zsvyhlidka.cz\/index.php?rest_route=\/wp\/v2\/types\/page"}],"author":[{"embeddable":true,"href":"https:\/\/www.zsvyhlidka.cz\/index.php?rest_route=\/wp\/v2\/users\/4"}],"replies":[{"embeddable":true,"href":"https:\/\/www.zsvyhlidka.cz\/index.php?rest_route=%2Fwp%2Fv2%2Fcomments&post=28815"}],"version-history":[{"count":1,"href":"https:\/\/www.zsvyhlidka.cz\/index.php?rest_route=\/wp\/v2\/pages\/28815\/revisions"}],"predecessor-version":[{"id":28821,"href":"https:\/\/www.zsvyhlidka.cz\/index.php?rest_route=\/wp\/v2\/pages\/28815\/revisions\/28821"}],"wp:attachment":[{"href":"https:\/\/www.zsvyhlidka.cz\/index.php?rest_route=%2Fwp%2Fv2%2Fmedia&parent=28815"}],"curies":[{"name":"wp","href":"https:\/\/api.w.org\/{rel}","templated":true}]}}