{"id":28823,"date":"2021-11-02T19:11:52","date_gmt":"2021-11-02T18:11:52","guid":{"rendered":"http:\/\/www.zsvyhlidka.cz\/?page_id=28823"},"modified":"2021-11-02T19:11:53","modified_gmt":"2021-11-02T18:11:53","slug":"den-stromu-ve-skolni-druzine","status":"publish","type":"page","link":"https:\/\/www.zsvyhlidka.cz\/?page_id=28823","title":{"rendered":"Den strom\u016f ve \u0161koln\u00ed dru\u017ein\u011b"},"content":{"rendered":"\n<p>P\u0159i p\u0159\u00edle\u017eitosti Dne strom\u016f, kter\u00fd tento rok p\u0159ipadal na st\u0159edu 20. \u0159\u00edjna jsme se s&nbsp;d\u011btmi 2. a 4. odd\u011blen\u00ed \u0161koln\u00ed dru\u017einy vydali na proch\u00e1zku do z\u00e1meck\u00e9ho parku u&nbsp;z\u00e1mku Kinsk\u00fdch. Po\u010das\u00ed zprvu na\u0161\u00ed proch\u00e1zce moc nep\u0159\u00e1lo, ale posl\u00e9ze se umoud\u0159ilo a my si tak mohli odpoledne p\u0159\u00edjemn\u011b pro\u017e\u00edt.<\/p>\n\n\n\n<p>Hlavn\u00edm c\u00edlem t\u00e9to proch\u00e1zky bylo d\u011btem p\u0159ipomenout d\u016fle\u017eit\u00e9 funkce strom\u016f, kter\u00e9 zast\u00e1vaj\u00ed nejen v&nbsp;p\u0159\u00edrod\u011b, ale pom\u00e1haj\u00ed i n\u00e1m lidem. Zam\u011b\u0159ili jsme se na jejich z\u00e1kladn\u00ed rozd\u011blen\u00ed, v\u00fdznam pro lidstvo i p\u0159\u00edrodu, a tak\u00e9 jsme si pov\u00eddali o r\u016fzn\u00fdch zaj\u00edmavostech nap\u0159.: jak\u00fdm zp\u016fsobem stromy mezi sebou komunikuj\u00ed, st\u00e1\u0159\u00ed stromu a jin\u00e9. V&nbsp;z\u00e1meck\u00e9m parku jsme si tak\u00e9 pro\u0161li nau\u010dnou stezku, kde jsme se dozv\u011bd\u011bli spoustu zaj\u00edmav\u00fdch informac\u00ed ze \u017eivota nav\u0161t\u00edven\u00e9ho m\u00edsta.<\/p>\n\n\n\n<p>Den strom\u016f jsme zavr\u0161ili ji\u017e tradi\u010dn\u011b spole\u010dn\u00fdm s\u00e1zen\u00edm \u017ealud\u016f do kv\u011btin\u00e1\u010d\u016f, kter\u00e9 si d\u011bti n\u00e1sledn\u011b odnesly dom\u016f a dva jsme si tak\u00e9 ponechali ve \u0161koln\u00ed dru\u017ein\u011b. Povinnost\u00ed ka\u017ed\u00e9ho je pak se o sv\u016fj budouc\u00ed strome\u010dek doma \u0159\u00e1dn\u011b starat. Pokud budou d\u011bti \u0161ikovn\u00e9 a na svoji povinnost nebudou zapom\u00ednat, vznikne jim mo\u017enost sledovat v\u00fdvoj nov\u00e9ho \u017eivota p\u0159\u00edmo u sebe doma i ve \u0161koln\u00ed dru\u017ein\u011b. Pozd\u011bji mohou tento strome\u010dek zasadit na vhodn\u00e9 m\u00edsto a touto tro\u0161kou p\u0159isp\u011bt ke zlep\u0161en\u00ed \u017eivotn\u00edho prost\u0159ed\u00ed.<\/p>\n\n\n\n<p>Ing. Veronika Va\u0161\u00ed\u010dkov\u00e1 a Romana Kacht\u00edkov\u00e1<\/p>\n\n\n\n<p><\/p>\n\n\n\n<figure class=\"wp-container-2 wp-block-gallery-1 wp-block-gallery columns-3 is-cropped\"><ul class=\"blocks-gallery-grid\"><li class=\"blocks-gallery-item\"><figure><a href=\"https:\/\/www.zsvyhlidka.cz\/wp-content\/uploads\/2021\/11\/3801104F-A3F1-4B8D-A276-8D6E59470786.jpeg\"><img loading=\"lazy\" width=\"768\" height=\"1024\" src=\"https:\/\/www.zsvyhlidka.cz\/wp-content\/uploads\/2021\/11\/3801104F-A3F1-4B8D-A276-8D6E59470786-768x1024.jpeg\" alt=\"\" data-id=\"28824\" data-full-url=\"https:\/\/www.zsvyhlidka.cz\/wp-content\/uploads\/2021\/11\/3801104F-A3F1-4B8D-A276-8D6E59470786.jpeg\" data-link=\"https:\/\/www.zsvyhlidka.cz\/?attachment_id=28824\" class=\"wp-image-28824\" srcset=\"https:\/\/www.zsvyhlidka.cz\/wp-content\/uploads\/2021\/11\/3801104F-A3F1-4B8D-A276-8D6E59470786-768x1024.jpeg 768w, https:\/\/www.zsvyhlidka.cz\/wp-content\/uploads\/2021\/11\/3801104F-A3F1-4B8D-A276-8D6E59470786-225x300.jpeg 225w, https:\/\/www.zsvyhlidka.cz\/wp-content\/uploads\/2021\/11\/3801104F-A3F1-4B8D-A276-8D6E59470786-203x270.jpeg 203w, https:\/\/www.zsvyhlidka.cz\/wp-content\/uploads\/2021\/11\/3801104F-A3F1-4B8D-A276-8D6E59470786.jpeg 1116w\" sizes=\"(max-width: 768px) 100vw, 768px\" \/><\/a><\/figure><\/li><li class=\"blocks-gallery-item\"><figure><a href=\"https:\/\/www.zsvyhlidka.cz\/wp-content\/uploads\/2021\/11\/o-054.jpg\"><img loading=\"lazy\" width=\"1024\" height=\"768\" src=\"https:\/\/www.zsvyhlidka.cz\/wp-content\/uploads\/2021\/11\/o-054-1024x768.jpg\" alt=\"\" data-id=\"28825\" data-full-url=\"https:\/\/www.zsvyhlidka.cz\/wp-content\/uploads\/2021\/11\/o-054.jpg\" data-link=\"https:\/\/www.zsvyhlidka.cz\/?attachment_id=28825\" class=\"wp-image-28825\" srcset=\"https:\/\/www.zsvyhlidka.cz\/wp-content\/uploads\/2021\/11\/o-054-1024x768.jpg 1024w, https:\/\/www.zsvyhlidka.cz\/wp-content\/uploads\/2021\/11\/o-054-300x225.jpg 300w, https:\/\/www.zsvyhlidka.cz\/wp-content\/uploads\/2021\/11\/o-054-768x576.jpg 768w, https:\/\/www.zsvyhlidka.cz\/wp-content\/uploads\/2021\/11\/o-054-360x270.jpg 360w, https:\/\/www.zsvyhlidka.cz\/wp-content\/uploads\/2021\/11\/o-054.jpg 1129w\" sizes=\"(max-width: 1024px) 100vw, 1024px\" \/><\/a><\/figure><\/li><li class=\"blocks-gallery-item\"><figure><a href=\"https:\/\/www.zsvyhlidka.cz\/wp-content\/uploads\/2021\/11\/o-055-1.jpg\"><img loading=\"lazy\" width=\"1024\" height=\"768\" src=\"https:\/\/www.zsvyhlidka.cz\/wp-content\/uploads\/2021\/11\/o-055-1-1024x768.jpg\" alt=\"\" data-id=\"28826\" data-full-url=\"https:\/\/www.zsvyhlidka.cz\/wp-content\/uploads\/2021\/11\/o-055-1.jpg\" data-link=\"https:\/\/www.zsvyhlidka.cz\/?attachment_id=28826\" class=\"wp-image-28826\" srcset=\"https:\/\/www.zsvyhlidka.cz\/wp-content\/uploads\/2021\/11\/o-055-1-1024x768.jpg 1024w, https:\/\/www.zsvyhlidka.cz\/wp-content\/uploads\/2021\/11\/o-055-1-300x225.jpg 300w, https:\/\/www.zsvyhlidka.cz\/wp-content\/uploads\/2021\/11\/o-055-1-768x576.jpg 768w, https:\/\/www.zsvyhlidka.cz\/wp-content\/uploads\/2021\/11\/o-055-1-360x270.jpg 360w, https:\/\/www.zsvyhlidka.cz\/wp-content\/uploads\/2021\/11\/o-055-1.jpg 1129w\" sizes=\"(max-width: 1024px) 100vw, 1024px\" \/><\/a><\/figure><\/li><li class=\"blocks-gallery-item\"><figure><a href=\"https:\/\/www.zsvyhlidka.cz\/wp-content\/uploads\/2021\/11\/o-096.jpg\"><img loading=\"lazy\" width=\"1024\" height=\"768\" src=\"https:\/\/www.zsvyhlidka.cz\/wp-content\/uploads\/2021\/11\/o-096-1024x768.jpg\" alt=\"\" data-id=\"28827\" data-full-url=\"https:\/\/www.zsvyhlidka.cz\/wp-content\/uploads\/2021\/11\/o-096.jpg\" data-link=\"https:\/\/www.zsvyhlidka.cz\/?attachment_id=28827\" class=\"wp-image-28827\" srcset=\"https:\/\/www.zsvyhlidka.cz\/wp-content\/uploads\/2021\/11\/o-096-1024x768.jpg 1024w, https:\/\/www.zsvyhlidka.cz\/wp-content\/uploads\/2021\/11\/o-096-300x225.jpg 300w, https:\/\/www.zsvyhlidka.cz\/wp-content\/uploads\/2021\/11\/o-096-768x576.jpg 768w, https:\/\/www.zsvyhlidka.cz\/wp-content\/uploads\/2021\/11\/o-096-360x270.jpg 360w, https:\/\/www.zsvyhlidka.cz\/wp-content\/uploads\/2021\/11\/o-096.jpg 1129w\" sizes=\"(max-width: 1024px) 100vw, 1024px\" \/><\/a><\/figure><\/li><li class=\"blocks-gallery-item\"><figure><a href=\"https:\/\/www.zsvyhlidka.cz\/wp-content\/uploads\/2021\/11\/o-098.jpg\"><img loading=\"lazy\" width=\"1024\" height=\"768\" src=\"https:\/\/www.zsvyhlidka.cz\/wp-content\/uploads\/2021\/11\/o-098-1024x768.jpg\" alt=\"\" data-id=\"28828\" data-full-url=\"https:\/\/www.zsvyhlidka.cz\/wp-content\/uploads\/2021\/11\/o-098.jpg\" data-link=\"https:\/\/www.zsvyhlidka.cz\/?attachment_id=28828\" class=\"wp-image-28828\" srcset=\"https:\/\/www.zsvyhlidka.cz\/wp-content\/uploads\/2021\/11\/o-098-1024x768.jpg 1024w, https:\/\/www.zsvyhlidka.cz\/wp-content\/uploads\/2021\/11\/o-098-300x225.jpg 300w, https:\/\/www.zsvyhlidka.cz\/wp-content\/uploads\/2021\/11\/o-098-768x576.jpg 768w, https:\/\/www.zsvyhlidka.cz\/wp-content\/uploads\/2021\/11\/o-098-360x270.jpg 360w, https:\/\/www.zsvyhlidka.cz\/wp-content\/uploads\/2021\/11\/o-098.jpg 1129w\" sizes=\"(max-width: 1024px) 100vw, 1024px\" \/><\/a><\/figure><\/li><li class=\"blocks-gallery-item\"><figure><a href=\"https:\/\/www.zsvyhlidka.cz\/wp-content\/uploads\/2021\/11\/o-100.jpg\"><img loading=\"lazy\" width=\"1024\" height=\"768\" src=\"https:\/\/www.zsvyhlidka.cz\/wp-content\/uploads\/2021\/11\/o-100-1024x768.jpg\" alt=\"\" data-id=\"28829\" data-full-url=\"https:\/\/www.zsvyhlidka.cz\/wp-content\/uploads\/2021\/11\/o-100.jpg\" data-link=\"https:\/\/www.zsvyhlidka.cz\/?attachment_id=28829\" class=\"wp-image-28829\" srcset=\"https:\/\/www.zsvyhlidka.cz\/wp-content\/uploads\/2021\/11\/o-100-1024x768.jpg 1024w, https:\/\/www.zsvyhlidka.cz\/wp-content\/uploads\/2021\/11\/o-100-300x225.jpg 300w, https:\/\/www.zsvyhlidka.cz\/wp-content\/uploads\/2021\/11\/o-100-768x576.jpg 768w, https:\/\/www.zsvyhlidka.cz\/wp-content\/uploads\/2021\/11\/o-100-360x270.jpg 360w, https:\/\/www.zsvyhlidka.cz\/wp-content\/uploads\/2021\/11\/o-100.jpg 1129w\" sizes=\"(max-width: 1024px) 100vw, 1024px\" \/><\/a><\/figure><\/li><li class=\"blocks-gallery-item\"><figure><a href=\"https:\/\/www.zsvyhlidka.cz\/wp-content\/uploads\/2021\/11\/o-103.jpg\"><img loading=\"lazy\" width=\"1024\" height=\"768\" src=\"https:\/\/www.zsvyhlidka.cz\/wp-content\/uploads\/2021\/11\/o-103-1024x768.jpg\" alt=\"\" data-id=\"28830\" data-full-url=\"https:\/\/www.zsvyhlidka.cz\/wp-content\/uploads\/2021\/11\/o-103.jpg\" data-link=\"https:\/\/www.zsvyhlidka.cz\/?attachment_id=28830\" class=\"wp-image-28830\" srcset=\"https:\/\/www.zsvyhlidka.cz\/wp-content\/uploads\/2021\/11\/o-103-1024x768.jpg 1024w, https:\/\/www.zsvyhlidka.cz\/wp-content\/uploads\/2021\/11\/o-103-300x225.jpg 300w, https:\/\/www.zsvyhlidka.cz\/wp-content\/uploads\/2021\/11\/o-103-768x576.jpg 768w, https:\/\/www.zsvyhlidka.cz\/wp-content\/uploads\/2021\/11\/o-103-360x270.jpg 360w, https:\/\/www.zsvyhlidka.cz\/wp-content\/uploads\/2021\/11\/o-103.jpg 1129w\" sizes=\"(max-width: 1024px) 100vw, 1024px\" \/><\/a><\/figure><\/li><\/ul><\/figure>\n","protected":false},"excerpt":{"rendered":"<p>P\u0159i p\u0159\u00edle\u017eitosti Dne strom\u016f, kter\u00fd tento rok p\u0159ipadal na st\u0159edu 20. \u0159\u00edjna jsme se s&nbsp;d\u011btmi 2. a 4. odd\u011blen\u00ed \u0161koln\u00ed dru\u017einy vydali na proch\u00e1zku do z\u00e1meck\u00e9ho parku u&nbsp;z\u00e1mku Kinsk\u00fdch. Po\u010das\u00ed zprvu na\u0161\u00ed proch\u00e1zce moc nep\u0159\u00e1lo, ale posl\u00e9ze se umoud\u0159ilo a <a href=\"https:\/\/www.zsvyhlidka.cz\/?page_id=28823\" class=\"read-more\">Zobrazit v\u00edce&#8230;<\/a><\/p>\n","protected":false},"author":4,"featured_media":0,"parent":0,"menu_order":0,"comment_status":"closed","ping_status":"closed","template":"","meta":[],"_links":{"self":[{"href":"https:\/\/www.zsvyhlidka.cz\/index.php?rest_route=\/wp\/v2\/pages\/28823"}],"collection":[{"href":"https:\/\/www.zsvyhlidka.cz\/index.php?rest_route=\/wp\/v2\/pages"}],"about":[{"href":"https:\/\/www.zsvyhlidka.cz\/index.php?rest_route=\/wp\/v2\/types\/page"}],"author":[{"embeddable":true,"href":"https:\/\/www.zsvyhlidka.cz\/index.php?rest_route=\/wp\/v2\/users\/4"}],"replies":[{"embeddable":true,"href":"https:\/\/www.zsvyhlidka.cz\/index.php?rest_route=%2Fwp%2Fv2%2Fcomments&post=28823"}],"version-history":[{"count":1,"href":"https:\/\/www.zsvyhlidka.cz\/index.php?rest_route=\/wp\/v2\/pages\/28823\/revisions"}],"predecessor-version":[{"id":28831,"href":"https:\/\/www.zsvyhlidka.cz\/index.php?rest_route=\/wp\/v2\/pages\/28823\/revisions\/28831"}],"wp:attachment":[{"href":"https:\/\/www.zsvyhlidka.cz\/index.php?rest_route=%2Fwp%2Fv2%2Fmedia&parent=28823"}],"curies":[{"name":"wp","href":"https:\/\/api.w.org\/{rel}","templated":true}]}}