{"id":28899,"date":"2021-11-19T13:50:41","date_gmt":"2021-11-19T12:50:41","guid":{"rendered":"http:\/\/www.zsvyhlidka.cz\/?page_id=28899"},"modified":"2021-11-19T13:50:41","modified_gmt":"2021-11-19T12:50:41","slug":"navsteva-muzea-strasidel","status":"publish","type":"page","link":"https:\/\/www.zsvyhlidka.cz\/?page_id=28899","title":{"rendered":"N\u00e1v\u0161t\u011bva Muzea stra\u0161idel"},"content":{"rendered":"\n<p>M\u011bs\u00edc listopad je v&nbsp;na\u0161em odd\u011blen\u00ed \u0161koln\u00ed dru\u017einy m\u011bs\u00edcem stra\u0161idel. Postupn\u011b se seznamujeme z&nbsp;r\u016fzn\u00fdmi druhy stra\u0161idel, ale nejv\u00edce jsme se zam\u011b\u0159ili na ty, kter\u00e9 se vyskytuj\u00ed na Vala\u0161sku.<\/p>\n\n\n\n<p>Ve St\u0159edisku voln\u00e9ho \u010dasu Dome\u010dek ve Vala\u0161sk\u00e9m Mezi\u0159\u00ed\u010d\u00ed je vybudov\u00e1no muzeum pr\u00e1v\u011b s&nbsp;vyobrazen\u00edm nadp\u0159irozen\u00fdch bytost\u00ed, kter\u00e9 jsou spojeny s&nbsp;pov\u011bstmi a b\u00e1jemi z&nbsp;Vala\u0161ska.&nbsp; Tyto \u201estra\u0161idla\u201c jsou zde vyobrazeny v&nbsp;jejich \u017eivotn\u00ed velikosti a pocit tajemna navozuje osv\u011btlen\u00ed spole\u010dn\u011b se zvukovou kulisou. U ka\u017ed\u00e9 bytosti je cedule, kter\u00e1 vypov\u00edd\u00e1 o jeho charakteru i pov\u011bsti, kter\u00e1 se k&nbsp;n\u011bmu vztahuje.<\/p>\n\n\n\n<p>M\u016f\u017eeme se zde potkat s&nbsp;\u010dertem, kter\u00fd nedaleko Vala\u0161sk\u00e9ho Mezi\u0159\u00ed\u010d\u00ed ve vesnici Jarcov\u00e1 zanechal obrovsk\u00fd k\u00e1men zvan\u00fd Jarcovsk\u00e1 kula, s&nbsp;drakem z&nbsp;Velk\u00fdch Karlovic, jeho\u017e rozp\u011bt\u00ed k\u0159\u00eddel dosahuje a\u017e 6 metr\u016f. D\u00e1le zde m\u00e1me mo\u017enost shl\u00e9dnout vodn\u00edka, v\u00edly H\u016fkalky, divo\u017eenky, bazili\u0161ka, \u010dernokn\u011b\u017en\u00edka a dal\u0161\u00ed nadp\u0159irozen\u00e9 bytosti.<\/p>\n\n\n\n<p>Na tuto n\u00e1v\u0161t\u011bvu se d\u011bti moc t\u011b\u0161ily, n\u011bkter\u00e9 se malinko ob\u00e1valy, ale v\u0161ichni jsme si ji n\u00e1ramn\u011b u\u017eili.<\/p>\n\n\n\n<p><\/p>\n\n\n\n<p>Ing. Veronika Va\u0161\u00ed\u010dkov\u00e1, Romana Kacht\u00edkov\u00e1 \u2013 vychovatelky \u0161koln\u00ed dru\u017einy<\/p>\n\n\n\n<p><\/p>\n\n\n\n<figure class=\"wp-container-2 wp-block-gallery-1 wp-block-gallery columns-3 is-cropped\"><ul class=\"blocks-gallery-grid\"><li class=\"blocks-gallery-item\"><figure><a href=\"https:\/\/www.zsvyhlidka.cz\/wp-content\/uploads\/2021\/11\/255535852_320786952831987_9025365572671226166_n-1.jpg\"><img loading=\"lazy\" width=\"768\" height=\"1024\" src=\"https:\/\/www.zsvyhlidka.cz\/wp-content\/uploads\/2021\/11\/255535852_320786952831987_9025365572671226166_n-1-768x1024.jpg\" alt=\"\" data-id=\"28905\" data-full-url=\"https:\/\/www.zsvyhlidka.cz\/wp-content\/uploads\/2021\/11\/255535852_320786952831987_9025365572671226166_n-1.jpg\" data-link=\"https:\/\/www.zsvyhlidka.cz\/?attachment_id=28905\" class=\"wp-image-28905\" srcset=\"https:\/\/www.zsvyhlidka.cz\/wp-content\/uploads\/2021\/11\/255535852_320786952831987_9025365572671226166_n-1-768x1024.jpg 768w, https:\/\/www.zsvyhlidka.cz\/wp-content\/uploads\/2021\/11\/255535852_320786952831987_9025365572671226166_n-1-225x300.jpg 225w, https:\/\/www.zsvyhlidka.cz\/wp-content\/uploads\/2021\/11\/255535852_320786952831987_9025365572671226166_n-1-203x270.jpg 203w, https:\/\/www.zsvyhlidka.cz\/wp-content\/uploads\/2021\/11\/255535852_320786952831987_9025365572671226166_n-1.jpg 1116w\" sizes=\"(max-width: 768px) 100vw, 768px\" \/><\/a><\/figure><\/li><li class=\"blocks-gallery-item\"><figure><a href=\"https:\/\/www.zsvyhlidka.cz\/wp-content\/uploads\/2021\/11\/255745842_435393618090105_3596353895594131319_n-1.jpg\"><img loading=\"lazy\" width=\"1024\" height=\"768\" src=\"https:\/\/www.zsvyhlidka.cz\/wp-content\/uploads\/2021\/11\/255745842_435393618090105_3596353895594131319_n-1-1024x768.jpg\" alt=\"\" data-id=\"28906\" data-full-url=\"https:\/\/www.zsvyhlidka.cz\/wp-content\/uploads\/2021\/11\/255745842_435393618090105_3596353895594131319_n-1.jpg\" data-link=\"https:\/\/www.zsvyhlidka.cz\/?attachment_id=28906\" class=\"wp-image-28906\" srcset=\"https:\/\/www.zsvyhlidka.cz\/wp-content\/uploads\/2021\/11\/255745842_435393618090105_3596353895594131319_n-1-1024x768.jpg 1024w, https:\/\/www.zsvyhlidka.cz\/wp-content\/uploads\/2021\/11\/255745842_435393618090105_3596353895594131319_n-1-300x225.jpg 300w, https:\/\/www.zsvyhlidka.cz\/wp-content\/uploads\/2021\/11\/255745842_435393618090105_3596353895594131319_n-1-768x576.jpg 768w, https:\/\/www.zsvyhlidka.cz\/wp-content\/uploads\/2021\/11\/255745842_435393618090105_3596353895594131319_n-1-360x270.jpg 360w, https:\/\/www.zsvyhlidka.cz\/wp-content\/uploads\/2021\/11\/255745842_435393618090105_3596353895594131319_n-1.jpg 1488w\" sizes=\"(max-width: 1024px) 100vw, 1024px\" \/><\/a><\/figure><\/li><li class=\"blocks-gallery-item\"><figure><a href=\"https:\/\/www.zsvyhlidka.cz\/wp-content\/uploads\/2021\/11\/256800049_192378906390033_6451692820576068835_n-1.jpg\"><img loading=\"lazy\" width=\"1024\" height=\"768\" src=\"https:\/\/www.zsvyhlidka.cz\/wp-content\/uploads\/2021\/11\/256800049_192378906390033_6451692820576068835_n-1-1024x768.jpg\" alt=\"\" data-id=\"28907\" data-full-url=\"https:\/\/www.zsvyhlidka.cz\/wp-content\/uploads\/2021\/11\/256800049_192378906390033_6451692820576068835_n-1.jpg\" data-link=\"https:\/\/www.zsvyhlidka.cz\/?attachment_id=28907\" class=\"wp-image-28907\" srcset=\"https:\/\/www.zsvyhlidka.cz\/wp-content\/uploads\/2021\/11\/256800049_192378906390033_6451692820576068835_n-1-1024x768.jpg 1024w, https:\/\/www.zsvyhlidka.cz\/wp-content\/uploads\/2021\/11\/256800049_192378906390033_6451692820576068835_n-1-300x225.jpg 300w, https:\/\/www.zsvyhlidka.cz\/wp-content\/uploads\/2021\/11\/256800049_192378906390033_6451692820576068835_n-1-768x576.jpg 768w, https:\/\/www.zsvyhlidka.cz\/wp-content\/uploads\/2021\/11\/256800049_192378906390033_6451692820576068835_n-1-360x270.jpg 360w, https:\/\/www.zsvyhlidka.cz\/wp-content\/uploads\/2021\/11\/256800049_192378906390033_6451692820576068835_n-1.jpg 1488w\" sizes=\"(max-width: 1024px) 100vw, 1024px\" \/><\/a><\/figure><\/li><li class=\"blocks-gallery-item\"><figure><a href=\"https:\/\/www.zsvyhlidka.cz\/wp-content\/uploads\/2021\/11\/257410549_483604529548337_1253918823729762952_n-1.jpg\"><img loading=\"lazy\" width=\"768\" height=\"1024\" src=\"https:\/\/www.zsvyhlidka.cz\/wp-content\/uploads\/2021\/11\/257410549_483604529548337_1253918823729762952_n-1-768x1024.jpg\" alt=\"\" data-id=\"28908\" data-full-url=\"https:\/\/www.zsvyhlidka.cz\/wp-content\/uploads\/2021\/11\/257410549_483604529548337_1253918823729762952_n-1.jpg\" data-link=\"https:\/\/www.zsvyhlidka.cz\/?attachment_id=28908\" class=\"wp-image-28908\" srcset=\"https:\/\/www.zsvyhlidka.cz\/wp-content\/uploads\/2021\/11\/257410549_483604529548337_1253918823729762952_n-1-768x1024.jpg 768w, https:\/\/www.zsvyhlidka.cz\/wp-content\/uploads\/2021\/11\/257410549_483604529548337_1253918823729762952_n-1-225x300.jpg 225w, https:\/\/www.zsvyhlidka.cz\/wp-content\/uploads\/2021\/11\/257410549_483604529548337_1253918823729762952_n-1-202x270.jpg 202w, https:\/\/www.zsvyhlidka.cz\/wp-content\/uploads\/2021\/11\/257410549_483604529548337_1253918823729762952_n-1.jpg 1129w\" sizes=\"(max-width: 768px) 100vw, 768px\" \/><\/a><\/figure><\/li><li class=\"blocks-gallery-item\"><figure><a href=\"https:\/\/www.zsvyhlidka.cz\/wp-content\/uploads\/2021\/11\/257434975_268189098694011_2475185854188721282_n-1.jpg\"><img loading=\"lazy\" width=\"1024\" height=\"768\" src=\"https:\/\/www.zsvyhlidka.cz\/wp-content\/uploads\/2021\/11\/257434975_268189098694011_2475185854188721282_n-1-1024x768.jpg\" alt=\"\" data-id=\"28909\" data-full-url=\"https:\/\/www.zsvyhlidka.cz\/wp-content\/uploads\/2021\/11\/257434975_268189098694011_2475185854188721282_n-1.jpg\" data-link=\"https:\/\/www.zsvyhlidka.cz\/?attachment_id=28909\" class=\"wp-image-28909\" srcset=\"https:\/\/www.zsvyhlidka.cz\/wp-content\/uploads\/2021\/11\/257434975_268189098694011_2475185854188721282_n-1-1024x768.jpg 1024w, https:\/\/www.zsvyhlidka.cz\/wp-content\/uploads\/2021\/11\/257434975_268189098694011_2475185854188721282_n-1-300x225.jpg 300w, https:\/\/www.zsvyhlidka.cz\/wp-content\/uploads\/2021\/11\/257434975_268189098694011_2475185854188721282_n-1-768x576.jpg 768w, https:\/\/www.zsvyhlidka.cz\/wp-content\/uploads\/2021\/11\/257434975_268189098694011_2475185854188721282_n-1-360x270.jpg 360w, https:\/\/www.zsvyhlidka.cz\/wp-content\/uploads\/2021\/11\/257434975_268189098694011_2475185854188721282_n-1.jpg 1488w\" sizes=\"(max-width: 1024px) 100vw, 1024px\" \/><\/a><\/figure><\/li><li class=\"blocks-gallery-item\"><figure><a href=\"https:\/\/www.zsvyhlidka.cz\/wp-content\/uploads\/2021\/11\/258082114_616916792990695_3206185113339909653_n.jpg\"><img loading=\"lazy\" width=\"768\" height=\"1024\" src=\"https:\/\/www.zsvyhlidka.cz\/wp-content\/uploads\/2021\/11\/258082114_616916792990695_3206185113339909653_n-768x1024.jpg\" alt=\"\" data-id=\"28910\" data-full-url=\"https:\/\/www.zsvyhlidka.cz\/wp-content\/uploads\/2021\/11\/258082114_616916792990695_3206185113339909653_n.jpg\" data-link=\"https:\/\/www.zsvyhlidka.cz\/?attachment_id=28910\" class=\"wp-image-28910\" srcset=\"https:\/\/www.zsvyhlidka.cz\/wp-content\/uploads\/2021\/11\/258082114_616916792990695_3206185113339909653_n-768x1024.jpg 768w, https:\/\/www.zsvyhlidka.cz\/wp-content\/uploads\/2021\/11\/258082114_616916792990695_3206185113339909653_n-225x300.jpg 225w, https:\/\/www.zsvyhlidka.cz\/wp-content\/uploads\/2021\/11\/258082114_616916792990695_3206185113339909653_n-203x270.jpg 203w, https:\/\/www.zsvyhlidka.cz\/wp-content\/uploads\/2021\/11\/258082114_616916792990695_3206185113339909653_n.jpg 1116w\" sizes=\"(max-width: 768px) 100vw, 768px\" \/><\/a><\/figure><\/li><\/ul><\/figure>\n","protected":false},"excerpt":{"rendered":"<p>M\u011bs\u00edc listopad je v&nbsp;na\u0161em odd\u011blen\u00ed \u0161koln\u00ed dru\u017einy m\u011bs\u00edcem stra\u0161idel. Postupn\u011b se seznamujeme z&nbsp;r\u016fzn\u00fdmi druhy stra\u0161idel, ale nejv\u00edce jsme se zam\u011b\u0159ili na ty, kter\u00e9 se vyskytuj\u00ed na Vala\u0161sku. Ve St\u0159edisku voln\u00e9ho \u010dasu Dome\u010dek ve Vala\u0161sk\u00e9m Mezi\u0159\u00ed\u010d\u00ed je vybudov\u00e1no muzeum pr\u00e1v\u011b s&nbsp;vyobrazen\u00edm <a href=\"https:\/\/www.zsvyhlidka.cz\/?page_id=28899\" class=\"read-more\">Zobrazit v\u00edce&#8230;<\/a><\/p>\n","protected":false},"author":4,"featured_media":0,"parent":0,"menu_order":0,"comment_status":"closed","ping_status":"closed","template":"","meta":[],"_links":{"self":[{"href":"https:\/\/www.zsvyhlidka.cz\/index.php?rest_route=\/wp\/v2\/pages\/28899"}],"collection":[{"href":"https:\/\/www.zsvyhlidka.cz\/index.php?rest_route=\/wp\/v2\/pages"}],"about":[{"href":"https:\/\/www.zsvyhlidka.cz\/index.php?rest_route=\/wp\/v2\/types\/page"}],"author":[{"embeddable":true,"href":"https:\/\/www.zsvyhlidka.cz\/index.php?rest_route=\/wp\/v2\/users\/4"}],"replies":[{"embeddable":true,"href":"https:\/\/www.zsvyhlidka.cz\/index.php?rest_route=%2Fwp%2Fv2%2Fcomments&post=28899"}],"version-history":[{"count":1,"href":"https:\/\/www.zsvyhlidka.cz\/index.php?rest_route=\/wp\/v2\/pages\/28899\/revisions"}],"predecessor-version":[{"id":28911,"href":"https:\/\/www.zsvyhlidka.cz\/index.php?rest_route=\/wp\/v2\/pages\/28899\/revisions\/28911"}],"wp:attachment":[{"href":"https:\/\/www.zsvyhlidka.cz\/index.php?rest_route=%2Fwp%2Fv2%2Fmedia&parent=28899"}],"curies":[{"name":"wp","href":"https:\/\/api.w.org\/{rel}","templated":true}]}}