{"id":28930,"date":"2021-11-24T13:47:36","date_gmt":"2021-11-24T12:47:36","guid":{"rendered":"http:\/\/www.zsvyhlidka.cz\/?page_id=28930"},"modified":"2021-11-24T13:50:04","modified_gmt":"2021-11-24T12:50:04","slug":"hratky-s-predskolaky-preruseni","status":"publish","type":"page","link":"https:\/\/www.zsvyhlidka.cz\/?page_id=28930","title":{"rendered":"Hr\u00e1tky s p\u0159ed\u0161kol\u00e1ky &#8211; p\u0159eru\u0161en\u00ed"},"content":{"rendered":"\n<p>Z d\u016fvodu nep\u0159\u00edzniv\u00e9 epidemiologick\u00e9 situace se Hr\u00e1tky s p\u0159ed\u0161kol\u00e1ky do odvol\u00e1n\u00ed <strong>ru\u0161\u00ed<\/strong>. <\/p>\n\n\n\n<p>D\u011bkujeme za pochopen\u00ed, <\/p>\n\n\n\n<p>Mgr. Daniela Miklov\u00e1<\/p>\n","protected":false},"excerpt":{"rendered":"<p>Z d\u016fvodu nep\u0159\u00edzniv\u00e9 epidemiologick\u00e9 situace se Hr\u00e1tky s p\u0159ed\u0161kol\u00e1ky do odvol\u00e1n\u00ed ru\u0161\u00ed. D\u011bkujeme za pochopen\u00ed, Mgr. Daniela Miklov\u00e1<\/p>\n","protected":false},"author":4,"featured_media":0,"parent":0,"menu_order":0,"comment_status":"closed","ping_status":"closed","template":"","meta":[],"_links":{"self":[{"href":"https:\/\/www.zsvyhlidka.cz\/index.php?rest_route=\/wp\/v2\/pages\/28930"}],"collection":[{"href":"https:\/\/www.zsvyhlidka.cz\/index.php?rest_route=\/wp\/v2\/pages"}],"about":[{"href":"https:\/\/www.zsvyhlidka.cz\/index.php?rest_route=\/wp\/v2\/types\/page"}],"author":[{"embeddable":true,"href":"https:\/\/www.zsvyhlidka.cz\/index.php?rest_route=\/wp\/v2\/users\/4"}],"replies":[{"embeddable":true,"href":"https:\/\/www.zsvyhlidka.cz\/index.php?rest_route=%2Fwp%2Fv2%2Fcomments&post=28930"}],"version-history":[{"count":3,"href":"https:\/\/www.zsvyhlidka.cz\/index.php?rest_route=\/wp\/v2\/pages\/28930\/revisions"}],"predecessor-version":[{"id":28934,"href":"https:\/\/www.zsvyhlidka.cz\/index.php?rest_route=\/wp\/v2\/pages\/28930\/revisions\/28934"}],"wp:attachment":[{"href":"https:\/\/www.zsvyhlidka.cz\/index.php?rest_route=%2Fwp%2Fv2%2Fmedia&parent=28930"}],"curies":[{"name":"wp","href":"https:\/\/api.w.org\/{rel}","templated":true}]}}