{"id":28950,"date":"2021-12-08T08:13:33","date_gmt":"2021-12-08T07:13:33","guid":{"rendered":"http:\/\/www.zsvyhlidka.cz\/?page_id=28950"},"modified":"2021-12-08T08:13:34","modified_gmt":"2021-12-08T07:13:34","slug":"zakovsky-parlament-ve-skolni-druzine","status":"publish","type":"page","link":"https:\/\/www.zsvyhlidka.cz\/?page_id=28950","title":{"rendered":"\u017d\u00e1kovsk\u00fd parlament ve \u0161koln\u00ed dru\u017ein\u011b"},"content":{"rendered":"\n<p>Skupinka \u017e\u00e1ky\u0148 \u017e\u00e1kovsk\u00e9ho parlamentu z&nbsp;9. C Barbora Novosadov\u00e1, Karin Klosov\u00e1, Aneta Filipov\u00e1 a So\u0148a Jasn\u00e1 p\u0159ipravily v&nbsp;r\u00e1mci sv\u00e9 parlamentn\u00ed \u010dinnosti kr\u00e1sn\u00fd podzimn\u00ed program pro \u00fa\u010dastn\u00edky 4. odd\u011blen\u00ed \u0160D.<\/p>\n\n\n\n<p>Nav\u0161t\u00edvily n\u00e1s v&nbsp;\u00fater\u00fd 30. 11. 2021 a str\u00e1vily v&nbsp;na\u0161em odd\u011blen\u00ed hodinku napln\u011bnou pe\u010dliv\u011b p\u0159ipraven\u00fdm v\u00fdchovn\u011b vzd\u011bl\u00e1vac\u00edm programem pro d\u011bti 2. a 3. ro\u010dn\u00edku. T\u00e9matem byl podzim. Nejprve d\u011bti pro\u0161ly z\u00e1bavnou formou pracovn\u00edm listem spojen\u00fdm s&nbsp;obecn\u00fdmi znalostmi o podzimu.<\/p>\n\n\n\n<p>Dal\u0161\u00ed okruh znalost\u00ed se t\u00fdkal praktick\u00fdch uk\u00e1zek podzimn\u00edch p\u0159\u00edrodnin spojen\u00fdch s&nbsp;dotazy o jejich n\u00e1zvu \u010di za\u0159azen\u00ed.&nbsp; N\u00e1sledovala mini sout\u011b\u017e o tradi\u010dn\u00edch sv\u00e1tc\u00edch, kter\u00e9 na podzim m\u00e1me.&nbsp;Jsem r\u00e1da, \u017ee d\u011bti 4. odd\u011blen\u00ed se uk\u00e1zaly nejen bystr\u00fdmi, ale i znal\u00e9 v\u011bci podzimn\u00edch.<\/p>\n\n\n\n<p>D\u011bv\u010data z&nbsp;\u017e\u00e1kovsk\u00e9ho parlamentu projevily nejen empatii k&nbsp;d\u011btem, kter\u00fdm se podzimn\u00ed v\u011bdomosti pletly s&nbsp;t\u011bmi zimn\u00edmi, ale hlavn\u011b \u0161ikovn\u011b zvl\u00e1dly roli mentorek a p\u0159enesly se p\u0159es most tr\u00e9my p\u0159estoupit p\u0159ed mlad\u0161\u00ed \u017e\u00e1ky, sjednat si klid a z\u00edskat jejich pozornost.<\/p>\n\n\n\n<p>T\u011b\u0161\u00edme se, \u017ee tato spolupr\u00e1ce bude pokra\u010dovat i na dal\u0161\u00ed t\u00e9mata a d\u011bkujeme pan\u00ed u\u010ditelce Mgr. Alen\u011b E\u0161lerov\u00e9, za n\u00e1pad a organizaci propojit \u010dinnosti \u017e\u00e1kovsk\u00e9ho parlamentu se \u0161koln\u00ed dru\u017einou.<\/p>\n\n\n\n<p>Olga Nejedl\u00e1, 4. odd\u011blen\u00ed \u0160D<\/p>\n\n\n\n<figure class=\"wp-block-image size-large\"><a href=\"https:\/\/www.zsvyhlidka.cz\/wp-content\/uploads\/2021\/12\/Foto-2.jpg\"><img loading=\"lazy\" width=\"1024\" height=\"769\" src=\"https:\/\/www.zsvyhlidka.cz\/wp-content\/uploads\/2021\/12\/Foto-2-1024x769.jpg\" alt=\"\" class=\"wp-image-28951\" srcset=\"https:\/\/www.zsvyhlidka.cz\/wp-content\/uploads\/2021\/12\/Foto-2-1024x769.jpg 1024w, https:\/\/www.zsvyhlidka.cz\/wp-content\/uploads\/2021\/12\/Foto-2-300x225.jpg 300w, https:\/\/www.zsvyhlidka.cz\/wp-content\/uploads\/2021\/12\/Foto-2-768x577.jpg 768w, https:\/\/www.zsvyhlidka.cz\/wp-content\/uploads\/2021\/12\/Foto-2-360x270.jpg 360w, https:\/\/www.zsvyhlidka.cz\/wp-content\/uploads\/2021\/12\/Foto-2.jpg 1488w\" sizes=\"(max-width: 1024px) 100vw, 1024px\" \/><\/a><\/figure>\n\n\n\n<figure class=\"wp-block-image size-large\"><a href=\"https:\/\/www.zsvyhlidka.cz\/wp-content\/uploads\/2021\/12\/Foto-1.jpg\"><img loading=\"lazy\" width=\"1024\" height=\"769\" src=\"https:\/\/www.zsvyhlidka.cz\/wp-content\/uploads\/2021\/12\/Foto-1-1024x769.jpg\" alt=\"\" class=\"wp-image-28952\" srcset=\"https:\/\/www.zsvyhlidka.cz\/wp-content\/uploads\/2021\/12\/Foto-1-1024x769.jpg 1024w, https:\/\/www.zsvyhlidka.cz\/wp-content\/uploads\/2021\/12\/Foto-1-300x225.jpg 300w, https:\/\/www.zsvyhlidka.cz\/wp-content\/uploads\/2021\/12\/Foto-1-768x577.jpg 768w, https:\/\/www.zsvyhlidka.cz\/wp-content\/uploads\/2021\/12\/Foto-1-360x270.jpg 360w, https:\/\/www.zsvyhlidka.cz\/wp-content\/uploads\/2021\/12\/Foto-1.jpg 1488w\" sizes=\"(max-width: 1024px) 100vw, 1024px\" \/><\/a><\/figure>\n","protected":false},"excerpt":{"rendered":"<p>Skupinka \u017e\u00e1ky\u0148 \u017e\u00e1kovsk\u00e9ho parlamentu z&nbsp;9. C Barbora Novosadov\u00e1, Karin Klosov\u00e1, Aneta Filipov\u00e1 a So\u0148a Jasn\u00e1 p\u0159ipravily v&nbsp;r\u00e1mci sv\u00e9 parlamentn\u00ed \u010dinnosti kr\u00e1sn\u00fd podzimn\u00ed program pro \u00fa\u010dastn\u00edky 4. odd\u011blen\u00ed \u0160D. Nav\u0161t\u00edvily n\u00e1s v&nbsp;\u00fater\u00fd 30. 11. 2021 a str\u00e1vily v&nbsp;na\u0161em odd\u011blen\u00ed hodinku napln\u011bnou <a href=\"https:\/\/www.zsvyhlidka.cz\/?page_id=28950\" class=\"read-more\">Zobrazit v\u00edce&#8230;<\/a><\/p>\n","protected":false},"author":4,"featured_media":0,"parent":0,"menu_order":0,"comment_status":"closed","ping_status":"closed","template":"","meta":[],"_links":{"self":[{"href":"https:\/\/www.zsvyhlidka.cz\/index.php?rest_route=\/wp\/v2\/pages\/28950"}],"collection":[{"href":"https:\/\/www.zsvyhlidka.cz\/index.php?rest_route=\/wp\/v2\/pages"}],"about":[{"href":"https:\/\/www.zsvyhlidka.cz\/index.php?rest_route=\/wp\/v2\/types\/page"}],"author":[{"embeddable":true,"href":"https:\/\/www.zsvyhlidka.cz\/index.php?rest_route=\/wp\/v2\/users\/4"}],"replies":[{"embeddable":true,"href":"https:\/\/www.zsvyhlidka.cz\/index.php?rest_route=%2Fwp%2Fv2%2Fcomments&post=28950"}],"version-history":[{"count":1,"href":"https:\/\/www.zsvyhlidka.cz\/index.php?rest_route=\/wp\/v2\/pages\/28950\/revisions"}],"predecessor-version":[{"id":28953,"href":"https:\/\/www.zsvyhlidka.cz\/index.php?rest_route=\/wp\/v2\/pages\/28950\/revisions\/28953"}],"wp:attachment":[{"href":"https:\/\/www.zsvyhlidka.cz\/index.php?rest_route=%2Fwp%2Fv2%2Fmedia&parent=28950"}],"curies":[{"name":"wp","href":"https:\/\/api.w.org\/{rel}","templated":true}]}}