{"id":28998,"date":"2021-12-22T12:30:19","date_gmt":"2021-12-22T11:30:19","guid":{"rendered":"http:\/\/www.zsvyhlidka.cz\/?page_id=28998"},"modified":"2021-12-22T12:36:42","modified_gmt":"2021-12-22T11:36:42","slug":"advent-ve-skolni-druzine-3","status":"publish","type":"page","link":"https:\/\/www.zsvyhlidka.cz\/?page_id=28998","title":{"rendered":"Advent ve \u0161koln\u00ed dru\u017ein\u011b"},"content":{"rendered":"\n<p>\u010cas chyst\u00e1n\u00ed, p\u0159\u00edprav a hlavn\u011b t\u011b\u0161en\u00ed se na V\u00e1noce.&nbsp; V&nbsp;odd\u011blen\u00edch se d\u011blo tolik p\u0159edv\u00e1no\u010dn\u00edch aktivit, kter\u00e9 v&nbsp;minul\u00e9m roce nemohly b\u00fdt napln\u011bny.<\/p>\n\n\n\n<p>&nbsp;&nbsp;&nbsp;&nbsp;&nbsp;&nbsp;&nbsp;&nbsp;&nbsp;&nbsp;&nbsp; S&nbsp;d\u011btmi ve \u0161koln\u00ed dru\u017ein\u011b si cel\u00fd rok p\u0159ipom\u00edn\u00e1me zvyky a tradice na\u0161ich p\u0159edk\u016f, ale ty v\u00e1no\u010dn\u00ed jsou nejkr\u00e1sn\u011bj\u0161\u00edmi v&nbsp;roce.<\/p>\n\n\n\n<p>&nbsp;&nbsp;&nbsp;&nbsp;&nbsp;&nbsp;&nbsp;&nbsp;&nbsp;&nbsp;&nbsp; U\u017e na Sv. Martina p\u0159ed adventem jsme o\u010dek\u00e1vali b\u00edl\u00e9ho kon\u011b, \u010detli jsme si p\u0159\u00edslov\u00ed, po\u0159ekadla a tvo\u0159ili svatomartinsk\u00e9 symboly, kon\u00edky, husy a podkovy z&nbsp;pap\u00edru.<\/p>\n\n\n\n<p>&nbsp;&nbsp;&nbsp;&nbsp;&nbsp;&nbsp;&nbsp;&nbsp;&nbsp;&nbsp;&nbsp; Tradici svat\u00e9 Barborky jsme si vysv\u011btlili u t\u0159e\u0161\u0148ov\u00e9ho stromu v&nbsp;na\u0161\u00ed \u0161koln\u00ed zahrad\u011b. A te\u010f u\u017e jen, aby n\u00e1m v\u011btvi\u010dky \u201ebarborky\u201c v&nbsp;odd\u011blen\u00edch vykvetly a p\u0159inesly n\u00e1m zdrav\u00ed a hojnost v\u0161eho dobr\u00e9ho.<\/p>\n\n\n\n<p>&nbsp;&nbsp;&nbsp;&nbsp;&nbsp;&nbsp;&nbsp;&nbsp;&nbsp;&nbsp;&nbsp; Mikul\u00e1\u0161sk\u00fd t\u00fdden n\u00e1s tak\u00e9 moc bavil a \u010dert\u016f jsme se neb\u00e1li. V&nbsp;na\u0161ich dru\u017eink\u00e1ch d\u011bti nezlob\u00ed a kdy\u017e tak jen malinko.<\/p>\n\n\n\n<p>&nbsp;&nbsp;&nbsp;&nbsp;&nbsp;&nbsp;&nbsp;&nbsp;&nbsp;&nbsp;&nbsp; Mikul\u00e1\u0161sk\u00e9 tvo\u0159en\u00ed a odpoledne mikul\u00e1\u0161sk\u00fdch &nbsp;nad\u00edlek &nbsp;si ka\u017ed\u00e9 odd\u011blen\u00ed p\u0159ipravilo samo. Ani letos poch\u016fzky svat\u00fdch Luci\u00ed na n\u00e1m\u011bst\u00ed nemohly b\u00fdt, p\u0159ipomenuli jsme si jejich tradici hlazen\u00ed pe\u0159\u00ed\u010dky, aspo\u0148 v&nbsp;odd\u011blen\u00ed.<\/p>\n\n\n\n<p>&nbsp;&nbsp;&nbsp;&nbsp;&nbsp;&nbsp;&nbsp;&nbsp;&nbsp;&nbsp;&nbsp; A to u\u017e jsme byli na krok k&nbsp;V\u00e1noc\u016fm. Nevy\u0161\u0161\u00ed \u010das v\u00fdzdoby chodeb, odd\u011blen\u00ed a t\u0159\u00edd \u0160D. Na kr\u00e1sn\u00e9 v\u00fdzdob\u011b sv\u00fdm d\u00edlem p\u0159isp\u011bly v\u0161echna odd\u011blen\u00ed. Jak se n\u00e1m to povedlo, m\u016f\u017eete posoudit i Vy rodi\u010de. A to jak mezipatro \u0161koln\u00ed dru\u017einy, tak obr\u00e1zkovou chodbu s&nbsp;and\u00edlky, s\u00edt\u011b s&nbsp;v\u00fdtvarnou tvorbou d\u011bt\u00ed, zimn\u00ed v\u00fdzdobu hlavn\u00edho vchodu \u0161koly i strome\u010dek u schod\u016f na n\u00e1dvo\u0159\u00ed.<\/p>\n\n\n\n<p>&nbsp;&nbsp;&nbsp;&nbsp;&nbsp;&nbsp;&nbsp;&nbsp;&nbsp;&nbsp;&nbsp; K&nbsp;adventn\u00edmu obdob\u00ed neodmysliteln\u011b v&nbsp;na\u0161\u00ed dru\u017ein\u011b pat\u0159\u00ed v\u00e1no\u010dn\u00ed d\u00edlni\u010dky. Za poslechu a zp\u011bvu koled se v&nbsp;jednotliv\u00fdch odd\u011blen\u00edch vyr\u00e1b\u011bly dekorace, d\u00e1re\u010dky, v\u00fdrobky z&nbsp;p\u0159\u00edrodnin, z\u00e1pichy ze \u0161pachtl\u00ed a reli\u00e9fn\u00ed pr\u00e1ce z&nbsp;big shotu. A tak\u00e9 m\u00e1me rekord nejdel\u0161\u00edho v\u00e1no\u010dn\u00ed \u0159et\u011bzu z&nbsp;pap\u00edru. 2. odd\u011blen\u00ed j\u00edm dok\u00e1zalo obto\u010dit celou t\u0159\u00eddu.<\/p>\n\n\n\n<p>&nbsp;&nbsp;&nbsp;&nbsp;&nbsp;&nbsp;&nbsp;&nbsp;&nbsp;&nbsp;&nbsp; V\u00e1no\u010dn\u00ed tvo\u0159en\u00ed n\u00e1s i d\u011bti v\u017edy moc bav\u00ed a fantazii se meze nekladou. Vznikaly kouzeln\u00e9 v\u00fdrobky, kter\u00e9 zdob\u00ed na\u0161e odd\u011blen\u00ed a ty, kter\u00e9 si d\u011bti odnesou dom\u016f, ur\u010dit\u011b pot\u011b\u0161en\u00ed obdarovan\u00e9.<\/p>\n\n\n\n<p>&nbsp;&nbsp;&nbsp;&nbsp;&nbsp;&nbsp;&nbsp;&nbsp;&nbsp;&nbsp;&nbsp; Advent je nejen dobou t\u011b\u0161en\u00ed, ale i dobou rozj\u00edm\u00e1n\u00ed a sebezpytov\u00e1n\u00ed. I tomu jsme se v&nbsp;na\u0161ich komunika\u010dn\u00edch pov\u00edd\u00e1n\u00edch v\u011bnovali. D\u011bl\u00e1me v\u0161e, jak m\u00e1me a spr\u00e1vn\u011b? Jak se chovat a jak vych\u00e1zet s&nbsp;d\u011btmi v&nbsp;kolektivu? &nbsp;A v&nbsp;tomhle p\u0159edv\u00e1no\u010dn\u00edm \u010dase, si d\u011bti odnesly pozn\u00e1n\u00ed, \u017ee nejen d\u00e1rky dost\u00e1vat je p\u0159\u00edjemn\u00e9, ale i obdarov\u00e1vat, vyvol\u00e1v\u00e1 pocit radosti a \u0161t\u011bst\u00ed.<\/p>\n\n\n\n<p>&nbsp;&nbsp;&nbsp;&nbsp;&nbsp;&nbsp;&nbsp;&nbsp;&nbsp;&nbsp;&nbsp; V&nbsp;odd\u011blen\u00edch u\u017e jsme postupn\u011b zapo\u010dali s&nbsp;v\u00e1no\u010dn\u00edmi bes\u00eddkami a rozlou\u010d\u00edme se ve st\u0159edu, jak jinak, ne\u017e p\u011bknou poh\u00e1dkou.<\/p>\n\n\n\n<p>Kr\u00e1sn\u00e9 pro\u017eit\u00ed v\u00e1no\u010dn\u00edch sv\u00e1tk\u016f a do nov\u00e9ho roku p\u0159ejeme hlavn\u011b pevn\u00e9 zdrav\u00ed!<\/p>\n\n\n\n<p>Kolektiv vychovatelek \u0160D<\/p>\n\n\n\n<p><\/p>\n\n\n\n<figure class=\"wp-container-2 wp-block-gallery-1 wp-block-gallery columns-3 is-cropped\"><ul class=\"blocks-gallery-grid\"><li class=\"blocks-gallery-item\"><figure><a href=\"https:\/\/www.zsvyhlidka.cz\/wp-content\/uploads\/2021\/12\/Advent-2-1.jpg\"><img loading=\"lazy\" width=\"1024\" height=\"768\" src=\"https:\/\/www.zsvyhlidka.cz\/wp-content\/uploads\/2021\/12\/Advent-2-1-1024x768.jpg\" alt=\"\" data-id=\"29001\" data-full-url=\"https:\/\/www.zsvyhlidka.cz\/wp-content\/uploads\/2021\/12\/Advent-2-1.jpg\" data-link=\"https:\/\/www.zsvyhlidka.cz\/?attachment_id=29001\" class=\"wp-image-29001\" srcset=\"https:\/\/www.zsvyhlidka.cz\/wp-content\/uploads\/2021\/12\/Advent-2-1-1024x768.jpg 1024w, https:\/\/www.zsvyhlidka.cz\/wp-content\/uploads\/2021\/12\/Advent-2-1-300x225.jpg 300w, https:\/\/www.zsvyhlidka.cz\/wp-content\/uploads\/2021\/12\/Advent-2-1-768x576.jpg 768w, https:\/\/www.zsvyhlidka.cz\/wp-content\/uploads\/2021\/12\/Advent-2-1-360x270.jpg 360w, https:\/\/www.zsvyhlidka.cz\/wp-content\/uploads\/2021\/12\/Advent-2-1.jpg 1488w\" sizes=\"(max-width: 1024px) 100vw, 1024px\" \/><\/a><\/figure><\/li><li class=\"blocks-gallery-item\"><figure><a href=\"https:\/\/www.zsvyhlidka.cz\/wp-content\/uploads\/2021\/12\/Advent-2-2.jpg\"><img loading=\"lazy\" width=\"1024\" height=\"768\" src=\"https:\/\/www.zsvyhlidka.cz\/wp-content\/uploads\/2021\/12\/Advent-2-2-1024x768.jpg\" alt=\"\" data-id=\"29002\" data-full-url=\"https:\/\/www.zsvyhlidka.cz\/wp-content\/uploads\/2021\/12\/Advent-2-2.jpg\" data-link=\"https:\/\/www.zsvyhlidka.cz\/?attachment_id=29002\" class=\"wp-image-29002\" srcset=\"https:\/\/www.zsvyhlidka.cz\/wp-content\/uploads\/2021\/12\/Advent-2-2-1024x768.jpg 1024w, https:\/\/www.zsvyhlidka.cz\/wp-content\/uploads\/2021\/12\/Advent-2-2-300x225.jpg 300w, https:\/\/www.zsvyhlidka.cz\/wp-content\/uploads\/2021\/12\/Advent-2-2-768x576.jpg 768w, https:\/\/www.zsvyhlidka.cz\/wp-content\/uploads\/2021\/12\/Advent-2-2-360x270.jpg 360w, https:\/\/www.zsvyhlidka.cz\/wp-content\/uploads\/2021\/12\/Advent-2-2.jpg 1488w\" sizes=\"(max-width: 1024px) 100vw, 1024px\" \/><\/a><\/figure><\/li><li class=\"blocks-gallery-item\"><figure><a href=\"https:\/\/www.zsvyhlidka.cz\/wp-content\/uploads\/2021\/12\/Advent-3.jpg\"><img loading=\"lazy\" width=\"1024\" height=\"769\" src=\"https:\/\/www.zsvyhlidka.cz\/wp-content\/uploads\/2021\/12\/Advent-3-1024x769.jpg\" alt=\"\" data-id=\"29003\" data-full-url=\"https:\/\/www.zsvyhlidka.cz\/wp-content\/uploads\/2021\/12\/Advent-3.jpg\" data-link=\"https:\/\/www.zsvyhlidka.cz\/?attachment_id=29003\" class=\"wp-image-29003\" srcset=\"https:\/\/www.zsvyhlidka.cz\/wp-content\/uploads\/2021\/12\/Advent-3-1024x769.jpg 1024w, https:\/\/www.zsvyhlidka.cz\/wp-content\/uploads\/2021\/12\/Advent-3-300x225.jpg 300w, https:\/\/www.zsvyhlidka.cz\/wp-content\/uploads\/2021\/12\/Advent-3-768x577.jpg 768w, https:\/\/www.zsvyhlidka.cz\/wp-content\/uploads\/2021\/12\/Advent-3-360x270.jpg 360w, https:\/\/www.zsvyhlidka.cz\/wp-content\/uploads\/2021\/12\/Advent-3.jpg 1486w\" sizes=\"(max-width: 1024px) 100vw, 1024px\" \/><\/a><\/figure><\/li><li class=\"blocks-gallery-item\"><figure><a href=\"https:\/\/www.zsvyhlidka.cz\/wp-content\/uploads\/2021\/12\/Advent-4.jpeg\"><img loading=\"lazy\" width=\"765\" height=\"1024\" src=\"https:\/\/www.zsvyhlidka.cz\/wp-content\/uploads\/2021\/12\/Advent-4-765x1024.jpeg\" alt=\"\" data-id=\"29004\" data-full-url=\"https:\/\/www.zsvyhlidka.cz\/wp-content\/uploads\/2021\/12\/Advent-4.jpeg\" data-link=\"https:\/\/www.zsvyhlidka.cz\/?attachment_id=29004\" class=\"wp-image-29004\" srcset=\"https:\/\/www.zsvyhlidka.cz\/wp-content\/uploads\/2021\/12\/Advent-4-765x1024.jpeg 765w, https:\/\/www.zsvyhlidka.cz\/wp-content\/uploads\/2021\/12\/Advent-4-224x300.jpeg 224w, https:\/\/www.zsvyhlidka.cz\/wp-content\/uploads\/2021\/12\/Advent-4-768x1028.jpeg 768w, https:\/\/www.zsvyhlidka.cz\/wp-content\/uploads\/2021\/12\/Advent-4-202x270.jpeg 202w, https:\/\/www.zsvyhlidka.cz\/wp-content\/uploads\/2021\/12\/Advent-4.jpeg 1050w\" sizes=\"(max-width: 765px) 100vw, 765px\" \/><\/a><\/figure><\/li><li class=\"blocks-gallery-item\"><figure><a href=\"https:\/\/www.zsvyhlidka.cz\/wp-content\/uploads\/2021\/12\/Advent-5.jpeg\"><img loading=\"lazy\" width=\"768\" height=\"1024\" src=\"https:\/\/www.zsvyhlidka.cz\/wp-content\/uploads\/2021\/12\/Advent-5-768x1024.jpeg\" alt=\"\" data-id=\"29005\" data-full-url=\"https:\/\/www.zsvyhlidka.cz\/wp-content\/uploads\/2021\/12\/Advent-5.jpeg\" data-link=\"https:\/\/www.zsvyhlidka.cz\/?attachment_id=29005\" class=\"wp-image-29005\" srcset=\"https:\/\/www.zsvyhlidka.cz\/wp-content\/uploads\/2021\/12\/Advent-5-768x1024.jpeg 768w, https:\/\/www.zsvyhlidka.cz\/wp-content\/uploads\/2021\/12\/Advent-5-225x300.jpeg 225w, https:\/\/www.zsvyhlidka.cz\/wp-content\/uploads\/2021\/12\/Advent-5-1152x1536.jpeg 1152w, https:\/\/www.zsvyhlidka.cz\/wp-content\/uploads\/2021\/12\/Advent-5-203x270.jpeg 203w, https:\/\/www.zsvyhlidka.cz\/wp-content\/uploads\/2021\/12\/Advent-5.jpeg 1350w\" sizes=\"(max-width: 768px) 100vw, 768px\" \/><\/a><\/figure><\/li><\/ul><\/figure>\n\n\n\n<p><\/p>\n\n\n\n<p><\/p>\n","protected":false},"excerpt":{"rendered":"<p>\u010cas chyst\u00e1n\u00ed, p\u0159\u00edprav a hlavn\u011b t\u011b\u0161en\u00ed se na V\u00e1noce.&nbsp; V&nbsp;odd\u011blen\u00edch se d\u011blo tolik p\u0159edv\u00e1no\u010dn\u00edch aktivit, kter\u00e9 v&nbsp;minul\u00e9m roce nemohly b\u00fdt napln\u011bny. &nbsp;&nbsp;&nbsp;&nbsp;&nbsp;&nbsp;&nbsp;&nbsp;&nbsp;&nbsp;&nbsp; S&nbsp;d\u011btmi ve \u0161koln\u00ed dru\u017ein\u011b si cel\u00fd rok p\u0159ipom\u00edn\u00e1me zvyky a tradice na\u0161ich p\u0159edk\u016f, ale ty v\u00e1no\u010dn\u00ed jsou nejkr\u00e1sn\u011bj\u0161\u00edmi <a href=\"https:\/\/www.zsvyhlidka.cz\/?page_id=28998\" class=\"read-more\">Zobrazit v\u00edce&#8230;<\/a><\/p>\n","protected":false},"author":4,"featured_media":0,"parent":0,"menu_order":0,"comment_status":"closed","ping_status":"closed","template":"","meta":[],"_links":{"self":[{"href":"https:\/\/www.zsvyhlidka.cz\/index.php?rest_route=\/wp\/v2\/pages\/28998"}],"collection":[{"href":"https:\/\/www.zsvyhlidka.cz\/index.php?rest_route=\/wp\/v2\/pages"}],"about":[{"href":"https:\/\/www.zsvyhlidka.cz\/index.php?rest_route=\/wp\/v2\/types\/page"}],"author":[{"embeddable":true,"href":"https:\/\/www.zsvyhlidka.cz\/index.php?rest_route=\/wp\/v2\/users\/4"}],"replies":[{"embeddable":true,"href":"https:\/\/www.zsvyhlidka.cz\/index.php?rest_route=%2Fwp%2Fv2%2Fcomments&post=28998"}],"version-history":[{"count":2,"href":"https:\/\/www.zsvyhlidka.cz\/index.php?rest_route=\/wp\/v2\/pages\/28998\/revisions"}],"predecessor-version":[{"id":29006,"href":"https:\/\/www.zsvyhlidka.cz\/index.php?rest_route=\/wp\/v2\/pages\/28998\/revisions\/29006"}],"wp:attachment":[{"href":"https:\/\/www.zsvyhlidka.cz\/index.php?rest_route=%2Fwp%2Fv2%2Fmedia&parent=28998"}],"curies":[{"name":"wp","href":"https:\/\/api.w.org\/{rel}","templated":true}]}}