{"id":29086,"date":"2022-02-07T10:29:01","date_gmt":"2022-02-07T09:29:01","guid":{"rendered":"http:\/\/www.zsvyhlidka.cz\/?page_id=29086"},"modified":"2022-02-07T10:29:02","modified_gmt":"2022-02-07T09:29:02","slug":"deti-ze-skolni-druziny-prikrmovaly-ptacky","status":"publish","type":"page","link":"https:\/\/www.zsvyhlidka.cz\/?page_id=29086","title":{"rendered":"D\u011bti ze \u0161koln\u00ed dru\u017einy p\u0159ikrmovaly pt\u00e1\u010dky"},"content":{"rendered":"\n<p>Kdo z&nbsp;n\u00e1s by nemiloval pohled do krm\u00edtka pln\u00e9ho roztomil\u00fdch pt\u00e1\u010dk\u016f. N\u011bkte\u0159\u00ed pt\u00e1\u010dci \u0159e\u0161\u00ed obdob\u00ed zimy chyt\u0159e. Jednodu\u0161e odlet\u00ed za teplem, ale co s t\u011bmi, kte\u0159\u00ed ve zdej\u0161\u00edch kraj\u00edch z\u016fst\u00e1vaj\u00ed p\u0159es t\u0159eskut\u00e9 mrazy? Na toto t\u00e9ma jsme si s&nbsp;d\u011btmi ve \u0161koln\u00ed dru\u017ein\u011b pov\u00eddali posledn\u00ed lednov\u00fd t\u00fdden.<\/p>\n\n\n\n<p>D\u011bti z\u00edskaly p\u0159ehled o tom, co do krm\u00edtek pat\u0159\u00ed a co nikdy pt\u00e1\u010dk\u016fm nenab\u00edzet. Spole\u010dn\u011b jsme si \u010detli, prohl\u00ed\u017eeli kn\u00ed\u017eky z&nbsp;pta\u010d\u00ed \u0159\u00ed\u0161e a vyhled\u00e1vali n\u00e1vody na v\u00fdrobu lojov\u00fdch koul\u00ed. V&nbsp;jin\u00e9m odd\u011blen\u00ed zase \u017e\u00e1ci tvo\u0159ili kr\u00e1sn\u00e9 pta\u010d\u00ed dekorace na v\u00fdzdobu \u0161koln\u00ed dru\u017einky.<\/p>\n\n\n\n<p>Konec t\u00fddne jsme zakon\u010dili v\u00fdrobou lojov\u00e9ho krmen\u00ed. Nejd\u0159\u00edve si d\u011bti vyslechly, jak se tato pochoutka d\u011bl\u00e1, co bude pot\u0159eba si p\u0159ipravit a pot\u00e9 se pustily do d\u00edla. I kdy\u017e byla zrn\u00ed\u010dka opravdu v\u0161ude, krmen\u00ed se d\u011btem velmi povedlo a ze sv\u00e9 pr\u00e1ce m\u011bly velkou radost.<\/p>\n\n\n\n<p>Jakmile krmen\u00ed ztuhlo, vydali jsme se na proch\u00e1zku do parku Botanika, kde jsme po v\u011btv\u00edch rozv\u011bsili pta\u010d\u00ed dobroty.<\/p>\n\n\n\n<p>I kdy\u017e bylo venku pom\u011brn\u011b v\u011btrno, tak to v\u016fbec nevadilo a pevn\u011b v\u011b\u0159\u00edme, \u017ee n\u00e1m to mal\u00ed zp\u011bv\u00e1\u010dci na ja\u0159e sv\u00fdm zp\u011bvem oplat\u00ed.<\/p>\n\n\n\n<p>Kolektiv vychovatelek \u0160D<\/p>\n\n\n\n<figure class=\"wp-block-image size-large\"><a href=\"https:\/\/www.zsvyhlidka.cz\/wp-content\/uploads\/2022\/02\/d-016.jpg\"><img loading=\"lazy\" width=\"1024\" height=\"768\" src=\"https:\/\/www.zsvyhlidka.cz\/wp-content\/uploads\/2022\/02\/d-016-1024x768.jpg\" alt=\"\" class=\"wp-image-29087\" srcset=\"https:\/\/www.zsvyhlidka.cz\/wp-content\/uploads\/2022\/02\/d-016-1024x768.jpg 1024w, https:\/\/www.zsvyhlidka.cz\/wp-content\/uploads\/2022\/02\/d-016-300x225.jpg 300w, https:\/\/www.zsvyhlidka.cz\/wp-content\/uploads\/2022\/02\/d-016-768x576.jpg 768w, https:\/\/www.zsvyhlidka.cz\/wp-content\/uploads\/2022\/02\/d-016-360x270.jpg 360w, https:\/\/www.zsvyhlidka.cz\/wp-content\/uploads\/2022\/02\/d-016.jpg 1488w\" sizes=\"(max-width: 1024px) 100vw, 1024px\" \/><\/a><\/figure>\n\n\n\n<figure class=\"wp-block-image size-large\"><a href=\"https:\/\/www.zsvyhlidka.cz\/wp-content\/uploads\/2022\/02\/d-022.jpg\"><img loading=\"lazy\" width=\"1024\" height=\"768\" src=\"https:\/\/www.zsvyhlidka.cz\/wp-content\/uploads\/2022\/02\/d-022-1024x768.jpg\" alt=\"\" class=\"wp-image-29088\" srcset=\"https:\/\/www.zsvyhlidka.cz\/wp-content\/uploads\/2022\/02\/d-022-1024x768.jpg 1024w, https:\/\/www.zsvyhlidka.cz\/wp-content\/uploads\/2022\/02\/d-022-300x225.jpg 300w, https:\/\/www.zsvyhlidka.cz\/wp-content\/uploads\/2022\/02\/d-022-768x576.jpg 768w, https:\/\/www.zsvyhlidka.cz\/wp-content\/uploads\/2022\/02\/d-022-360x270.jpg 360w, https:\/\/www.zsvyhlidka.cz\/wp-content\/uploads\/2022\/02\/d-022.jpg 1488w\" sizes=\"(max-width: 1024px) 100vw, 1024px\" \/><\/a><\/figure>\n\n\n\n<figure class=\"wp-block-image size-large\"><a href=\"https:\/\/www.zsvyhlidka.cz\/wp-content\/uploads\/2022\/02\/d-025.jpg\"><img loading=\"lazy\" width=\"1024\" height=\"768\" src=\"https:\/\/www.zsvyhlidka.cz\/wp-content\/uploads\/2022\/02\/d-025-1024x768.jpg\" alt=\"\" class=\"wp-image-29089\" srcset=\"https:\/\/www.zsvyhlidka.cz\/wp-content\/uploads\/2022\/02\/d-025-1024x768.jpg 1024w, https:\/\/www.zsvyhlidka.cz\/wp-content\/uploads\/2022\/02\/d-025-300x225.jpg 300w, https:\/\/www.zsvyhlidka.cz\/wp-content\/uploads\/2022\/02\/d-025-768x576.jpg 768w, https:\/\/www.zsvyhlidka.cz\/wp-content\/uploads\/2022\/02\/d-025-360x270.jpg 360w, https:\/\/www.zsvyhlidka.cz\/wp-content\/uploads\/2022\/02\/d-025.jpg 1488w\" sizes=\"(max-width: 1024px) 100vw, 1024px\" \/><\/a><\/figure>\n\n\n\n<figure class=\"wp-block-image size-large\"><a href=\"https:\/\/www.zsvyhlidka.cz\/wp-content\/uploads\/2022\/02\/IMG_20220201_135706.jpg\"><img loading=\"lazy\" width=\"1024\" height=\"768\" src=\"https:\/\/www.zsvyhlidka.cz\/wp-content\/uploads\/2022\/02\/IMG_20220201_135706-1024x768.jpg\" alt=\"\" class=\"wp-image-29090\" srcset=\"https:\/\/www.zsvyhlidka.cz\/wp-content\/uploads\/2022\/02\/IMG_20220201_135706-1024x768.jpg 1024w, https:\/\/www.zsvyhlidka.cz\/wp-content\/uploads\/2022\/02\/IMG_20220201_135706-300x225.jpg 300w, https:\/\/www.zsvyhlidka.cz\/wp-content\/uploads\/2022\/02\/IMG_20220201_135706-768x576.jpg 768w, https:\/\/www.zsvyhlidka.cz\/wp-content\/uploads\/2022\/02\/IMG_20220201_135706-360x270.jpg 360w, https:\/\/www.zsvyhlidka.cz\/wp-content\/uploads\/2022\/02\/IMG_20220201_135706.jpg 1488w\" sizes=\"(max-width: 1024px) 100vw, 1024px\" \/><\/a><\/figure>\n\n\n\n<figure class=\"wp-block-image size-large\"><a href=\"https:\/\/www.zsvyhlidka.cz\/wp-content\/uploads\/2022\/02\/IMG_20220201_142733.jpg\"><img loading=\"lazy\" width=\"768\" height=\"1024\" src=\"https:\/\/www.zsvyhlidka.cz\/wp-content\/uploads\/2022\/02\/IMG_20220201_142733-768x1024.jpg\" alt=\"\" class=\"wp-image-29091\" srcset=\"https:\/\/www.zsvyhlidka.cz\/wp-content\/uploads\/2022\/02\/IMG_20220201_142733-768x1024.jpg 768w, https:\/\/www.zsvyhlidka.cz\/wp-content\/uploads\/2022\/02\/IMG_20220201_142733-225x300.jpg 225w, https:\/\/www.zsvyhlidka.cz\/wp-content\/uploads\/2022\/02\/IMG_20220201_142733-203x270.jpg 203w, https:\/\/www.zsvyhlidka.cz\/wp-content\/uploads\/2022\/02\/IMG_20220201_142733.jpg 1116w\" sizes=\"(max-width: 768px) 100vw, 768px\" \/><\/a><\/figure>\n","protected":false},"excerpt":{"rendered":"<p>Kdo z&nbsp;n\u00e1s by nemiloval pohled do krm\u00edtka pln\u00e9ho roztomil\u00fdch pt\u00e1\u010dk\u016f. N\u011bkte\u0159\u00ed pt\u00e1\u010dci \u0159e\u0161\u00ed obdob\u00ed zimy chyt\u0159e. Jednodu\u0161e odlet\u00ed za teplem, ale co s t\u011bmi, kte\u0159\u00ed ve zdej\u0161\u00edch kraj\u00edch z\u016fst\u00e1vaj\u00ed p\u0159es t\u0159eskut\u00e9 mrazy? Na toto t\u00e9ma jsme si s&nbsp;d\u011btmi ve \u0161koln\u00ed <a href=\"https:\/\/www.zsvyhlidka.cz\/?page_id=29086\" class=\"read-more\">Zobrazit v\u00edce&#8230;<\/a><\/p>\n","protected":false},"author":4,"featured_media":0,"parent":0,"menu_order":0,"comment_status":"closed","ping_status":"closed","template":"","meta":[],"_links":{"self":[{"href":"https:\/\/www.zsvyhlidka.cz\/index.php?rest_route=\/wp\/v2\/pages\/29086"}],"collection":[{"href":"https:\/\/www.zsvyhlidka.cz\/index.php?rest_route=\/wp\/v2\/pages"}],"about":[{"href":"https:\/\/www.zsvyhlidka.cz\/index.php?rest_route=\/wp\/v2\/types\/page"}],"author":[{"embeddable":true,"href":"https:\/\/www.zsvyhlidka.cz\/index.php?rest_route=\/wp\/v2\/users\/4"}],"replies":[{"embeddable":true,"href":"https:\/\/www.zsvyhlidka.cz\/index.php?rest_route=%2Fwp%2Fv2%2Fcomments&post=29086"}],"version-history":[{"count":1,"href":"https:\/\/www.zsvyhlidka.cz\/index.php?rest_route=\/wp\/v2\/pages\/29086\/revisions"}],"predecessor-version":[{"id":29092,"href":"https:\/\/www.zsvyhlidka.cz\/index.php?rest_route=\/wp\/v2\/pages\/29086\/revisions\/29092"}],"wp:attachment":[{"href":"https:\/\/www.zsvyhlidka.cz\/index.php?rest_route=%2Fwp%2Fv2%2Fmedia&parent=29086"}],"curies":[{"name":"wp","href":"https:\/\/api.w.org\/{rel}","templated":true}]}}