{"id":29424,"date":"2022-03-27T22:09:03","date_gmt":"2022-03-27T20:09:03","guid":{"rendered":"http:\/\/www.zsvyhlidka.cz\/?page_id=29424"},"modified":"2022-03-27T22:12:57","modified_gmt":"2022-03-27T20:12:57","slug":"zaci-skolni-druziny-predcitaji-budoucim-prvnackum-pohadky","status":"publish","type":"page","link":"https:\/\/www.zsvyhlidka.cz\/?page_id=29424","title":{"rendered":"\u017d\u00e1ci \u0161koln\u00ed dru\u017einy p\u0159ed\u010d\u00edtaj\u00ed budouc\u00edm prv\u0148\u00e1\u010dk\u016fm poh\u00e1dky"},"content":{"rendered":"\n<p>V\u00a0m\u011bs\u00edci b\u0159eznu za\u010dala skupinka \u0161esti \u017e\u00e1k\u016f z 2. B doch\u00e1zet do Mate\u0159sk\u00e9 \u0161koly Kraiczova, kde pravideln\u011b ka\u017ed\u00e9 pond\u011bl\u00ed \u010dte ve dvou t\u0159\u00edd\u00e1ch d\u011btem kr\u00e1tk\u00e9 poh\u00e1dky p\u0159ed span\u00edm.<\/p>\n\n\n\n<p>Touto cestou cht\u011bj\u00ed na\u0161i \u017e\u00e1ci budouc\u00edm prv\u0148\u00e1\u010dk\u016fm uk\u00e1zat a z\u00e1rove\u0148 je motivovat, \u017ee ji\u017e v&nbsp;druh\u00e9 t\u0159\u00edd\u011b budou moci p\u0159e\u010d\u00edst sv\u00fdm rodi\u010d\u016fm, prarodi\u010d\u016fm, ale i kamar\u00e1d\u016fm n\u011bjakou p\u011bknou kn\u00ed\u017eku. Na z\u00e1v\u011br ka\u017ed\u00e9 n\u00e1v\u0161t\u011bvy d\u011bti dostanou omalov\u00e1nky, kter\u00e9 se v\u017edy vztahuj\u00ed k&nbsp;dan\u00e9 poh\u00e1dce a ty si mohou po odpoledn\u00edm odpo\u010dinku vymalovat.<\/p>\n\n\n\n<p>V\u0161em d\u011btem d\u011bkujeme za spolupr\u00e1ci.<\/p>\n\n\n\n<p>Kacht\u00edkov\u00e1 Romana, Va\u0161\u00ed\u010dkov\u00e1 Veronika \u2013 vychovatelky \u0160D<\/p>\n\n\n\n<p><\/p>\n\n\n\n<figure class=\"wp-container-2 wp-block-gallery-1 wp-block-gallery columns-3 is-cropped\"><ul class=\"blocks-gallery-grid\"><li class=\"blocks-gallery-item\"><figure><a href=\"https:\/\/www.zsvyhlidka.cz\/wp-content\/uploads\/2022\/03\/d-046.jpg\"><img loading=\"lazy\" width=\"1024\" height=\"768\" src=\"https:\/\/www.zsvyhlidka.cz\/wp-content\/uploads\/2022\/03\/d-046-1024x768.jpg\" alt=\"\" data-id=\"29425\" data-full-url=\"https:\/\/www.zsvyhlidka.cz\/wp-content\/uploads\/2022\/03\/d-046.jpg\" data-link=\"https:\/\/www.zsvyhlidka.cz\/?attachment_id=29425\" class=\"wp-image-29425\" srcset=\"https:\/\/www.zsvyhlidka.cz\/wp-content\/uploads\/2022\/03\/d-046-1024x768.jpg 1024w, https:\/\/www.zsvyhlidka.cz\/wp-content\/uploads\/2022\/03\/d-046-300x225.jpg 300w, https:\/\/www.zsvyhlidka.cz\/wp-content\/uploads\/2022\/03\/d-046-768x576.jpg 768w, https:\/\/www.zsvyhlidka.cz\/wp-content\/uploads\/2022\/03\/d-046-360x270.jpg 360w, https:\/\/www.zsvyhlidka.cz\/wp-content\/uploads\/2022\/03\/d-046.jpg 1488w\" sizes=\"(max-width: 1024px) 100vw, 1024px\" \/><\/a><\/figure><\/li><li class=\"blocks-gallery-item\"><figure><a href=\"https:\/\/www.zsvyhlidka.cz\/wp-content\/uploads\/2022\/03\/d-049.jpg\"><img loading=\"lazy\" width=\"1024\" height=\"768\" src=\"https:\/\/www.zsvyhlidka.cz\/wp-content\/uploads\/2022\/03\/d-049-1024x768.jpg\" alt=\"\" data-id=\"29426\" data-full-url=\"https:\/\/www.zsvyhlidka.cz\/wp-content\/uploads\/2022\/03\/d-049.jpg\" data-link=\"https:\/\/www.zsvyhlidka.cz\/?attachment_id=29426\" class=\"wp-image-29426\" srcset=\"https:\/\/www.zsvyhlidka.cz\/wp-content\/uploads\/2022\/03\/d-049-1024x768.jpg 1024w, https:\/\/www.zsvyhlidka.cz\/wp-content\/uploads\/2022\/03\/d-049-300x225.jpg 300w, https:\/\/www.zsvyhlidka.cz\/wp-content\/uploads\/2022\/03\/d-049-768x576.jpg 768w, https:\/\/www.zsvyhlidka.cz\/wp-content\/uploads\/2022\/03\/d-049-360x270.jpg 360w, https:\/\/www.zsvyhlidka.cz\/wp-content\/uploads\/2022\/03\/d-049.jpg 1488w\" sizes=\"(max-width: 1024px) 100vw, 1024px\" \/><\/a><\/figure><\/li><li class=\"blocks-gallery-item\"><figure><a href=\"https:\/\/www.zsvyhlidka.cz\/wp-content\/uploads\/2022\/03\/o-027.jpg\"><img loading=\"lazy\" width=\"1024\" height=\"768\" src=\"https:\/\/www.zsvyhlidka.cz\/wp-content\/uploads\/2022\/03\/o-027-1024x768.jpg\" alt=\"\" data-id=\"29427\" data-full-url=\"https:\/\/www.zsvyhlidka.cz\/wp-content\/uploads\/2022\/03\/o-027.jpg\" data-link=\"https:\/\/www.zsvyhlidka.cz\/?attachment_id=29427\" class=\"wp-image-29427\" srcset=\"https:\/\/www.zsvyhlidka.cz\/wp-content\/uploads\/2022\/03\/o-027-1024x768.jpg 1024w, https:\/\/www.zsvyhlidka.cz\/wp-content\/uploads\/2022\/03\/o-027-300x225.jpg 300w, https:\/\/www.zsvyhlidka.cz\/wp-content\/uploads\/2022\/03\/o-027-768x576.jpg 768w, https:\/\/www.zsvyhlidka.cz\/wp-content\/uploads\/2022\/03\/o-027-360x270.jpg 360w, https:\/\/www.zsvyhlidka.cz\/wp-content\/uploads\/2022\/03\/o-027.jpg 1488w\" sizes=\"(max-width: 1024px) 100vw, 1024px\" \/><\/a><\/figure><\/li><li class=\"blocks-gallery-item\"><figure><a href=\"https:\/\/www.zsvyhlidka.cz\/wp-content\/uploads\/2022\/03\/o-028.jpg\"><img loading=\"lazy\" width=\"1024\" height=\"768\" src=\"https:\/\/www.zsvyhlidka.cz\/wp-content\/uploads\/2022\/03\/o-028-1024x768.jpg\" alt=\"\" data-id=\"29428\" data-full-url=\"https:\/\/www.zsvyhlidka.cz\/wp-content\/uploads\/2022\/03\/o-028.jpg\" data-link=\"https:\/\/www.zsvyhlidka.cz\/?attachment_id=29428\" class=\"wp-image-29428\" srcset=\"https:\/\/www.zsvyhlidka.cz\/wp-content\/uploads\/2022\/03\/o-028-1024x768.jpg 1024w, https:\/\/www.zsvyhlidka.cz\/wp-content\/uploads\/2022\/03\/o-028-300x225.jpg 300w, https:\/\/www.zsvyhlidka.cz\/wp-content\/uploads\/2022\/03\/o-028-768x576.jpg 768w, https:\/\/www.zsvyhlidka.cz\/wp-content\/uploads\/2022\/03\/o-028-360x270.jpg 360w, https:\/\/www.zsvyhlidka.cz\/wp-content\/uploads\/2022\/03\/o-028.jpg 1488w\" sizes=\"(max-width: 1024px) 100vw, 1024px\" \/><\/a><\/figure><\/li><\/ul><\/figure>\n","protected":false},"excerpt":{"rendered":"<p>V\u00a0m\u011bs\u00edci b\u0159eznu za\u010dala skupinka \u0161esti \u017e\u00e1k\u016f z 2. B doch\u00e1zet do Mate\u0159sk\u00e9 \u0161koly Kraiczova, kde pravideln\u011b ka\u017ed\u00e9 pond\u011bl\u00ed \u010dte ve dvou t\u0159\u00edd\u00e1ch d\u011btem kr\u00e1tk\u00e9 poh\u00e1dky p\u0159ed span\u00edm. Touto cestou cht\u011bj\u00ed na\u0161i \u017e\u00e1ci budouc\u00edm prv\u0148\u00e1\u010dk\u016fm uk\u00e1zat a z\u00e1rove\u0148 je motivovat, \u017ee <a href=\"https:\/\/www.zsvyhlidka.cz\/?page_id=29424\" class=\"read-more\">Zobrazit v\u00edce&#8230;<\/a><\/p>\n","protected":false},"author":4,"featured_media":0,"parent":0,"menu_order":0,"comment_status":"closed","ping_status":"closed","template":"","meta":[],"_links":{"self":[{"href":"https:\/\/www.zsvyhlidka.cz\/index.php?rest_route=\/wp\/v2\/pages\/29424"}],"collection":[{"href":"https:\/\/www.zsvyhlidka.cz\/index.php?rest_route=\/wp\/v2\/pages"}],"about":[{"href":"https:\/\/www.zsvyhlidka.cz\/index.php?rest_route=\/wp\/v2\/types\/page"}],"author":[{"embeddable":true,"href":"https:\/\/www.zsvyhlidka.cz\/index.php?rest_route=\/wp\/v2\/users\/4"}],"replies":[{"embeddable":true,"href":"https:\/\/www.zsvyhlidka.cz\/index.php?rest_route=%2Fwp%2Fv2%2Fcomments&post=29424"}],"version-history":[{"count":2,"href":"https:\/\/www.zsvyhlidka.cz\/index.php?rest_route=\/wp\/v2\/pages\/29424\/revisions"}],"predecessor-version":[{"id":29432,"href":"https:\/\/www.zsvyhlidka.cz\/index.php?rest_route=\/wp\/v2\/pages\/29424\/revisions\/29432"}],"wp:attachment":[{"href":"https:\/\/www.zsvyhlidka.cz\/index.php?rest_route=%2Fwp%2Fv2%2Fmedia&parent=29424"}],"curies":[{"name":"wp","href":"https:\/\/api.w.org\/{rel}","templated":true}]}}