{"id":29506,"date":"2022-04-07T16:04:57","date_gmt":"2022-04-07T14:04:57","guid":{"rendered":"http:\/\/www.zsvyhlidka.cz\/?page_id=29506"},"modified":"2022-04-10T19:10:43","modified_gmt":"2022-04-10T17:10:43","slug":"velikonoce-v-muzeu","status":"publish","type":"page","link":"https:\/\/www.zsvyhlidka.cz\/?page_id=29506","title":{"rendered":"Velikonoce v muzeu"},"content":{"rendered":"\n<p>V&nbsp;r\u00e1mci obdob\u00ed velikono\u010dn\u00edch sv\u00e1tk\u016f a p\u0159\u00edpravy na Velikonoce, jsme s&nbsp;d\u011btmi nav\u0161t\u00edvili muzeum Kinsk\u00fdch ve Vala\u0161sk\u00e9m Mezi\u0159\u00ed\u010d\u00ed. \u00da\u010delem n\u00e1v\u0161t\u011bvy bylo obohacen\u00ed se o informace spojen\u00e9 s&nbsp;t\u011bmito sv\u00e1tky a jejich tradicemi.<\/p>\n\n\n\n<p>Po p\u0159iv\u00edt\u00e1n\u00ed pan\u00ed lektorkou byli \u017e\u00e1ci rozd\u011bleni do dvou skupin. Prvn\u00ed skupina se v\u011bnovala kreativn\u00edmu tvo\u0159en\u00ed, jeho\u017e v\u00fdsledkem byl kr\u00e1sn\u00fd velikono\u010dn\u00ed v\u011bnec vyroben\u00fd z&nbsp;nazdoben\u00fdch&nbsp;pap\u00edrov\u00fdch vaj\u00ed\u010dek. Druh\u00e1 polovina \u017e\u00e1k\u016f si vyzkou\u0161ela pe\u010den\u00ed i ochutn\u00e1vku tradi\u010dn\u00edho velikono\u010dn\u00edho pe\u010diva tzv. jid\u00e1\u0161\u016f. D\u011bti byly \u0161ikovn\u00e9 a jid\u00e1\u0161e se jim poda\u0159ilo vytvarovat do po\u017eadovan\u00e9ho tvaru.<\/p>\n\n\n\n<p>Po ukon\u010den\u00ed tvo\u0159en\u00ed i pe\u010den\u00ed jsme si spole\u010dn\u011b pomoc\u00ed interaktivn\u00ed tabule p\u0159ipomn\u011bli, co obn\u00e1\u0161\u00ed postn\u00ed obdob\u00ed, pa\u0161ijov\u00fd t\u00fdden a hlavn\u00ed v\u00fdznam Velikonoc. Lektorsk\u00fd program byl po informa\u010dn\u00ed i tvo\u0159iv\u00e9 str\u00e1nce bohat\u011b p\u0159ipraven.<\/p>\n\n\n\n<p>Veronika Va\u0161\u00ed\u010dkov\u00e1 &#8211; vychovatelka \u0161koln\u00ed dru\u017einy<\/p>\n\n\n\n<p><\/p>\n\n\n\n<figure class=\"wp-container-2 wp-block-gallery-1 wp-block-gallery columns-3 is-cropped\"><ul class=\"blocks-gallery-grid\"><li class=\"blocks-gallery-item\"><figure><a href=\"https:\/\/www.zsvyhlidka.cz\/wp-content\/uploads\/2022\/04\/1-scaled.jpg\"><img loading=\"lazy\" width=\"1024\" height=\"768\" src=\"https:\/\/www.zsvyhlidka.cz\/wp-content\/uploads\/2022\/04\/1-1024x768.jpg\" alt=\"\" data-id=\"29524\" data-full-url=\"https:\/\/www.zsvyhlidka.cz\/wp-content\/uploads\/2022\/04\/1-scaled.jpg\" data-link=\"https:\/\/www.zsvyhlidka.cz\/?attachment_id=29524\" class=\"wp-image-29524\" srcset=\"https:\/\/www.zsvyhlidka.cz\/wp-content\/uploads\/2022\/04\/1-1024x768.jpg 1024w, https:\/\/www.zsvyhlidka.cz\/wp-content\/uploads\/2022\/04\/1-300x225.jpg 300w, https:\/\/www.zsvyhlidka.cz\/wp-content\/uploads\/2022\/04\/1-768x576.jpg 768w, https:\/\/www.zsvyhlidka.cz\/wp-content\/uploads\/2022\/04\/1-1536x1152.jpg 1536w, https:\/\/www.zsvyhlidka.cz\/wp-content\/uploads\/2022\/04\/1-2048x1536.jpg 2048w, https:\/\/www.zsvyhlidka.cz\/wp-content\/uploads\/2022\/04\/1-360x270.jpg 360w\" sizes=\"(max-width: 1024px) 100vw, 1024px\" \/><\/a><\/figure><\/li><li class=\"blocks-gallery-item\"><figure><a href=\"https:\/\/www.zsvyhlidka.cz\/wp-content\/uploads\/2022\/04\/2.jpg\"><img loading=\"lazy\" width=\"1024\" height=\"768\" src=\"https:\/\/www.zsvyhlidka.cz\/wp-content\/uploads\/2022\/04\/2-1024x768.jpg\" alt=\"\" data-id=\"29526\" data-full-url=\"https:\/\/www.zsvyhlidka.cz\/wp-content\/uploads\/2022\/04\/2.jpg\" data-link=\"https:\/\/www.zsvyhlidka.cz\/?attachment_id=29526\" class=\"wp-image-29526\" srcset=\"https:\/\/www.zsvyhlidka.cz\/wp-content\/uploads\/2022\/04\/2-1024x768.jpg 1024w, https:\/\/www.zsvyhlidka.cz\/wp-content\/uploads\/2022\/04\/2-300x225.jpg 300w, https:\/\/www.zsvyhlidka.cz\/wp-content\/uploads\/2022\/04\/2-768x576.jpg 768w, https:\/\/www.zsvyhlidka.cz\/wp-content\/uploads\/2022\/04\/2-360x270.jpg 360w, https:\/\/www.zsvyhlidka.cz\/wp-content\/uploads\/2022\/04\/2.jpg 1063w\" sizes=\"(max-width: 1024px) 100vw, 1024px\" \/><\/a><\/figure><\/li><li class=\"blocks-gallery-item\"><figure><a href=\"https:\/\/www.zsvyhlidka.cz\/wp-content\/uploads\/2022\/04\/3.jpg\"><img loading=\"lazy\" width=\"1024\" height=\"768\" src=\"https:\/\/www.zsvyhlidka.cz\/wp-content\/uploads\/2022\/04\/3-1024x768.jpg\" alt=\"\" data-id=\"29527\" data-full-url=\"https:\/\/www.zsvyhlidka.cz\/wp-content\/uploads\/2022\/04\/3.jpg\" data-link=\"https:\/\/www.zsvyhlidka.cz\/?attachment_id=29527\" class=\"wp-image-29527\" srcset=\"https:\/\/www.zsvyhlidka.cz\/wp-content\/uploads\/2022\/04\/3-1024x768.jpg 1024w, https:\/\/www.zsvyhlidka.cz\/wp-content\/uploads\/2022\/04\/3-300x225.jpg 300w, https:\/\/www.zsvyhlidka.cz\/wp-content\/uploads\/2022\/04\/3-768x576.jpg 768w, https:\/\/www.zsvyhlidka.cz\/wp-content\/uploads\/2022\/04\/3-360x270.jpg 360w, https:\/\/www.zsvyhlidka.cz\/wp-content\/uploads\/2022\/04\/3.jpg 1063w\" sizes=\"(max-width: 1024px) 100vw, 1024px\" \/><\/a><\/figure><\/li><li class=\"blocks-gallery-item\"><figure><a href=\"https:\/\/www.zsvyhlidka.cz\/wp-content\/uploads\/2022\/04\/4.jpg\"><img loading=\"lazy\" width=\"1024\" height=\"768\" src=\"https:\/\/www.zsvyhlidka.cz\/wp-content\/uploads\/2022\/04\/4-1024x768.jpg\" alt=\"\" data-id=\"29528\" data-full-url=\"https:\/\/www.zsvyhlidka.cz\/wp-content\/uploads\/2022\/04\/4.jpg\" data-link=\"https:\/\/www.zsvyhlidka.cz\/?attachment_id=29528\" class=\"wp-image-29528\" srcset=\"https:\/\/www.zsvyhlidka.cz\/wp-content\/uploads\/2022\/04\/4-1024x768.jpg 1024w, https:\/\/www.zsvyhlidka.cz\/wp-content\/uploads\/2022\/04\/4-300x225.jpg 300w, https:\/\/www.zsvyhlidka.cz\/wp-content\/uploads\/2022\/04\/4-768x576.jpg 768w, https:\/\/www.zsvyhlidka.cz\/wp-content\/uploads\/2022\/04\/4-1536x1152.jpg 1536w, https:\/\/www.zsvyhlidka.cz\/wp-content\/uploads\/2022\/04\/4-360x270.jpg 360w, https:\/\/www.zsvyhlidka.cz\/wp-content\/uploads\/2022\/04\/4.jpg 2048w\" sizes=\"(max-width: 1024px) 100vw, 1024px\" \/><\/a><\/figure><\/li><li class=\"blocks-gallery-item\"><figure><a href=\"https:\/\/www.zsvyhlidka.cz\/wp-content\/uploads\/2022\/04\/5.jpg\"><img loading=\"lazy\" width=\"768\" height=\"1024\" src=\"https:\/\/www.zsvyhlidka.cz\/wp-content\/uploads\/2022\/04\/5-768x1024.jpg\" alt=\"\" data-id=\"29529\" data-full-url=\"https:\/\/www.zsvyhlidka.cz\/wp-content\/uploads\/2022\/04\/5.jpg\" data-link=\"https:\/\/www.zsvyhlidka.cz\/?attachment_id=29529\" class=\"wp-image-29529\" srcset=\"https:\/\/www.zsvyhlidka.cz\/wp-content\/uploads\/2022\/04\/5-768x1024.jpg 768w, https:\/\/www.zsvyhlidka.cz\/wp-content\/uploads\/2022\/04\/5-225x300.jpg 225w, https:\/\/www.zsvyhlidka.cz\/wp-content\/uploads\/2022\/04\/5-203x270.jpg 203w, https:\/\/www.zsvyhlidka.cz\/wp-content\/uploads\/2022\/04\/5.jpg 1063w\" sizes=\"(max-width: 768px) 100vw, 768px\" \/><\/a><\/figure><\/li><li class=\"blocks-gallery-item\"><figure><a href=\"https:\/\/www.zsvyhlidka.cz\/wp-content\/uploads\/2022\/04\/6.jpg\"><img loading=\"lazy\" width=\"768\" height=\"1024\" src=\"https:\/\/www.zsvyhlidka.cz\/wp-content\/uploads\/2022\/04\/6-768x1024.jpg\" alt=\"\" data-id=\"29530\" data-full-url=\"https:\/\/www.zsvyhlidka.cz\/wp-content\/uploads\/2022\/04\/6.jpg\" data-link=\"https:\/\/www.zsvyhlidka.cz\/?attachment_id=29530\" class=\"wp-image-29530\" srcset=\"https:\/\/www.zsvyhlidka.cz\/wp-content\/uploads\/2022\/04\/6-768x1024.jpg 768w, https:\/\/www.zsvyhlidka.cz\/wp-content\/uploads\/2022\/04\/6-225x300.jpg 225w, https:\/\/www.zsvyhlidka.cz\/wp-content\/uploads\/2022\/04\/6-203x270.jpg 203w, https:\/\/www.zsvyhlidka.cz\/wp-content\/uploads\/2022\/04\/6.jpg 1063w\" sizes=\"(max-width: 768px) 100vw, 768px\" \/><\/a><\/figure><\/li><li class=\"blocks-gallery-item\"><figure><a href=\"https:\/\/www.zsvyhlidka.cz\/wp-content\/uploads\/2022\/04\/7.jpg\"><img loading=\"lazy\" width=\"768\" height=\"1024\" src=\"https:\/\/www.zsvyhlidka.cz\/wp-content\/uploads\/2022\/04\/7-768x1024.jpg\" alt=\"\" data-id=\"29531\" data-full-url=\"https:\/\/www.zsvyhlidka.cz\/wp-content\/uploads\/2022\/04\/7.jpg\" data-link=\"https:\/\/www.zsvyhlidka.cz\/?attachment_id=29531\" class=\"wp-image-29531\" srcset=\"https:\/\/www.zsvyhlidka.cz\/wp-content\/uploads\/2022\/04\/7-768x1024.jpg 768w, https:\/\/www.zsvyhlidka.cz\/wp-content\/uploads\/2022\/04\/7-225x300.jpg 225w, https:\/\/www.zsvyhlidka.cz\/wp-content\/uploads\/2022\/04\/7-203x270.jpg 203w, https:\/\/www.zsvyhlidka.cz\/wp-content\/uploads\/2022\/04\/7.jpg 1063w\" sizes=\"(max-width: 768px) 100vw, 768px\" \/><\/a><\/figure><\/li><li class=\"blocks-gallery-item\"><figure><a href=\"https:\/\/www.zsvyhlidka.cz\/wp-content\/uploads\/2022\/04\/9.jpg\"><img loading=\"lazy\" width=\"768\" height=\"1024\" src=\"https:\/\/www.zsvyhlidka.cz\/wp-content\/uploads\/2022\/04\/9-768x1024.jpg\" alt=\"\" data-id=\"29532\" data-full-url=\"https:\/\/www.zsvyhlidka.cz\/wp-content\/uploads\/2022\/04\/9.jpg\" data-link=\"https:\/\/www.zsvyhlidka.cz\/?attachment_id=29532\" class=\"wp-image-29532\" srcset=\"https:\/\/www.zsvyhlidka.cz\/wp-content\/uploads\/2022\/04\/9-768x1024.jpg 768w, https:\/\/www.zsvyhlidka.cz\/wp-content\/uploads\/2022\/04\/9-225x300.jpg 225w, https:\/\/www.zsvyhlidka.cz\/wp-content\/uploads\/2022\/04\/9-203x270.jpg 203w, https:\/\/www.zsvyhlidka.cz\/wp-content\/uploads\/2022\/04\/9.jpg 1063w\" sizes=\"(max-width: 768px) 100vw, 768px\" \/><\/a><\/figure><\/li><li class=\"blocks-gallery-item\"><figure><a href=\"https:\/\/www.zsvyhlidka.cz\/wp-content\/uploads\/2022\/04\/10.jpg\"><img loading=\"lazy\" width=\"768\" height=\"1024\" src=\"https:\/\/www.zsvyhlidka.cz\/wp-content\/uploads\/2022\/04\/10-768x1024.jpg\" alt=\"\" data-id=\"29533\" data-full-url=\"https:\/\/www.zsvyhlidka.cz\/wp-content\/uploads\/2022\/04\/10.jpg\" data-link=\"https:\/\/www.zsvyhlidka.cz\/?attachment_id=29533\" class=\"wp-image-29533\" srcset=\"https:\/\/www.zsvyhlidka.cz\/wp-content\/uploads\/2022\/04\/10-768x1024.jpg 768w, https:\/\/www.zsvyhlidka.cz\/wp-content\/uploads\/2022\/04\/10-225x300.jpg 225w, https:\/\/www.zsvyhlidka.cz\/wp-content\/uploads\/2022\/04\/10-203x270.jpg 203w, https:\/\/www.zsvyhlidka.cz\/wp-content\/uploads\/2022\/04\/10.jpg 1063w\" sizes=\"(max-width: 768px) 100vw, 768px\" \/><\/a><\/figure><\/li><li class=\"blocks-gallery-item\"><figure><a href=\"https:\/\/www.zsvyhlidka.cz\/wp-content\/uploads\/2022\/04\/11.jpg\"><img loading=\"lazy\" width=\"1024\" height=\"768\" src=\"https:\/\/www.zsvyhlidka.cz\/wp-content\/uploads\/2022\/04\/11-1024x768.jpg\" alt=\"\" data-id=\"29534\" data-full-url=\"https:\/\/www.zsvyhlidka.cz\/wp-content\/uploads\/2022\/04\/11.jpg\" data-link=\"https:\/\/www.zsvyhlidka.cz\/?attachment_id=29534\" class=\"wp-image-29534\" srcset=\"https:\/\/www.zsvyhlidka.cz\/wp-content\/uploads\/2022\/04\/11-1024x768.jpg 1024w, https:\/\/www.zsvyhlidka.cz\/wp-content\/uploads\/2022\/04\/11-300x225.jpg 300w, https:\/\/www.zsvyhlidka.cz\/wp-content\/uploads\/2022\/04\/11-768x576.jpg 768w, https:\/\/www.zsvyhlidka.cz\/wp-content\/uploads\/2022\/04\/11-360x270.jpg 360w, https:\/\/www.zsvyhlidka.cz\/wp-content\/uploads\/2022\/04\/11.jpg 1063w\" sizes=\"(max-width: 1024px) 100vw, 1024px\" \/><\/a><\/figure><\/li><li class=\"blocks-gallery-item\"><figure><a href=\"https:\/\/www.zsvyhlidka.cz\/wp-content\/uploads\/2022\/04\/12.jpg\"><img loading=\"lazy\" width=\"768\" height=\"1024\" src=\"https:\/\/www.zsvyhlidka.cz\/wp-content\/uploads\/2022\/04\/12-768x1024.jpg\" alt=\"\" data-id=\"29535\" data-full-url=\"https:\/\/www.zsvyhlidka.cz\/wp-content\/uploads\/2022\/04\/12.jpg\" data-link=\"https:\/\/www.zsvyhlidka.cz\/?attachment_id=29535\" class=\"wp-image-29535\" srcset=\"https:\/\/www.zsvyhlidka.cz\/wp-content\/uploads\/2022\/04\/12-768x1024.jpg 768w, https:\/\/www.zsvyhlidka.cz\/wp-content\/uploads\/2022\/04\/12-225x300.jpg 225w, https:\/\/www.zsvyhlidka.cz\/wp-content\/uploads\/2022\/04\/12-203x270.jpg 203w, https:\/\/www.zsvyhlidka.cz\/wp-content\/uploads\/2022\/04\/12.jpg 1063w\" sizes=\"(max-width: 768px) 100vw, 768px\" \/><\/a><\/figure><\/li><\/ul><\/figure>\n","protected":false},"excerpt":{"rendered":"<p>V&nbsp;r\u00e1mci obdob\u00ed velikono\u010dn\u00edch sv\u00e1tk\u016f a p\u0159\u00edpravy na Velikonoce, jsme s&nbsp;d\u011btmi nav\u0161t\u00edvili muzeum Kinsk\u00fdch ve Vala\u0161sk\u00e9m Mezi\u0159\u00ed\u010d\u00ed. \u00da\u010delem n\u00e1v\u0161t\u011bvy bylo obohacen\u00ed se o informace spojen\u00e9 s&nbsp;t\u011bmito sv\u00e1tky a jejich tradicemi. Po p\u0159iv\u00edt\u00e1n\u00ed pan\u00ed lektorkou byli \u017e\u00e1ci rozd\u011bleni do dvou skupin. Prvn\u00ed <a href=\"https:\/\/www.zsvyhlidka.cz\/?page_id=29506\" class=\"read-more\">Zobrazit v\u00edce&#8230;<\/a><\/p>\n","protected":false},"author":4,"featured_media":0,"parent":0,"menu_order":0,"comment_status":"closed","ping_status":"closed","template":"","meta":[],"_links":{"self":[{"href":"https:\/\/www.zsvyhlidka.cz\/index.php?rest_route=\/wp\/v2\/pages\/29506"}],"collection":[{"href":"https:\/\/www.zsvyhlidka.cz\/index.php?rest_route=\/wp\/v2\/pages"}],"about":[{"href":"https:\/\/www.zsvyhlidka.cz\/index.php?rest_route=\/wp\/v2\/types\/page"}],"author":[{"embeddable":true,"href":"https:\/\/www.zsvyhlidka.cz\/index.php?rest_route=\/wp\/v2\/users\/4"}],"replies":[{"embeddable":true,"href":"https:\/\/www.zsvyhlidka.cz\/index.php?rest_route=%2Fwp%2Fv2%2Fcomments&post=29506"}],"version-history":[{"count":2,"href":"https:\/\/www.zsvyhlidka.cz\/index.php?rest_route=\/wp\/v2\/pages\/29506\/revisions"}],"predecessor-version":[{"id":29536,"href":"https:\/\/www.zsvyhlidka.cz\/index.php?rest_route=\/wp\/v2\/pages\/29506\/revisions\/29536"}],"wp:attachment":[{"href":"https:\/\/www.zsvyhlidka.cz\/index.php?rest_route=%2Fwp%2Fv2%2Fmedia&parent=29506"}],"curies":[{"name":"wp","href":"https:\/\/api.w.org\/{rel}","templated":true}]}}