{"id":29634,"date":"2022-04-28T08:23:00","date_gmt":"2022-04-28T06:23:00","guid":{"rendered":"http:\/\/www.zsvyhlidka.cz\/?page_id=29634"},"modified":"2022-05-04T08:29:53","modified_gmt":"2022-05-04T06:29:53","slug":"mc-donalds-cup-okrskove-kolo","status":"publish","type":"page","link":"https:\/\/www.zsvyhlidka.cz\/?page_id=29634","title":{"rendered":"Fotbalov\u00fd turnaj Mc Donald\u015b Cup 2022 &#8211; okrskov\u00e9 a okresn\u00ed kolo"},"content":{"rendered":"\n<p>Po t\u00e9m\u011b\u0159 dvou letech odmlky se vr\u00e1tila nejv\u011bt\u0161\u00ed \u0161koln\u00ed sportovn\u00ed sout\u011b\u017e<strong> <\/strong>McDonald\u2019s Cup ur\u010den\u00e1 pro \u017e\u00e1ky 1. &#8211; 5. t\u0159\u00edd.<\/p>\n\n\n\n<p>Dal\u0161\u00ed ro\u010dn\u00edk obl\u00edben\u00e9ho fotbalov\u00e9ho turnaje pro prvn\u00ed stupe\u0148 z\u00e1kladn\u00edch \u0161kol je kone\u010dn\u011b zase tady.<strong><\/strong><\/p>\n\n\n\n<p>V\u00a0\u00fater\u00fd 19. 4. 2022 se konalo okrskov\u00e9 kolo McDonald\u2019s Cup &#8211; kategorie A pro \u017e\u00e1ky 1. &#8211; 3. t\u0159\u00edd. Na\u0161i \u017e\u00e1ci v\u0161echny z\u00e1pasy hr\u00e1li nad\u0161en\u011b a v\u00a0pln\u00e9m nasazen\u00ed. Obsadili kr\u00e1sn\u00e9 3. m\u00edsto.<\/p>\n\n\n\n<p>Na\u0161i \u0161kolu reprezentovali:<\/p>\n\n\n\n<p>Anton\u00edn Zimek, Maty\u00e1\u0161 Capil (oba 3. B), Adam Kr\u00e1l, Petr Va\u0161ul\u00edn, Samuel Adam (3. A), Mirek Zaj\u00ed\u010dek, Ale\u0161 Nau\u0161 (2. B), Luk\u00e1\u0161 Jurajda, Filip Stan\u011bk, Nikolas Blas Jirka (2. A), Eduard Mal\u00edk, \u0160imon Kur\u00e1\u0148 (1.A).<\/p>\n\n\n\n<p>V p\u00e1tek \u00a022. 4. 2022 se \u017e\u00e1ci 4. a 5. ro\u010dn\u00edku na\u0161\u00ed \u0161koly z\u00fa\u010dastnili okrskov\u00e9ho kola v\u00a0tomto turnaji, kter\u00fd se konal na fotbalov\u00e9m h\u0159i\u0161ti TJ Vala\u0161sk\u00e9 Mezi\u0159\u00ed\u010d\u00ed. Kluci m\u011bli jedine\u010dnou mo\u017enost pom\u011b\u0159it sv\u00e9 s\u00edly ve fotbale s\u00a0\u017e\u00e1ky ze zdej\u0161\u00edch z\u00e1kladn\u00edch \u0161kol.<\/p>\n\n\n\n<p>Dru\u017estvo \u0161lo do v\u0161ech z\u00e1pas\u016f, i p\u0159es \u0161patn\u00e9 po\u010das\u00ed, s&nbsp;ohromn\u00fdm nad\u0161en\u00edm a odhodl\u00e1n\u00edm. \u017d\u00e1ci na\u0161\u00ed \u0161koly hr\u00e1li v&nbsp;t\u00fdmov\u00e9m duchu a p\u0159edvedli tak vynikaj\u00edc\u00ed v\u00fdkon. V&nbsp;z\u00e1v\u011bre\u010dn\u00e9m z\u00e1pase porazili na\u0161i hr\u00e1\u010di t\u00fdm Z\u0160 K\u0159i\u017en\u00e1, a t\u00edmto si vybojovali prvn\u00ed m\u00edsto a z\u00e1rove\u0148 postup do okresn\u00edho kola. Chlapci si s hrdost\u00ed p\u0159evzali zlat\u00e9 medaile a drobn\u00e9 d\u00e1rky.<\/p>\n\n\n\n<p>Okresn\u00ed kolo prob\u011bhlo dne 28. 4. 2022 ve Vala\u0161sk\u00e9m Mezi\u0159\u00ed\u010d\u00ed. V\u00a0konkurenci nejlep\u0161\u00edch t\u00fdm\u016f okresu obsadili 6. m\u00edsto.<\/p>\n\n\n\n<p>Na\u0161i \u0161kolu reprezentovali:<\/p>\n\n\n\n<p>David Hru\u0161ka, Michal Ne\u0165uka (4.A), Lubom\u00edr Bal\u00e1\u017e, Karel Ji\u0159\u00ed\u010dek, Dominik Stonavsk\u00fd, Dominik Adam (4.B), Libor Jan\u00edk, Tobi\u00e1\u0161 Jurajda, Anton\u00edn Sikora, Luk\u00e1\u0161 Tobola (5.A), Maty\u00e1\u0161 Vesel\u00fd, Maty\u00e1\u0161 T\u0159etina (5.B).<\/p>\n\n\n\n<p>D\u011bkujeme za v\u00fdbornou reprezentaci na\u0161\u00ed \u0161koly a v\u0161ichni si zaslou\u017e\u00ed velk\u00e9 pod\u011bkov\u00e1n\u00ed a pochvalu.<\/p>\n\n\n\n<p>Romana Kacht\u00edkov\u00e1 a Mgr. Jitka Hermanov\u00e1<\/p>\n\n\n\n<p><\/p>\n\n\n\n<figure class=\"wp-container-2 wp-block-gallery-1 wp-block-gallery columns-3 is-cropped\"><ul class=\"blocks-gallery-grid\"><li class=\"blocks-gallery-item\"><figure><a href=\"https:\/\/www.zsvyhlidka.cz\/wp-content\/uploads\/2022\/04\/d-038.jpg\"><img loading=\"lazy\" width=\"797\" height=\"598\" src=\"https:\/\/www.zsvyhlidka.cz\/wp-content\/uploads\/2022\/04\/d-038.jpg\" alt=\"\" data-id=\"29635\" data-full-url=\"https:\/\/www.zsvyhlidka.cz\/wp-content\/uploads\/2022\/04\/d-038.jpg\" data-link=\"https:\/\/www.zsvyhlidka.cz\/?attachment_id=29635\" class=\"wp-image-29635\" srcset=\"https:\/\/www.zsvyhlidka.cz\/wp-content\/uploads\/2022\/04\/d-038.jpg 797w, https:\/\/www.zsvyhlidka.cz\/wp-content\/uploads\/2022\/04\/d-038-300x225.jpg 300w, https:\/\/www.zsvyhlidka.cz\/wp-content\/uploads\/2022\/04\/d-038-768x576.jpg 768w, https:\/\/www.zsvyhlidka.cz\/wp-content\/uploads\/2022\/04\/d-038-360x270.jpg 360w\" sizes=\"(max-width: 797px) 100vw, 797px\" \/><\/a><\/figure><\/li><li class=\"blocks-gallery-item\"><figure><a href=\"https:\/\/www.zsvyhlidka.cz\/wp-content\/uploads\/2022\/04\/d-040-1.jpg\"><img loading=\"lazy\" width=\"797\" height=\"449\" src=\"https:\/\/www.zsvyhlidka.cz\/wp-content\/uploads\/2022\/04\/d-040-1.jpg\" alt=\"\" data-id=\"29636\" data-full-url=\"https:\/\/www.zsvyhlidka.cz\/wp-content\/uploads\/2022\/04\/d-040-1.jpg\" data-link=\"https:\/\/www.zsvyhlidka.cz\/?attachment_id=29636\" class=\"wp-image-29636\" srcset=\"https:\/\/www.zsvyhlidka.cz\/wp-content\/uploads\/2022\/04\/d-040-1.jpg 797w, https:\/\/www.zsvyhlidka.cz\/wp-content\/uploads\/2022\/04\/d-040-1-300x169.jpg 300w, https:\/\/www.zsvyhlidka.cz\/wp-content\/uploads\/2022\/04\/d-040-1-768x433.jpg 768w, https:\/\/www.zsvyhlidka.cz\/wp-content\/uploads\/2022\/04\/d-040-1-360x203.jpg 360w\" sizes=\"(max-width: 797px) 100vw, 797px\" \/><\/a><\/figure><\/li><li class=\"blocks-gallery-item\"><figure><a href=\"https:\/\/www.zsvyhlidka.cz\/wp-content\/uploads\/2022\/04\/d-042.jpg\"><img loading=\"lazy\" width=\"797\" height=\"449\" src=\"https:\/\/www.zsvyhlidka.cz\/wp-content\/uploads\/2022\/04\/d-042.jpg\" alt=\"\" data-id=\"29637\" data-full-url=\"https:\/\/www.zsvyhlidka.cz\/wp-content\/uploads\/2022\/04\/d-042.jpg\" data-link=\"https:\/\/www.zsvyhlidka.cz\/?attachment_id=29637\" class=\"wp-image-29637\" srcset=\"https:\/\/www.zsvyhlidka.cz\/wp-content\/uploads\/2022\/04\/d-042.jpg 797w, https:\/\/www.zsvyhlidka.cz\/wp-content\/uploads\/2022\/04\/d-042-300x169.jpg 300w, https:\/\/www.zsvyhlidka.cz\/wp-content\/uploads\/2022\/04\/d-042-768x433.jpg 768w, https:\/\/www.zsvyhlidka.cz\/wp-content\/uploads\/2022\/04\/d-042-360x203.jpg 360w\" sizes=\"(max-width: 797px) 100vw, 797px\" \/><\/a><\/figure><\/li><li class=\"blocks-gallery-item\"><figure><a href=\"https:\/\/www.zsvyhlidka.cz\/wp-content\/uploads\/2022\/04\/d-043.jpg\"><img loading=\"lazy\" width=\"797\" height=\"598\" src=\"https:\/\/www.zsvyhlidka.cz\/wp-content\/uploads\/2022\/04\/d-043.jpg\" alt=\"\" data-id=\"29638\" data-full-url=\"https:\/\/www.zsvyhlidka.cz\/wp-content\/uploads\/2022\/04\/d-043.jpg\" data-link=\"https:\/\/www.zsvyhlidka.cz\/?attachment_id=29638\" class=\"wp-image-29638\" srcset=\"https:\/\/www.zsvyhlidka.cz\/wp-content\/uploads\/2022\/04\/d-043.jpg 797w, https:\/\/www.zsvyhlidka.cz\/wp-content\/uploads\/2022\/04\/d-043-300x225.jpg 300w, https:\/\/www.zsvyhlidka.cz\/wp-content\/uploads\/2022\/04\/d-043-768x576.jpg 768w, https:\/\/www.zsvyhlidka.cz\/wp-content\/uploads\/2022\/04\/d-043-360x270.jpg 360w\" sizes=\"(max-width: 797px) 100vw, 797px\" \/><\/a><\/figure><\/li><li class=\"blocks-gallery-item\"><figure><a href=\"https:\/\/www.zsvyhlidka.cz\/wp-content\/uploads\/2022\/04\/d-044.jpg\"><img loading=\"lazy\" width=\"797\" height=\"598\" src=\"https:\/\/www.zsvyhlidka.cz\/wp-content\/uploads\/2022\/04\/d-044.jpg\" alt=\"\" data-id=\"29639\" data-full-url=\"https:\/\/www.zsvyhlidka.cz\/wp-content\/uploads\/2022\/04\/d-044.jpg\" data-link=\"https:\/\/www.zsvyhlidka.cz\/?attachment_id=29639\" class=\"wp-image-29639\" srcset=\"https:\/\/www.zsvyhlidka.cz\/wp-content\/uploads\/2022\/04\/d-044.jpg 797w, https:\/\/www.zsvyhlidka.cz\/wp-content\/uploads\/2022\/04\/d-044-300x225.jpg 300w, https:\/\/www.zsvyhlidka.cz\/wp-content\/uploads\/2022\/04\/d-044-768x576.jpg 768w, https:\/\/www.zsvyhlidka.cz\/wp-content\/uploads\/2022\/04\/d-044-360x270.jpg 360w\" sizes=\"(max-width: 797px) 100vw, 797px\" \/><\/a><\/figure><\/li><li class=\"blocks-gallery-item\"><figure><a href=\"https:\/\/www.zsvyhlidka.cz\/wp-content\/uploads\/2022\/04\/d-045.jpg\"><img loading=\"lazy\" width=\"797\" height=\"598\" src=\"https:\/\/www.zsvyhlidka.cz\/wp-content\/uploads\/2022\/04\/d-045.jpg\" alt=\"\" data-id=\"29640\" data-full-url=\"https:\/\/www.zsvyhlidka.cz\/wp-content\/uploads\/2022\/04\/d-045.jpg\" data-link=\"https:\/\/www.zsvyhlidka.cz\/?attachment_id=29640\" class=\"wp-image-29640\" srcset=\"https:\/\/www.zsvyhlidka.cz\/wp-content\/uploads\/2022\/04\/d-045.jpg 797w, https:\/\/www.zsvyhlidka.cz\/wp-content\/uploads\/2022\/04\/d-045-300x225.jpg 300w, https:\/\/www.zsvyhlidka.cz\/wp-content\/uploads\/2022\/04\/d-045-768x576.jpg 768w, https:\/\/www.zsvyhlidka.cz\/wp-content\/uploads\/2022\/04\/d-045-360x270.jpg 360w\" sizes=\"(max-width: 797px) 100vw, 797px\" \/><\/a><\/figure><\/li><\/ul><\/figure>\n","protected":false},"excerpt":{"rendered":"<p>Po t\u00e9m\u011b\u0159 dvou letech odmlky se vr\u00e1tila nejv\u011bt\u0161\u00ed \u0161koln\u00ed sportovn\u00ed sout\u011b\u017e McDonald\u2019s Cup ur\u010den\u00e1 pro \u017e\u00e1ky 1. &#8211; 5. t\u0159\u00edd. Dal\u0161\u00ed ro\u010dn\u00edk obl\u00edben\u00e9ho fotbalov\u00e9ho turnaje pro prvn\u00ed stupe\u0148 z\u00e1kladn\u00edch \u0161kol je kone\u010dn\u011b zase tady. V\u00a0\u00fater\u00fd 19. 4. 2022 se konalo <a href=\"https:\/\/www.zsvyhlidka.cz\/?page_id=29634\" class=\"read-more\">Zobrazit v\u00edce&#8230;<\/a><\/p>\n","protected":false},"author":4,"featured_media":0,"parent":0,"menu_order":0,"comment_status":"closed","ping_status":"closed","template":"","meta":[],"_links":{"self":[{"href":"https:\/\/www.zsvyhlidka.cz\/index.php?rest_route=\/wp\/v2\/pages\/29634"}],"collection":[{"href":"https:\/\/www.zsvyhlidka.cz\/index.php?rest_route=\/wp\/v2\/pages"}],"about":[{"href":"https:\/\/www.zsvyhlidka.cz\/index.php?rest_route=\/wp\/v2\/types\/page"}],"author":[{"embeddable":true,"href":"https:\/\/www.zsvyhlidka.cz\/index.php?rest_route=\/wp\/v2\/users\/4"}],"replies":[{"embeddable":true,"href":"https:\/\/www.zsvyhlidka.cz\/index.php?rest_route=%2Fwp%2Fv2%2Fcomments&post=29634"}],"version-history":[{"count":2,"href":"https:\/\/www.zsvyhlidka.cz\/index.php?rest_route=\/wp\/v2\/pages\/29634\/revisions"}],"predecessor-version":[{"id":29671,"href":"https:\/\/www.zsvyhlidka.cz\/index.php?rest_route=\/wp\/v2\/pages\/29634\/revisions\/29671"}],"wp:attachment":[{"href":"https:\/\/www.zsvyhlidka.cz\/index.php?rest_route=%2Fwp%2Fv2%2Fmedia&parent=29634"}],"curies":[{"name":"wp","href":"https:\/\/api.w.org\/{rel}","templated":true}]}}