{"id":30663,"date":"2023-02-23T13:21:06","date_gmt":"2023-02-23T12:21:06","guid":{"rendered":"https:\/\/www.zsvyhlidka.cz\/?page_id=30663"},"modified":"2026-05-14T22:03:26","modified_gmt":"2026-05-14T20:03:26","slug":"jidelnicek","status":"publish","type":"page","link":"https:\/\/www.zsvyhlidka.cz\/?page_id=30663","title":{"rendered":"J\u00eddeln\u00ed\u010dek"},"content":{"rendered":"\n<div class=\"wp-block-file\"><object class=\"wp-block-file__embed\" data=\"https:\/\/www.zsvyhlidka.cz\/wp-content\/uploads\/2026\/05\/Jidelnicek_260518.pdf\" type=\"application\/pdf\" style=\"width:100%;height:600px\" aria-label=\"Vlo\u017eit z Jidelnicek_260518.\"><\/object><a id=\"wp-block-file--media-91975654-1cd9-45a3-bea7-2eb85e446565\" href=\"https:\/\/www.zsvyhlidka.cz\/wp-content\/uploads\/2026\/05\/Jidelnicek_260518.pdf\">Jidelnicek_260518<\/a><a href=\"https:\/\/www.zsvyhlidka.cz\/wp-content\/uploads\/2026\/05\/Jidelnicek_260518.pdf\" class=\"wp-block-file__button\" download aria-describedby=\"wp-block-file--media-91975654-1cd9-45a3-bea7-2eb85e446565\">St\u00e1hnout<\/a><\/div>\n","protected":false},"excerpt":{"rendered":"Jidelnicek_260518St\u00e1hnout","protected":false},"author":4,"featured_media":0,"parent":0,"menu_order":0,"comment_status":"closed","ping_status":"closed","template":"","meta":[],"_links":{"self":[{"href":"https:\/\/www.zsvyhlidka.cz\/index.php?rest_route=\/wp\/v2\/pages\/30663"}],"collection":[{"href":"https:\/\/www.zsvyhlidka.cz\/index.php?rest_route=\/wp\/v2\/pages"}],"about":[{"href":"https:\/\/www.zsvyhlidka.cz\/index.php?rest_route=\/wp\/v2\/types\/page"}],"author":[{"embeddable":true,"href":"https:\/\/www.zsvyhlidka.cz\/index.php?rest_route=\/wp\/v2\/users\/4"}],"replies":[{"embeddable":true,"href":"https:\/\/www.zsvyhlidka.cz\/index.php?rest_route=%2Fwp%2Fv2%2Fcomments&post=30663"}],"version-history":[{"count":87,"href":"https:\/\/www.zsvyhlidka.cz\/index.php?rest_route=\/wp\/v2\/pages\/30663\/revisions"}],"predecessor-version":[{"id":36776,"href":"https:\/\/www.zsvyhlidka.cz\/index.php?rest_route=\/wp\/v2\/pages\/30663\/revisions\/36776"}],"wp:attachment":[{"href":"https:\/\/www.zsvyhlidka.cz\/index.php?rest_route=%2Fwp%2Fv2%2Fmedia&parent=30663"}],"curies":[{"name":"wp","href":"https:\/\/api.w.org\/{rel}","templated":true}]}}