{"id":31990,"date":"2023-12-11T14:58:01","date_gmt":"2023-12-11T13:58:01","guid":{"rendered":"https:\/\/www.zsvyhlidka.cz\/?page_id=31990"},"modified":"2024-02-14T10:23:02","modified_gmt":"2024-02-14T09:23:02","slug":"hratky-s-predskolaky-5","status":"publish","type":"page","link":"https:\/\/www.zsvyhlidka.cz\/?page_id=31990","title":{"rendered":"Hr\u00e1tky s p\u0159ed\u0161kol\u00e1ky"},"content":{"rendered":"\n<p><strong><mark style=\"background-color:rgba(0, 0, 0, 0)\" class=\"has-inline-color has-red-color\">Program<\/mark><\/strong><\/p>\n\n\n\n<p><a href=\"http:\/\/www.zsvyhlidka.cz\/wp-content\/uploads\/2024\/02\/HRATKY-BREZEN_page-0001-1.jpg\">b\u0159ezen<\/a><\/p>\n\n\n\n<p><a href=\"http:\/\/www.zsvyhlidka.cz\/wp-content\/uploads\/2024\/02\/HRATKY-UNOR_page-0001-1.jpg\">\u00fanor<\/a><\/p>\n\n\n\n<p><a rel=\"noreferrer noopener\" href=\"http:\/\/www.zsvyhlidka.cz\/wp-content\/uploads\/2023\/12\/hratky-leden_page-0001.jpg\" target=\"_blank\">leden<\/a><\/p>\n\n\n\n<p><a href=\"http:\/\/www.zsvyhlidka.cz\/wp-content\/uploads\/2023\/12\/hratky-prosinec-1_page-0001.jpg\" target=\"_blank\" rel=\"noreferrer noopener\">prosinec<\/a><\/p>\n\n\n\n<p><\/p>\n","protected":false},"excerpt":{"rendered":"<p>Program b\u0159ezen \u00fanor leden prosinec<\/p>\n","protected":false},"author":2,"featured_media":0,"parent":0,"menu_order":0,"comment_status":"closed","ping_status":"closed","template":"","meta":[],"_links":{"self":[{"href":"https:\/\/www.zsvyhlidka.cz\/index.php?rest_route=\/wp\/v2\/pages\/31990"}],"collection":[{"href":"https:\/\/www.zsvyhlidka.cz\/index.php?rest_route=\/wp\/v2\/pages"}],"about":[{"href":"https:\/\/www.zsvyhlidka.cz\/index.php?rest_route=\/wp\/v2\/types\/page"}],"author":[{"embeddable":true,"href":"https:\/\/www.zsvyhlidka.cz\/index.php?rest_route=\/wp\/v2\/users\/2"}],"replies":[{"embeddable":true,"href":"https:\/\/www.zsvyhlidka.cz\/index.php?rest_route=%2Fwp%2Fv2%2Fcomments&post=31990"}],"version-history":[{"count":6,"href":"https:\/\/www.zsvyhlidka.cz\/index.php?rest_route=\/wp\/v2\/pages\/31990\/revisions"}],"predecessor-version":[{"id":32540,"href":"https:\/\/www.zsvyhlidka.cz\/index.php?rest_route=\/wp\/v2\/pages\/31990\/revisions\/32540"}],"wp:attachment":[{"href":"https:\/\/www.zsvyhlidka.cz\/index.php?rest_route=%2Fwp%2Fv2%2Fmedia&parent=31990"}],"curies":[{"name":"wp","href":"https:\/\/api.w.org\/{rel}","templated":true}]}}