{"id":32383,"date":"2024-02-26T18:48:49","date_gmt":"2024-02-26T17:48:49","guid":{"rendered":"https:\/\/www.zsvyhlidka.cz\/?page_id=32383"},"modified":"2024-02-26T18:48:49","modified_gmt":"2024-02-26T17:48:49","slug":"gdpr-2","status":"publish","type":"page","link":"https:\/\/www.zsvyhlidka.cz\/?page_id=32383","title":{"rendered":"GDPR"},"content":{"rendered":"\n<p><a href=\"http:\/\/www.zsvyhlidka.cz\/wp-content\/uploads\/2018\/05\/Obecn\u00e1-informace-o-zpracov\u00e1n\u00ed-osobn\u00edch-\u00fadaj\u016f.pdf\">Obecn\u00e1 informace o zpracov\u00e1n\u00ed osobn\u00edch \u00fadaj\u016f<\/a><\/p>\n\n\n\n<p><a href=\"http:\/\/www.zsvyhlidka.cz\/?page_id=19401\">Informace o po\u0159izov\u00e1n\u00ed fotografi\u00ed, obrazov\u00fdch a zvukov\u00fdch z\u00e1znam\u016f z akc\u00ed<\/a><\/p>\n","protected":false},"excerpt":{"rendered":"<p>Obecn\u00e1 informace o zpracov\u00e1n\u00ed osobn\u00edch \u00fadaj\u016f Informace o po\u0159izov\u00e1n\u00ed fotografi\u00ed, obrazov\u00fdch a zvukov\u00fdch z\u00e1znam\u016f z akc\u00ed<\/p>\n","protected":false},"author":2,"featured_media":0,"parent":0,"menu_order":0,"comment_status":"closed","ping_status":"closed","template":"","meta":[],"_links":{"self":[{"href":"https:\/\/www.zsvyhlidka.cz\/index.php?rest_route=\/wp\/v2\/pages\/32383"}],"collection":[{"href":"https:\/\/www.zsvyhlidka.cz\/index.php?rest_route=\/wp\/v2\/pages"}],"about":[{"href":"https:\/\/www.zsvyhlidka.cz\/index.php?rest_route=\/wp\/v2\/types\/page"}],"author":[{"embeddable":true,"href":"https:\/\/www.zsvyhlidka.cz\/index.php?rest_route=\/wp\/v2\/users\/2"}],"replies":[{"embeddable":true,"href":"https:\/\/www.zsvyhlidka.cz\/index.php?rest_route=%2Fwp%2Fv2%2Fcomments&post=32383"}],"version-history":[{"count":1,"href":"https:\/\/www.zsvyhlidka.cz\/index.php?rest_route=\/wp\/v2\/pages\/32383\/revisions"}],"predecessor-version":[{"id":32385,"href":"https:\/\/www.zsvyhlidka.cz\/index.php?rest_route=\/wp\/v2\/pages\/32383\/revisions\/32385"}],"wp:attachment":[{"href":"https:\/\/www.zsvyhlidka.cz\/index.php?rest_route=%2Fwp%2Fv2%2Fmedia&parent=32383"}],"curies":[{"name":"wp","href":"https:\/\/api.w.org\/{rel}","templated":true}]}}