{"id":33075,"date":"2024-08-19T19:17:55","date_gmt":"2024-08-19T17:17:55","guid":{"rendered":"https:\/\/www.zsvyhlidka.cz\/?page_id=33075"},"modified":"2024-08-30T11:45:09","modified_gmt":"2024-08-30T09:45:09","slug":"nase-zamereni","status":"publish","type":"page","link":"https:\/\/www.zsvyhlidka.cz\/?page_id=33075","title":{"rendered":"NA\u0160E ZAM\u011a\u0158EN\u00cd"},"content":{"rendered":"<p><strong>CO NAB\u00cdZ\u00cdME<\/strong><\/p>\n<ul>\n<li>Pln\u011b kvalifikovanou v\u00fduku podle \u0161koln\u00edho vzd\u011bl\u00e1vac\u00edho programu \u201eVyhl\u00eddka do \u017eivota\u201c.<\/li>\n<li>Povinnou v\u00fduku anglick\u00e9ho jazyka u\u017e od 1. ro\u010dn\u00edku, v\u00fduku n\u011bmeck\u00e9ho jazyka a rusk\u00e9ho jazyka na II. stupni.<\/li>\n<li>Rann\u00ed a odpoledn\u00ed p\u00e9\u010di o \u017e\u00e1ky v odd\u011blen\u00edch \u0161koln\u00ed dru\u017einy, \u010dinnost prob\u00edh\u00e1 v kvalitn\u011b vybaven\u00fdch t\u0159\u00edd\u00e1ch podle\u00a0vlastn\u00edho vzd\u011bl\u00e1vac\u00edho programu.<\/li>\n<li>Speci\u00e1ln\u00ed v\u00fduku pro integrovan\u00e9 \u017e\u00e1ky se speci\u00e1ln\u00edmi vzd\u011bl\u00e1vac\u00edmi pot\u0159ebami.<\/li>\n<li>V\u00fduku pro nadan\u00e9 d\u011bti ve spolupr\u00e1ci se Sv\u011btem vzd\u011bl\u00e1n\u00ed \u2013 v\u00fduka logiky, robotiky, nadstandartn\u00ed v\u00fduka anglick\u00e9ho jazyka v\u010detn\u011b rodil\u00e9ho mluv\u010d\u00edho.<\/li>\n<li>Organizaci ly\u017ea\u0159sk\u00fdch kurz\u016f v r\u00e1mci TV (7. ro\u010d.) \u2013 sjezdov\u00e9 ly\u017eov\u00e1n\u00ed, snowboard, b\u011b\u017eeck\u00e9 ly\u017eov\u00e1n\u00ed.<\/li>\n<li>V\u00fdb\u011brov\u00fd kurz ly\u017eov\u00e1n\u00ed pro I. stupe\u0148 a 6. a 8. ro\u010dn\u00edky. Po\u0159\u00e1d\u00e1n\u00ed \u0161koly v p\u0159\u00edrod\u011b,\u00a0 z\u00e1kladn\u00ed v\u00fduka plav\u00e1n\u00ed.<\/li>\n<li>\u0160koln\u00ed adapta\u010dn\u00ed t\u00e1bor pro 1. ro\u010dn\u00edk.<\/li>\n<li>Seznamovac\u00ed pobyty pro 6. ro\u010dn\u00edk, Orienta\u010dn\u00ed dny pro 8. ro\u010dn\u00edk (orientace na volbu povol\u00e1n\u00ed a prevenci soci\u00e1ln\u011b patologick\u00fdch jev\u016f).<\/li>\n<li>Hudebn\u00ed v\u00fdchovu s\u00a0hudebn\u00edmi n\u00e1stroji.<\/li>\n<li>Badatelskou v\u00fduku v\u00a0p\u0159\u00edrodopise.<\/li>\n<li>Robotiku v\u00a0r\u00e1mci Informatiky.<\/li>\n<li>Pr\u00e1ce s\u00a03D tisk\u00e1rnou.<\/li>\n<li>Mimo\u0161koln\u00ed aktivity s\u00a0rozvojem nad\u00e1n\u00ed \u017e\u00e1k\u016f.<\/li>\n<li>Spolupr\u00e1ce se zahrani\u010dn\u00edmi \u0161kolami \u2013 Slovensko, Srbsko.<\/li>\n<li>Zahrani\u010dn\u00ed exkurze, vzd\u011bl\u00e1vac\u00ed exkurze.<\/li>\n<\/ul>\n","protected":false},"excerpt":{"rendered":"<p>CO NAB\u00cdZ\u00cdME Pln\u011b kvalifikovanou v\u00fduku podle \u0161koln\u00edho vzd\u011bl\u00e1vac\u00edho programu \u201eVyhl\u00eddka do \u017eivota\u201c. Povinnou v\u00fduku anglick\u00e9ho jazyka u\u017e od 1. ro\u010dn\u00edku, v\u00fduku n\u011bmeck\u00e9ho jazyka a rusk\u00e9ho jazyka na II. stupni. Rann\u00ed a odpoledn\u00ed p\u00e9\u010di o \u017e\u00e1ky v odd\u011blen\u00edch \u0161koln\u00ed dru\u017einy, \u010dinnost <a href=\"https:\/\/www.zsvyhlidka.cz\/?page_id=33075\" class=\"read-more\">Zobrazit v\u00edce&#8230;<\/a><\/p>\n","protected":false},"author":1,"featured_media":0,"parent":0,"menu_order":0,"comment_status":"closed","ping_status":"closed","template":"","meta":[],"_links":{"self":[{"href":"https:\/\/www.zsvyhlidka.cz\/index.php?rest_route=\/wp\/v2\/pages\/33075"}],"collection":[{"href":"https:\/\/www.zsvyhlidka.cz\/index.php?rest_route=\/wp\/v2\/pages"}],"about":[{"href":"https:\/\/www.zsvyhlidka.cz\/index.php?rest_route=\/wp\/v2\/types\/page"}],"author":[{"embeddable":true,"href":"https:\/\/www.zsvyhlidka.cz\/index.php?rest_route=\/wp\/v2\/users\/1"}],"replies":[{"embeddable":true,"href":"https:\/\/www.zsvyhlidka.cz\/index.php?rest_route=%2Fwp%2Fv2%2Fcomments&post=33075"}],"version-history":[{"count":2,"href":"https:\/\/www.zsvyhlidka.cz\/index.php?rest_route=\/wp\/v2\/pages\/33075\/revisions"}],"predecessor-version":[{"id":33126,"href":"https:\/\/www.zsvyhlidka.cz\/index.php?rest_route=\/wp\/v2\/pages\/33075\/revisions\/33126"}],"wp:attachment":[{"href":"https:\/\/www.zsvyhlidka.cz\/index.php?rest_route=%2Fwp%2Fv2%2Fmedia&parent=33075"}],"curies":[{"name":"wp","href":"https:\/\/api.w.org\/{rel}","templated":true}]}}