{"id":35884,"date":"2025-11-28T19:36:14","date_gmt":"2025-11-28T18:36:14","guid":{"rendered":"https:\/\/www.zsvyhlidka.cz\/?page_id=35884"},"modified":"2025-12-08T04:43:29","modified_gmt":"2025-12-08T03:43:29","slug":"podcasty","status":"publish","type":"page","link":"https:\/\/www.zsvyhlidka.cz\/?page_id=35884","title":{"rendered":"Podcasty"},"content":{"rendered":"\n<p>Poslechn\u011bte si rozhovory, kter\u00e9 nato\u010dili na\u0161i mlad\u00ed report\u00e9\u0159i<\/p>\n\n\n\n<ul><li><a href=\"https:\/\/www.zsvyhlidka.cz\/wp-content\/uploads\/2023\/05\/Podcast-Vyhlidka-Skulavik.mp3\">s panem u\u010ditelem Jakubem \u0160kulav\u00edkem<\/a><\/li><li><a href=\"https:\/\/www.zsvyhlidka.cz\/wp-content\/uploads\/2023\/06\/Podcast-rozhovor-s-Lucii-Chvatikovou-1.m4a\">s pan\u00ed u\u010ditelkou Luckou Chvat\u00edkovou<\/a><\/li><li><a href=\"http:\/\/www.zsvyhlidka.cz\/wp-content\/uploads\/2025\/11\/Vojta-Baca.mp4\">s panem u\u010ditelem Vojtou Ba\u010dou<\/a>,<\/li><li><a href=\"http:\/\/www.zsvyhlidka.cz\/wp-content\/uploads\/2025\/11\/Podcast-Iva-Stromsikova.mp4\">s pan\u00ed u\u010ditelkou Ivou Strom\u0161\u00edkovou<\/a>.<\/li><\/ul>\n","protected":false},"excerpt":{"rendered":"<p>Poslechn\u011bte si rozhovory, kter\u00e9 nato\u010dili na\u0161i mlad\u00ed report\u00e9\u0159i s panem u\u010ditelem Jakubem \u0160kulav\u00edkem s pan\u00ed u\u010ditelkou Luckou Chvat\u00edkovou s panem u\u010ditelem Vojtou Ba\u010dou, s pan\u00ed u\u010ditelkou Ivou Strom\u0161\u00edkovou.<\/p>\n","protected":false},"author":2,"featured_media":0,"parent":0,"menu_order":0,"comment_status":"closed","ping_status":"closed","template":"","meta":[],"_links":{"self":[{"href":"https:\/\/www.zsvyhlidka.cz\/index.php?rest_route=\/wp\/v2\/pages\/35884"}],"collection":[{"href":"https:\/\/www.zsvyhlidka.cz\/index.php?rest_route=\/wp\/v2\/pages"}],"about":[{"href":"https:\/\/www.zsvyhlidka.cz\/index.php?rest_route=\/wp\/v2\/types\/page"}],"author":[{"embeddable":true,"href":"https:\/\/www.zsvyhlidka.cz\/index.php?rest_route=\/wp\/v2\/users\/2"}],"replies":[{"embeddable":true,"href":"https:\/\/www.zsvyhlidka.cz\/index.php?rest_route=%2Fwp%2Fv2%2Fcomments&post=35884"}],"version-history":[{"count":2,"href":"https:\/\/www.zsvyhlidka.cz\/index.php?rest_route=\/wp\/v2\/pages\/35884\/revisions"}],"predecessor-version":[{"id":35937,"href":"https:\/\/www.zsvyhlidka.cz\/index.php?rest_route=\/wp\/v2\/pages\/35884\/revisions\/35937"}],"wp:attachment":[{"href":"https:\/\/www.zsvyhlidka.cz\/index.php?rest_route=%2Fwp%2Fv2%2Fmedia&parent=35884"}],"curies":[{"name":"wp","href":"https:\/\/api.w.org\/{rel}","templated":true}]}}