{"id":4853,"date":"2012-11-06T18:42:40","date_gmt":"2012-11-06T17:42:40","guid":{"rendered":"http:\/\/www.zsvyhlidka.cz\/"},"modified":"2024-11-26T14:19:01","modified_gmt":"2024-11-26T13:19:01","slug":"testovani-zaku","status":"publish","type":"page","link":"https:\/\/www.zsvyhlidka.cz\/?page_id=4853","title":{"rendered":"Testov\u00e1n\u00ed \u017e\u00e1k\u016f"},"content":{"rendered":"<div dir=\"ltr\">\n<ul>\n<li><span style=\"text-decoration: underline;\"><a href=\"http:\/\/www.zsvyhlidka.cz\/?page_id=16625\">Dom\u00e1c\u00ed testov\u00e1n\u00ed<\/a><\/span><\/li>\n<\/ul>\n<\/div>\n","protected":false},"excerpt":{"rendered":"<p>Dom\u00e1c\u00ed testov\u00e1n\u00ed<\/p>\n","protected":false},"author":1,"featured_media":0,"parent":0,"menu_order":268,"comment_status":"closed","ping_status":"closed","template":"","meta":[],"_links":{"self":[{"href":"https:\/\/www.zsvyhlidka.cz\/index.php?rest_route=\/wp\/v2\/pages\/4853"}],"collection":[{"href":"https:\/\/www.zsvyhlidka.cz\/index.php?rest_route=\/wp\/v2\/pages"}],"about":[{"href":"https:\/\/www.zsvyhlidka.cz\/index.php?rest_route=\/wp\/v2\/types\/page"}],"author":[{"embeddable":true,"href":"https:\/\/www.zsvyhlidka.cz\/index.php?rest_route=\/wp\/v2\/users\/1"}],"replies":[{"embeddable":true,"href":"https:\/\/www.zsvyhlidka.cz\/index.php?rest_route=%2Fwp%2Fv2%2Fcomments&post=4853"}],"version-history":[{"count":34,"href":"https:\/\/www.zsvyhlidka.cz\/index.php?rest_route=\/wp\/v2\/pages\/4853\/revisions"}],"predecessor-version":[{"id":33772,"href":"https:\/\/www.zsvyhlidka.cz\/index.php?rest_route=\/wp\/v2\/pages\/4853\/revisions\/33772"}],"wp:attachment":[{"href":"https:\/\/www.zsvyhlidka.cz\/index.php?rest_route=%2Fwp%2Fv2%2Fmedia&parent=4853"}],"curies":[{"name":"wp","href":"https:\/\/api.w.org\/{rel}","templated":true}]}}