{"id":6848,"date":"2013-09-03T19:41:26","date_gmt":"2013-09-03T18:41:26","guid":{"rendered":"http:\/\/www.zsvyhlidka.cz\/?page_id=6848"},"modified":"2016-09-17T15:55:33","modified_gmt":"2016-09-17T13:55:33","slug":"rop-stredni-morava","status":"publish","type":"page","link":"https:\/\/www.zsvyhlidka.cz\/?page_id=6848","title":{"rendered":"ROP St\u0159edn\u00ed Morava"},"content":{"rendered":"<h5><span style=\"text-decoration: underline;\"><strong>ROP St\u0159edn\u00ed Morava<\/strong><\/span><\/h5>\n<p><a href=\"http:\/\/vu2016.virt6.inext.cz\/wordpress\/wp-content\/uploads\/2013\/09\/Stavebn\u00ed-\u00fapravy-odborn\u00fdch-u\u010deben-Z\u0160-\u0160afa\u0159\u00edkova-a-Z\u0160-Vyhl\u00eddka.doc\">Stavebn\u00ed-\u00fapravy-odborn\u00fdch-u\u010deben-Z\u0160-\u0160afa\u0159\u00edkova-a-Z\u0160-Vyhl\u00eddka<\/a><\/p>\n<p><a href=\"http:\/\/vu2016.virt6.inext.cz\/wordpress\/wp-content\/uploads\/2013\/09\/l\u00e1nek-09-2013-FIN.doc\">\u010cl\u00e1nek 09 2013 FIN<\/a><\/p>\n<p>&nbsp;<\/p>\n<p>&nbsp;<\/p>\n<p>&nbsp;<\/p>\n<p>&nbsp;<\/p>\n<p><span style=\"color: #ccffcc;\">.<\/span><\/p>\n","protected":false},"excerpt":{"rendered":"<p>ROP St\u0159edn\u00ed Morava Stavebn\u00ed-\u00fapravy-odborn\u00fdch-u\u010deben-Z\u0160-\u0160afa\u0159\u00edkova-a-Z\u0160-Vyhl\u00eddka \u010cl\u00e1nek 09 2013 FIN &nbsp; &nbsp; &nbsp; &nbsp; .<\/p>\n","protected":false},"author":2,"featured_media":0,"parent":0,"menu_order":222,"comment_status":"closed","ping_status":"closed","template":"page-fullwidth.php","meta":[],"_links":{"self":[{"href":"https:\/\/www.zsvyhlidka.cz\/index.php?rest_route=\/wp\/v2\/pages\/6848"}],"collection":[{"href":"https:\/\/www.zsvyhlidka.cz\/index.php?rest_route=\/wp\/v2\/pages"}],"about":[{"href":"https:\/\/www.zsvyhlidka.cz\/index.php?rest_route=\/wp\/v2\/types\/page"}],"author":[{"embeddable":true,"href":"https:\/\/www.zsvyhlidka.cz\/index.php?rest_route=\/wp\/v2\/users\/2"}],"replies":[{"embeddable":true,"href":"https:\/\/www.zsvyhlidka.cz\/index.php?rest_route=%2Fwp%2Fv2%2Fcomments&post=6848"}],"version-history":[{"count":5,"href":"https:\/\/www.zsvyhlidka.cz\/index.php?rest_route=\/wp\/v2\/pages\/6848\/revisions"}],"predecessor-version":[{"id":16061,"href":"https:\/\/www.zsvyhlidka.cz\/index.php?rest_route=\/wp\/v2\/pages\/6848\/revisions\/16061"}],"wp:attachment":[{"href":"https:\/\/www.zsvyhlidka.cz\/index.php?rest_route=%2Fwp%2Fv2%2Fmedia&parent=6848"}],"curies":[{"name":"wp","href":"https:\/\/api.w.org\/{rel}","templated":true}]}}