{"id":69,"date":"2011-07-29T18:24:52","date_gmt":"2011-07-29T17:24:52","guid":{"rendered":"http:\/\/www.zsvyhlidka.cz\/?page_id=69"},"modified":"2019-11-11T08:05:31","modified_gmt":"2019-11-11T07:05:31","slug":"odkazy","status":"publish","type":"page","link":"https:\/\/www.zsvyhlidka.cz\/?page_id=69","title":{"rendered":"Odkazy"},"content":{"rendered":"<p>Odkazy<\/p>\n<p><a href=\"http:\/\/www.valasskemezirici.cz\" target=\"_blank\" rel=\"noopener\">m\u011bsto Vala\u0161sk\u00e9 Mezi\u0159\u00ed\u010d\u00ed<\/a><\/p>\n<p><a href=\"http:\/\/www.domecekvalmez.cz\/\" target=\"_blank\" rel=\"noopener\">SV\u010c Vala\u0161sk\u00e9 Mezi\u0159\u00ed\u010d\u00ed<\/a><\/p>\n<p>&nbsp;<\/p>\n","protected":false},"excerpt":{"rendered":"<p>Odkazy m\u011bsto Vala\u0161sk\u00e9 Mezi\u0159\u00ed\u010d\u00ed SV\u010c Vala\u0161sk\u00e9 Mezi\u0159\u00ed\u010d\u00ed &nbsp;<\/p>\n","protected":false},"author":1,"featured_media":0,"parent":0,"menu_order":142,"comment_status":"closed","ping_status":"closed","template":"","meta":[],"_links":{"self":[{"href":"https:\/\/www.zsvyhlidka.cz\/index.php?rest_route=\/wp\/v2\/pages\/69"}],"collection":[{"href":"https:\/\/www.zsvyhlidka.cz\/index.php?rest_route=\/wp\/v2\/pages"}],"about":[{"href":"https:\/\/www.zsvyhlidka.cz\/index.php?rest_route=\/wp\/v2\/types\/page"}],"author":[{"embeddable":true,"href":"https:\/\/www.zsvyhlidka.cz\/index.php?rest_route=\/wp\/v2\/users\/1"}],"replies":[{"embeddable":true,"href":"https:\/\/www.zsvyhlidka.cz\/index.php?rest_route=%2Fwp%2Fv2%2Fcomments&post=69"}],"version-history":[{"count":4,"href":"https:\/\/www.zsvyhlidka.cz\/index.php?rest_route=\/wp\/v2\/pages\/69\/revisions"}],"predecessor-version":[{"id":21699,"href":"https:\/\/www.zsvyhlidka.cz\/index.php?rest_route=\/wp\/v2\/pages\/69\/revisions\/21699"}],"wp:attachment":[{"href":"https:\/\/www.zsvyhlidka.cz\/index.php?rest_route=%2Fwp%2Fv2%2Fmedia&parent=69"}],"curies":[{"name":"wp","href":"https:\/\/api.w.org\/{rel}","templated":true}]}}