{"id":86,"date":"2011-07-29T19:18:19","date_gmt":"2011-07-29T18:18:19","guid":{"rendered":"http:\/\/www.zsvyhlidka.cz\/?page_id=86"},"modified":"2025-11-28T15:51:48","modified_gmt":"2025-11-28T14:51:48","slug":"nadacni-fond","status":"publish","type":"page","link":"https:\/\/www.zsvyhlidka.cz\/?page_id=86","title":{"rendered":"Nada\u010dn\u00ed fond"},"content":{"rendered":"<p><a href=\"http:\/\/www.zsvyhlidka.cz\/?page_id=21430\" target=\"_blank\" rel=\"noopener\">Z\u00e1kladn\u00ed listina<\/a><\/p>\n<p><a href=\"http:\/\/www.zsvyhlidka.cz\/?page_id=546\" target=\"_blank\" rel=\"noopener\">Kontaktn\u00ed \u00fadaje<\/a><\/p>\n<p><a href=\"http:\/\/www.zsvyhlidka.cz\/?page_id=548\" target=\"_blank\" rel=\"noopener\">P\u0159\u00edsp\u011bvky do fondu<\/a><\/p>\n<p><a href=\"http:\/\/www.zsvyhlidka.cz\/wp-content\/uploads\/2025\/11\/2511_nadacni-fond.pdf\">Pod\u011bkov\u00e1n\u00ed rodi\u010d\u016fm<\/a><\/p>\n<p><span style=\"color: #ccffcc;\">.<\/span><\/p>\n","protected":false},"excerpt":{"rendered":"<p>Z\u00e1kladn\u00ed listina Kontaktn\u00ed \u00fadaje P\u0159\u00edsp\u011bvky do fondu Pod\u011bkov\u00e1n\u00ed rodi\u010d\u016fm .<\/p>\n","protected":false},"author":1,"featured_media":0,"parent":0,"menu_order":48,"comment_status":"closed","ping_status":"closed","template":"","meta":[],"_links":{"self":[{"href":"https:\/\/www.zsvyhlidka.cz\/index.php?rest_route=\/wp\/v2\/pages\/86"}],"collection":[{"href":"https:\/\/www.zsvyhlidka.cz\/index.php?rest_route=\/wp\/v2\/pages"}],"about":[{"href":"https:\/\/www.zsvyhlidka.cz\/index.php?rest_route=\/wp\/v2\/types\/page"}],"author":[{"embeddable":true,"href":"https:\/\/www.zsvyhlidka.cz\/index.php?rest_route=\/wp\/v2\/users\/1"}],"replies":[{"embeddable":true,"href":"https:\/\/www.zsvyhlidka.cz\/index.php?rest_route=%2Fwp%2Fv2%2Fcomments&post=86"}],"version-history":[{"count":7,"href":"https:\/\/www.zsvyhlidka.cz\/index.php?rest_route=\/wp\/v2\/pages\/86\/revisions"}],"predecessor-version":[{"id":35876,"href":"https:\/\/www.zsvyhlidka.cz\/index.php?rest_route=\/wp\/v2\/pages\/86\/revisions\/35876"}],"wp:attachment":[{"href":"https:\/\/www.zsvyhlidka.cz\/index.php?rest_route=%2Fwp%2Fv2%2Fmedia&parent=86"}],"curies":[{"name":"wp","href":"https:\/\/api.w.org\/{rel}","templated":true}]}}