{"id":9314,"date":"2014-06-02T13:18:15","date_gmt":"2014-06-02T12:18:15","guid":{"rendered":"http:\/\/www.zsvyhlidka.cz\/?page_id=9314"},"modified":"2025-05-05T12:55:37","modified_gmt":"2025-05-05T10:55:37","slug":"inspekcni-zpravy","status":"publish","type":"page","link":"https:\/\/www.zsvyhlidka.cz\/?page_id=9314","title":{"rendered":"Inspek\u010dn\u00ed zpr\u00e1vy"},"content":{"rendered":"<ul>\n<li><a href=\"http:\/\/www.zsvyhlidka.cz\/wp-content\/uploads\/2025\/05\/inspekcni-zprava_2025.pdf\">Inspek\u010dn\u00ed zpr\u00e1va \u010cesk\u00e9 \u0161koln\u00ed inspekce &#8211; b\u0159ezen 2025<\/a><\/li>\n<li><a href=\"http:\/\/www.zsvyhlidka.cz\/wp-content\/uploads\/2021\/08\/Inspekcni-zprava-ZS-Vyhlidka.pdf\">Inspek\u010dn\u00ed zpr\u00e1va \u010cesk\u00e9 \u0161koln\u00ed inspekce &#8211; z\u00e1\u0159\u00ed 2020<\/a><\/li>\n<li><a href=\"http:\/\/www.zsvyhlidka.cz\/wp-content\/uploads\/2014\/06\/IZ-Vala\u0161sk\u00e9-Mezi\u0159\u00ed\u010d\u00ed-Vyhl\u00eddka.pdf\">Inspek\u010dn\u00ed zpr\u00e1va \u010cesk\u00e9 \u0161koln\u00ed inspekce &#8211; kv\u011bten 2014<\/a><\/li>\n<\/ul>\n<p><span style=\"color: #ccffcc;\">.<\/span><\/p>\n","protected":false},"excerpt":{"rendered":"<p>Inspek\u010dn\u00ed zpr\u00e1va \u010cesk\u00e9 \u0161koln\u00ed inspekce &#8211; b\u0159ezen 2025 Inspek\u010dn\u00ed zpr\u00e1va \u010cesk\u00e9 \u0161koln\u00ed inspekce &#8211; z\u00e1\u0159\u00ed 2020 Inspek\u010dn\u00ed zpr\u00e1va \u010cesk\u00e9 \u0161koln\u00ed inspekce &#8211; kv\u011bten 2014 .<\/p>\n","protected":false},"author":4,"featured_media":0,"parent":0,"menu_order":168,"comment_status":"open","ping_status":"open","template":"","meta":[],"_links":{"self":[{"href":"https:\/\/www.zsvyhlidka.cz\/index.php?rest_route=\/wp\/v2\/pages\/9314"}],"collection":[{"href":"https:\/\/www.zsvyhlidka.cz\/index.php?rest_route=\/wp\/v2\/pages"}],"about":[{"href":"https:\/\/www.zsvyhlidka.cz\/index.php?rest_route=\/wp\/v2\/types\/page"}],"author":[{"embeddable":true,"href":"https:\/\/www.zsvyhlidka.cz\/index.php?rest_route=\/wp\/v2\/users\/4"}],"replies":[{"embeddable":true,"href":"https:\/\/www.zsvyhlidka.cz\/index.php?rest_route=%2Fwp%2Fv2%2Fcomments&post=9314"}],"version-history":[{"count":6,"href":"https:\/\/www.zsvyhlidka.cz\/index.php?rest_route=\/wp\/v2\/pages\/9314\/revisions"}],"predecessor-version":[{"id":34685,"href":"https:\/\/www.zsvyhlidka.cz\/index.php?rest_route=\/wp\/v2\/pages\/9314\/revisions\/34685"}],"wp:attachment":[{"href":"https:\/\/www.zsvyhlidka.cz\/index.php?rest_route=%2Fwp%2Fv2%2Fmedia&parent=9314"}],"curies":[{"name":"wp","href":"https:\/\/api.w.org\/{rel}","templated":true}]}}