{"id":94,"date":"2011-07-29T19:20:15","date_gmt":"2011-07-29T18:20:15","guid":{"rendered":"http:\/\/www.zsvyhlidka.cz\/?page_id=94"},"modified":"2016-09-20T12:20:21","modified_gmt":"2016-09-20T10:20:21","slug":"historie-skoly","status":"publish","type":"page","link":"https:\/\/www.zsvyhlidka.cz\/?page_id=94","title":{"rendered":"Historie \u0161koly"},"content":{"rendered":"<div id=\"_mcePaste\">V\u00e1\u017een\u00ed p\u0159\u00e1tel\u00e9!<\/div>\n<div><\/div>\n<div id=\"_mcePaste\">V\u00edt\u00e1m V\u00e1s na na\u0161ich internetov\u00fdch str\u00e1nk\u00e1ch a nab\u00edz\u00edm mal\u00e9 ohl\u00e9dnut\u00ed do minulosti, sou\u010dasnost a v\u00fdhledy do budoucna Z\u00e1kladn\u00ed \u0161koly Vala\u0161sk\u00e9 Mezi\u0159\u00ed\u010d\u00ed, Vyhl\u00eddka 380, okres Vset\u00edn.<\/div>\n<div id=\"_mcePaste\">V historii \u0161koly byl zlomov\u00fdm rokem r. 1973, kdy ZD\u0160 Husova musela uvolnit \u0161koln\u00ed budovu k 1. 9. 1973 pro gymn\u00e1zium. V tomto roce nezdoln\u00fdm tempem pokra\u010dovala v\u00fdstavba nov\u00e9 \u0161koly na ulici Kr\u00e1lova, kam m\u011bli u\u010ditel\u00e9 i \u017e\u00e1ci ze ZD\u0160 Husova p\u0159es\u00eddlit.<\/div>\n<div id=\"_mcePaste\">Citace ze \u0161koln\u00ed kroniky: \u201eVe \u0161koln\u00edm roce 1973\/74 bylo \u0161koln\u00ed za\u0159\u00edzen\u00ed p\u0159em\u00edst\u011bna na ZD\u0160 \u0160afa\u0159\u00edkova. St\u011bhovac\u00ed pr\u00e1ce si vy\u017e\u00e1daly pomoc jak u\u010ditel\u016f, tak i \u010dlen\u016f SRP\u0160, \u017e\u00e1k\u016f a vojensk\u00e9 pos\u00e1dky z m\u011bsta a trvaly cel\u00fd t\u00fdden. Vyu\u010dov\u00e1n\u00ed bylo zpo\u010d\u00e1tku polodenn\u00ed, p\u0159edev\u0161\u00edm na II. stupni, kde bylo zaji\u0161t\u011bno sm\u011bnov\u00e1n\u00ed se \u0161kolou \u0160afa\u0159\u00edkovou. I. stupe\u0148 p\u0159est\u011bhov\u00e1n do uvoln\u011bn\u00fdch u\u010deben u\u010dili\u0161t\u011b Urxov\u00fdch z\u00e1vod\u016f s cel\u00fdm za\u0159\u00edzen\u00edm. P\u0159em\u00edst\u011bn\u00ed do obou \u0161kol si vy\u017e\u00e1dalo velk\u00e9ho vyp\u011bt\u00ed u\u010ditel\u016f i \u017e\u00e1k\u016f a p\u0159es v\u0161echnu dobrou snahu do\u0161lo k ztr\u00e1t\u00e1m materi\u00e1lu a ke znehodnocen\u00ed pom\u016fcek, kter\u00e9 musely b\u00fdt odeps\u00e1ny.\u201c<\/div>\n<div id=\"_mcePaste\">V\u00fduka ve \u0161koln\u00edm roce 1974\/75 prob\u00edhala rovn\u011b\u017e na deta\u0161ovan\u00fdch pracovi\u0161t\u00edch, 6.-9. ro\u010dn\u00edk na ZD\u0160 \u0160afa\u0159\u00edkova a 1.-5. ro\u010dn\u00edk v u\u010dili\u0161ti Urxov\u00fdch z\u00e1vod\u016f, ale u\u017e nebylo zavedeno sm\u011bnov\u00e1n\u00ed. V kronice se d\u00e1le do\u010dteme: \u201e1.9.1975 byla ZD\u0160 Husova p\u0159em\u00edst\u011bna do budovy \u0161koly Na Vyhl\u00eddce. \u0160kola zm\u011bnila n\u00e1zev na ZD\u0160 Vyhl\u00eddka Vala\u0161sk\u00e9 Mezi\u0159\u00ed\u010d\u00ed, k tomuto datu m\u011bla 18 t\u0159\u00edd, n\u011bkter\u00e9 t\u0159\u00eddy byly p\u0159echodn\u011b um\u00edst\u011bny v mimo\u0161koln\u00edm pavilonu, proto\u017ee \u0161kola nebyla dokon\u010dena. V lednu \u0161kola byla dobudov\u00e1na tak, \u017ee bylo mo\u017eno um\u00edstiti t\u0159\u00eddy podle pl\u00e1nu a p\u0159evz\u00edti je\u0161t\u011b \u010dty\u0159i t\u0159\u00eddy ze ZD\u0160 Leninova, kter\u00e9 byly do\u010dasn\u011b um\u00edst\u011bny v U\u010dili\u0161ti Urxov\u00fdch z\u00e1vod\u016f.\u201c \/nyn\u00ed Integrovan\u00e1 st\u0159edn\u00ed \u0161kola\/ Pro n\u00e1s je zaj\u00edmav\u00e1 i dal\u0161\u00ed citace: \u201e\u0160kola je ji\u017e nyn\u00ed vybavena tak, \u017ee pat\u0159\u00ed k nejkr\u00e1sn\u011bj\u0161\u00edm v okrese a na n\u011bkter\u00fdch \u00fasec\u00edch je vzorem pro ostatn\u00ed. Vybavov\u00e1n\u00ed kabinet\u016f, d\u00edlen, odborn\u00fdch pracoven, knihovny, t\u011blocvi\u010den nad\u00e1le pokra\u010duje.\u201c<\/div>\n<div id=\"_mcePaste\">A tento stav p\u0159etrv\u00e1v\u00e1 dodnes. Nechceme z\u016fstat p\u011bkn\u00e9 \u0161kole a jej\u00edm \u017e\u00e1k\u016fm nic dlu\u017eni, proto ka\u017edoro\u010dn\u011b z\u00e1vod\u00edme s \u010dasem a z\u00e1pol\u00edme s financemi, abychom p\u0159ipravili n\u011bco nov\u00e9ho, vylep\u0161ili st\u00e1vaj\u00edc\u00ed a dokon\u010dili prob\u00edhaj\u00edc\u00ed \u00fapravy. Co je t\u0159eba je\u0161t\u011b \u0159\u00edci: Od 1. 1. 1993 je \u0161kola pr\u00e1vn\u00edm subjektem. Ve \u0161k. roce 1996\/96 se zm\u011bnil \u010d\u00e1ste\u010dn\u011b i jej\u00ed vzhled \u2013 byla zast\u0159e\u0161ena mimo\u0161koln\u00ed budova a od \u0161k. roku 1996\/97 je zde um\u00edst\u011bna c\u00edrkevn\u00ed z\u00e1kladn\u00ed \u0161kola Salv\u00e1tor. V are\u00e1lu \u0161koly byla v t\u00e9m\u017ee roce postavena soukrom\u00e1 zubn\u00ed ordinace a spojovac\u00ed \u201ekr\u010dek\u201c mezi pavilony, byla vybudov\u00e1na p\u0159\u00edjezdov\u00e1 cesta do atria \u0161koly. Dnes se \u0161kola m\u016f\u017ee pochlubit t\u0159emi navz\u00e1jem propojen\u00fdmi pavilony, st\u0159echami, kter\u00fdmi nezat\u00e9k\u00e1, p\u011bkn\u00fdm are\u00e1lem s parkovou \u00fapravou, sklen\u00edkem, t\u0159emi t\u011blocvi\u010dnami, funk\u010dn\u00ed posilovnou, nov\u00fdm v\u00edce\u00fa\u010delov\u00fdm venkovn\u00edm h\u0159i\u0161t\u011bm, p\u011bkn\u00fdmi \u2013 dob\u0159e vybaven\u00fdmi a udr\u017eovan\u00fdmi pracovnami fyziky, chemie, p\u0159\u00edrodopisu, v\u00fdtvarn\u00e9 v\u00fdchovy, cvi\u010dnou kuchyn\u00ed, jazykovou \u201esluch\u00e1tkovou\u201c u\u010debnou, po\u010d\u00edta\u010dovou u\u010debnou s mo\u017enost\u00ed p\u0159ipojen\u00ed k internetu, t\u0159emi odd\u011blen\u00edmi \u0161koln\u00ed dru\u017einy, \u0161koln\u00edm klubem, \u0161koln\u00ed \u201egaleri\u00ed v\u00fdtvarn\u00fdch prac\u00ed\u201c, p\u011bkn\u00fdm nov\u00fdm \u017e\u00e1kovsk\u00fdm n\u00e1bytkem, dostatkem didaktick\u00e9 techniky apod.<\/div>\n<div id=\"_mcePaste\">Ale to v\u0161e by bylo m\u00e1lo. Sna\u017e\u00edme se p\u0159edev\u0161\u00edm o to, aby se na \u0161kole d\u011bti c\u00edtily dob\u0159e, aby do n\u00ed chodily r\u00e1dy a abychom je pro dal\u0161\u00ed vzd\u011bl\u00e1v\u00e1n\u00ed p\u0159ipravili co nejl\u00e9pe. Vyu\u010dujeme podle vzd\u011bl\u00e1vac\u00edho programu \u201eZ\u00e1kladn\u00ed \u0161kola\u201c. D\u011btem je u\u017e od 1. t\u0159\u00eddy nab\u00eddnuta v\u00fduka anglick\u00e9ho a n\u011bmeck\u00e9ho jazyka nadstandardn\u00ed formou, mohou rozv\u00edjet sv\u016fj v\u00fdtvarn\u00fd talent v hodin\u00e1ch nepovinn\u00e9 v\u00fdtvarn\u00e9 v\u00fdchovy, mohou pracovat v recita\u010dn\u00edm krou\u017eku, v krou\u017eku informatiky, mohou se zapojit do opravdu \u0161irok\u00e9 nab\u00eddky sportovn\u00edch \u010dinnost\u00ed \/basketbal, florbal, atletika, ly\u017eov\u00e1n\u00ed, bruslen\u00ed, plav\u00e1n\u00ed, pohybov\u00e1 p\u0159\u00edprava, cvi\u010den\u00ed rodi\u010d\u016f s d\u011btmi atd.\/, kter\u00e9 nab\u00edz\u00ed \u0161kola i \u201eSportovn\u00ed klub ml\u00e1de\u017ee\u201c, kter\u00e9mu \u0161kola pronaj\u00edm\u00e1 prostory pro v\u0161estrann\u00e9 sportovn\u00ed aktivity. Sou\u010d\u00e1st\u00ed \u0161koly je \u0161koln\u00ed j\u00eddelna, kter\u00e1 va\u0159\u00ed pro p\u0159ibli\u017en\u011b 700 str\u00e1vn\u00edk\u016f. V\u00fddej ob\u011bd\u016f a registrace str\u00e1vn\u00edk\u016f prob\u00edh\u00e1 pomoc\u00ed \u010dipov\u00fdch karet. \u0160koln\u00ed dru\u017eina je um\u00edst\u011bna v mimo\u0161koln\u00edm pavilonu, kde je rovn\u011b\u017e \u017e\u00e1kovsk\u00e1 knihovna s \u010d\u00edt\u00e1rnou \/zde prob\u00edhaj\u00ed recita\u010dn\u00ed sout\u011b\u017ee a 1x t\u00fddn\u011b videoklub\/. \u00dasp\u011bchy na\u0161ich \u017e\u00e1k\u016f v olympi\u00e1d\u00e1ch, sout\u011b\u017e\u00edch, na turnaj\u00edch a z\u00e1vodech v okrese, regionu i v n\u00e1rodn\u00edch kolech n\u00e1m d\u011blaj\u00ed velkou radost a je pot\u011b\u0161iteln\u00e9, \u017ee je jich st\u00e1le v\u00edce. M\u00e1me radost z toho, \u017ee na\u0161i \u017e\u00e1ci jsou velmi \u00fasp\u011b\u0161n\u00ed p\u0159i p\u0159ij\u00edmac\u00edm \u0159\u00edzen\u00ed na st\u0159edn\u00ed \u0161koly a u\u010dili\u0161t\u011b, t\u011b\u0161\u00ed n\u00e1s, \u017ee i v leto\u0161n\u00edm roce jsme mohli otev\u0159\u00edt dv\u011b prvn\u00ed t\u0159\u00eddy.<\/div>\n<div id=\"_mcePaste\">I do budoucna si klademe za c\u00edl:<\/div>\n<div id=\"_mcePaste\">&#8211; udr\u017eet vysokou kvalitu v\u00fdchovn\u011b vzd\u011bl\u00e1vac\u00edho procesu,<\/div>\n<div id=\"_mcePaste\">&#8211; nab\u00eddnout d\u011btem co nejpest\u0159ej\u0161\u00ed vyu\u017eit\u00ed mimo\u0161koln\u00edho voln\u00e9ho \u010dasu,<\/div>\n<div id=\"_mcePaste\">&#8211; p\u0159ipravit v\u0161em ve \u0161kole p\u0159\u00edjemn\u00e9 prost\u0159ed\u00ed a dobrou pracovn\u00ed atmosf\u00e9ru.<\/div>\n<div id=\"_mcePaste\">D\u011bkujeme v\u0161em, kte\u0159\u00ed n\u00e1m sv\u011b\u0159uj\u00ed snad to nejcenn\u011bj\u0161\u00ed, co maj\u00ed \u2013 v\u00fdchovu a vzd\u011bl\u00e1v\u00e1n\u00ed sv\u00fdch d\u011bt\u00ed, d\u011bkujeme tak\u00e9 v\u0161em u\u010ditel\u016fm a zam\u011bstnanc\u016fm \u0161koly, kte\u0159\u00ed p\u0159isp\u011bli a p\u0159isp\u00edvaj\u00ed k dobr\u00e9mu jm\u00e9nu \u0161koly, kte\u0159\u00ed sv\u00e9 povol\u00e1n\u00ed vykon\u00e1vaj\u00ed s pochopen\u00edm, sv\u011bdomitost\u00ed a l\u00e1skou k d\u011btem.<\/div>\n<div><\/div>\n<div id=\"_mcePaste\">Mgr. Daniela Miklov\u00e1, \u0159editelka \u0161koly<\/div>\n","protected":false},"excerpt":{"rendered":"<p>V\u00e1\u017een\u00ed p\u0159\u00e1tel\u00e9! V\u00edt\u00e1m V\u00e1s na na\u0161ich internetov\u00fdch str\u00e1nk\u00e1ch a nab\u00edz\u00edm mal\u00e9 ohl\u00e9dnut\u00ed do minulosti, sou\u010dasnost a v\u00fdhledy do budoucna Z\u00e1kladn\u00ed \u0161koly Vala\u0161sk\u00e9 Mezi\u0159\u00ed\u010d\u00ed, Vyhl\u00eddka 380, okres Vset\u00edn. V historii \u0161koly byl zlomov\u00fdm rokem r. 1973, kdy ZD\u0160 Husova musela uvolnit <a href=\"https:\/\/www.zsvyhlidka.cz\/?page_id=94\" class=\"read-more\">Zobrazit v\u00edce&#8230;<\/a><\/p>\n","protected":false},"author":1,"featured_media":0,"parent":0,"menu_order":61,"comment_status":"closed","ping_status":"closed","template":"page-fullwidth.php","meta":[],"_links":{"self":[{"href":"https:\/\/www.zsvyhlidka.cz\/index.php?rest_route=\/wp\/v2\/pages\/94"}],"collection":[{"href":"https:\/\/www.zsvyhlidka.cz\/index.php?rest_route=\/wp\/v2\/pages"}],"about":[{"href":"https:\/\/www.zsvyhlidka.cz\/index.php?rest_route=\/wp\/v2\/types\/page"}],"author":[{"embeddable":true,"href":"https:\/\/www.zsvyhlidka.cz\/index.php?rest_route=\/wp\/v2\/users\/1"}],"replies":[{"embeddable":true,"href":"https:\/\/www.zsvyhlidka.cz\/index.php?rest_route=%2Fwp%2Fv2%2Fcomments&post=94"}],"version-history":[{"count":2,"href":"https:\/\/www.zsvyhlidka.cz\/index.php?rest_route=\/wp\/v2\/pages\/94\/revisions"}],"predecessor-version":[{"id":16130,"href":"https:\/\/www.zsvyhlidka.cz\/index.php?rest_route=\/wp\/v2\/pages\/94\/revisions\/16130"}],"wp:attachment":[{"href":"https:\/\/www.zsvyhlidka.cz\/index.php?rest_route=%2Fwp%2Fv2%2Fmedia&parent=94"}],"curies":[{"name":"wp","href":"https:\/\/api.w.org\/{rel}","templated":true}]}}